{"id":70295187,"date":"2019-09-05T15:02:24","date_gmt":"2019-09-05T13:02:24","guid":{"rendered":"http:\/\/abisagtuellmann.bpk-news.de\/atbild\/hausaufgabenbetreuung-in-einer-notunterkunft-fuer-sinti-und-roma-in-koeln-2\/"},"modified":"2019-09-05T15:02:45","modified_gmt":"2019-09-05T13:02:45","slug":"hausaufgabenbetreuung-in-einer-notunterkunft-fuer-sinti-und-roma-in-koeln-2","status":"publish","type":"product","link":"https:\/\/bpk-archive.de\/tuellmann\/produkt\/hausaufgabenbetreuung-in-einer-notunterkunft-fuer-sinti-und-roma-in-koeln-2\/","title":{"rendered":"Hausaufgabenbetreuung in einer Notunterkunft f\u00fcr Sinti und Roma in K\u00f6ln"},"content":{"rendered":"<p>R\u00fcckseitenbeschriftung von Hand der Fotografin: &#8222;Sozialarbeiterin bei Schulaufgabenhilfe&#8220;<\/p>\n","protected":false},"excerpt":{"rendered":"<p>R\u00fcckseitenbeschriftung von Hand der Fotografin: &#8222;Sozialarbeiterin bei Schulaufgabenhilfe&#8220;<\/p>\n","protected":false},"featured_media":70292983,"template":"","meta":[],"product_brand":[],"product_cat":[],"product_tag":[13230,13232,13234,13231,13233,13235,49668,13777,47541,47542,47543,47544,47545,47546,47547,47548,13954,49518,14318,50140,13784,13785,50141,13469,13470,49579,49580,13471,13472,49519,13960,13961,13962,13963,13964,13965,13473,49520,49521,49522,49523,49524,49525,49526,13293,13786,13787,13294,13295,13296,13297,47267,13487,13488,50143,50144,50145,50146,50147,50148,50149,50150,49528,49529,49530,49531,49532,50115,50116,49948,49949,49950,49951,49952,49953,49954,50151,13498,49581,14205,14206,14207,14213,50178,50117,50118,14218,14219,49582,49583,50153,50119,13310,47313,47314,47315,47316,47317,47318,13311,49816,47786,49544,49586,47449,47450,49588,14229,13328,13827,13828,13329,13330,13331,13332,47332,13829,13830,13831,13832,13833,13834,13835,13836,13837,13838,13839,13840,13841,13842,13843,47333,49545,49546,49547,49548,49549,49550,49551,49552,49553,49555,49556,13877,13879,50179,50180,50181,50182,50183,50120,50121,13865,13864,13866,13858,13859,13860,13861,13862,13863,13354,48160,48161,13869,13870,13871,13872,49557,49558,14243,14244,14245,14246,14247,14248,14249,50167,50168,50169,50170,50184,13878,13880,14250,14251,49561,49562,49563,49564,13525,50185,50186,50187,50188,50189,49569,49591,49592,50173,50174,49570],"class_list":{"0":"post-70295187","1":"product","2":"type-product","3":"status-publish","4":"has-post-thumbnail","6":"product_tag-1970er-jahre","7":"product_tag-20-jahrhundert-nach-chr","8":"product_tag-20-jh-n-chr","9":"product_tag-20-jahrhundert","10":"product_tag-20-jh","11":"product_tag-70er","12":"product_tag-abt_002","13":"product_tag-abzug","14":"product_tag-alltag","15":"product_tag-alltaeglich","16":"product_tag-alltaegliche","17":"product_tag-alltaeglicher","18":"product_tag-alltaegliches","19":"product_tag-alltagsleben","20":"product_tag-alltagsszene","21":"product_tag-alltagsszenen","22":"product_tag-arm-in-arm","23":"product_tag-at_sinti-roma","24":"product_tag-aussenseiter","25":"product_tag-betreuung","26":"product_tag-bildnis","27":"product_tag-bildnisse","28":"product_tag-bildung","29":"product_tag-brd","30":"product_tag-bundesrepublik-deutschland","31":"product_tag-coeln","32":"product_tag-coelner","33":"product_tag-deutschland","34":"product_tag-deutschlands","35":"product_tag-diskriminierung","36":"product_tag-doppelbildnis","37":"product_tag-doppelbildnisse","38":"product_tag-doppelportrait","39":"product_tag-doppelportraits","40":"product_tag-doppelportraet","41":"product_tag-doppelportraets","42":"product_tag-drinnen","43":"product_tag-ethnie","44":"product_tag-ethnien","45":"product_tag-ethnisch","46":"product_tag-ethnische","47":"product_tag-ethnischen","48":"product_tag-ethnischer","49":"product_tag-ethnisches","50":"product_tag-foto","51":"product_tag-fotoabzug","52":"product_tag-fotoabzuege","53":"product_tag-fotografie","54":"product_tag-fotografien","55":"product_tag-fotografin","56":"product_tag-fotografinnen","57":"product_tag-fotoreportage","58":"product_tag-frau","59":"product_tag-frauen","60":"product_tag-fuersorge","61":"product_tag-fuersorgeeinrichtung","62":"product_tag-fuersorgeeinrichtungen","63":"product_tag-fuersorglich","64":"product_tag-fuersorgliche","65":"product_tag-fuersorglichen","66":"product_tag-fuersorglicher","67":"product_tag-fuersorgliches","68":"product_tag-gesellschaftlich","69":"product_tag-gesellschaftliche","70":"product_tag-gesellschaftlichen","71":"product_tag-gesellschaftlicher","72":"product_tag-gesellschaftliches","73":"product_tag-hausaufgabe","74":"product_tag-hausaufgaben","75":"product_tag-helfen","76":"product_tag-helfend","77":"product_tag-helfende","78":"product_tag-helfenden","79":"product_tag-helfender","80":"product_tag-helfendes","81":"product_tag-hilfe","82":"product_tag-hilft","83":"product_tag-innen","84":"product_tag-integration","85":"product_tag-kind","86":"product_tag-kinde","87":"product_tag-kinder","88":"product_tag-kindern","89":"product_tag-kinderspielzeug","90":"product_tag-kinderstube","91":"product_tag-kinderzimmer","92":"product_tag-kindes","93":"product_tag-kindheit","94":"product_tag-koeln","95":"product_tag-koelner","96":"product_tag-konzentration","97":"product_tag-lernen","98":"product_tag-maedchen","99":"product_tag-maedchenbildnis","100":"product_tag-maedchenbildnisse","101":"product_tag-maedchenportrait","102":"product_tag-maedchenportraits","103":"product_tag-maedchenportraet","104":"product_tag-maedchenportraets","105":"product_tag-maedchens","106":"product_tag-migrant","107":"product_tag-migranten","108":"product_tag-minderheit","109":"product_tag-nordrhein-westfalen","110":"product_tag-notunterkunft","111":"product_tag-notunterkuenfte","112":"product_tag-nrw","113":"product_tag-obdach","114":"product_tag-photo","115":"product_tag-photoabzug","116":"product_tag-photoabzuege","117":"product_tag-photographie","118":"product_tag-photographien","119":"product_tag-photographin","120":"product_tag-photographinnen","121":"product_tag-photoreportage","122":"product_tag-portrait","123":"product_tag-portraitaufnahme","124":"product_tag-portraitfoto","125":"product_tag-portraitfotografie","126":"product_tag-portraitphoto","127":"product_tag-portraitphotographie","128":"product_tag-portraits","129":"product_tag-portraet","130":"product_tag-portraetaufnahme","131":"product_tag-portraetfoto","132":"product_tag-portraetfotografie","133":"product_tag-portraetphoto","134":"product_tag-portraetphotographie","135":"product_tag-portraets","136":"product_tag-print","137":"product_tag-reportage","138":"product_tag-rheinisch","139":"product_tag-rheinische","140":"product_tag-rheinischen","141":"product_tag-rheinischer","142":"product_tag-rheinisches","143":"product_tag-rheinland","144":"product_tag-rheinlande","145":"product_tag-rheinlanden","146":"product_tag-rheinlandes","147":"product_tag-rheinlands","148":"product_tag-roma","149":"product_tag-s-w-fotografie","150":"product_tag-s-w-photographie","151":"product_tag-schreibend","152":"product_tag-schreibende","153":"product_tag-schreibenden","154":"product_tag-schreibender","155":"product_tag-schreibendes","156":"product_tag-schulaufgabe","157":"product_tag-schulaufgaben","158":"product_tag-schwarzweissphotographie","159":"product_tag-schwarz-weiss-fotografie","160":"product_tag-schwarz-weiss-photographie","161":"product_tag-schwarzweiss","162":"product_tag-schwarzweisse","163":"product_tag-schwarzweissen","164":"product_tag-schwarzweisser","165":"product_tag-schwarzweisses","166":"product_tag-schwarzweissfotografie","167":"product_tag-siebziger","168":"product_tag-siedlung","169":"product_tag-siedlungen","170":"product_tag-silbergelatine","171":"product_tag-silbergelatineabzug","172":"product_tag-silbergelatineabzuege","173":"product_tag-silbergelatineprint","174":"product_tag-sinti","175":"product_tag-sinti-und-roma","176":"product_tag-sitzen","177":"product_tag-sitzend","178":"product_tag-sitzende","179":"product_tag-sitzenden","180":"product_tag-sitzender","181":"product_tag-sitzendes","182":"product_tag-sitzt","183":"product_tag-sozialarbeit","184":"product_tag-sozialarbeiter","185":"product_tag-sozialarbeiterin","186":"product_tag-sozialarbeiterinnen","187":"product_tag-spielzeug","188":"product_tag-sw-fotografie","189":"product_tag-sw-photographie","190":"product_tag-unterkunft","191":"product_tag-unterkuenfte","192":"product_tag-volksgruppe","193":"product_tag-volksgruppen","194":"product_tag-volksstamm","195":"product_tag-volksstaemme","196":"product_tag-von-innen","197":"product_tag-zentriert","198":"product_tag-zentrierte","199":"product_tag-zentrierten","200":"product_tag-zentrierter","201":"product_tag-zentriertes","202":"product_tag-zigeuner","203":"product_tag-zigeunerin","204":"product_tag-zigeunerinnen","205":"product_tag-zigeunerkind","206":"product_tag-zigeunerkinder","207":"product_tag-zigeunern","208":"pa_datierung-mai-1971","209":"pa_fotograf-abisag-tuellmann","210":"pa_geografischer_bezug-aufnahmeort-koeln-deutschland","211":"pa_grunddaten_material_technik-foto-silbergelatine-auf-barytpapier","212":"pa_inventarnummer-tue-71-066-17a","213":"pa_jahr_von-49516","214":"pa_massangaben-bildformat-foto-237-x-195-cm","215":"pa_mediennummer-50176","216":"pa_objekt_typ-fotografie","218":"first","219":"instock","220":"product-type-simple"},"yoast_head":"<!-- This site is optimized with the Yoast SEO plugin v27.4 - https:\/\/yoast.com\/product\/yoast-seo-wordpress\/ -->\n<title>Hausaufgabenbetreuung in einer Notunterkunft f\u00fcr Sinti und Roma in K\u00f6ln - Abisag T\u00fcllmann<\/title>\n<meta name=\"robots\" content=\"index, follow, max-snippet:-1, max-image-preview:large, max-video-preview:-1\" \/>\n<link rel=\"canonical\" href=\"https:\/\/bpk-archive.de\/tuellmann\/produkt\/hausaufgabenbetreuung-in-einer-notunterkunft-fuer-sinti-und-roma-in-koeln-2\/\" \/>\n<meta property=\"og:locale\" content=\"de_DE\" \/>\n<meta property=\"og:type\" content=\"article\" \/>\n<meta property=\"og:title\" content=\"Hausaufgabenbetreuung in einer Notunterkunft f\u00fcr Sinti und Roma in K\u00f6ln - Abisag T\u00fcllmann\" \/>\n<meta property=\"og:description\" content=\"R\u00fcckseitenbeschriftung von Hand der Fotografin: &#8222;Sozialarbeiterin bei Schulaufgabenhilfe&#8220;\" \/>\n<meta property=\"og:url\" content=\"https:\/\/bpk-archive.de\/tuellmann\/produkt\/hausaufgabenbetreuung-in-einer-notunterkunft-fuer-sinti-und-roma-in-koeln-2\/\" \/>\n<meta property=\"og:site_name\" content=\"Abisag T\u00fcllmann\" \/>\n<meta property=\"article:modified_time\" content=\"2019-09-05T13:02:45+00:00\" \/>\n<meta property=\"og:image\" content=\"https:\/\/bpk-archive.de\/tuellmann\/wp-content\/uploads\/2019\/08\/bpk_70275159.jpg\" \/>\n\t<meta property=\"og:image:width\" content=\"1200\" \/>\n\t<meta property=\"og:image:height\" content=\"978\" \/>\n\t<meta property=\"og:image:type\" content=\"image\/jpeg\" \/>\n<meta name=\"twitter:card\" content=\"summary_large_image\" \/>\n<script type=\"application\/ld+json\" class=\"yoast-schema-graph\">{\"@context\":\"https:\\\/\\\/schema.org\",\"@graph\":[{\"@type\":\"WebPage\",\"@id\":\"https:\\\/\\\/bpk-archive.de\\\/tuellmann\\\/produkt\\\/hausaufgabenbetreuung-in-einer-notunterkunft-fuer-sinti-und-roma-in-koeln-2\\\/\",\"url\":\"https:\\\/\\\/bpk-archive.de\\\/tuellmann\\\/produkt\\\/hausaufgabenbetreuung-in-einer-notunterkunft-fuer-sinti-und-roma-in-koeln-2\\\/\",\"name\":\"Hausaufgabenbetreuung in einer Notunterkunft f\u00fcr Sinti und Roma in K\u00f6ln - Abisag T\u00fcllmann\",\"isPartOf\":{\"@id\":\"https:\\\/\\\/bpk-archive.de\\\/tuellmann\\\/#website\"},\"primaryImageOfPage\":{\"@id\":\"https:\\\/\\\/bpk-archive.de\\\/tuellmann\\\/produkt\\\/hausaufgabenbetreuung-in-einer-notunterkunft-fuer-sinti-und-roma-in-koeln-2\\\/#primaryimage\"},\"image\":{\"@id\":\"https:\\\/\\\/bpk-archive.de\\\/tuellmann\\\/produkt\\\/hausaufgabenbetreuung-in-einer-notunterkunft-fuer-sinti-und-roma-in-koeln-2\\\/#primaryimage\"},\"thumbnailUrl\":\"https:\\\/\\\/bpk-archive.de\\\/tuellmann\\\/wp-content\\\/uploads\\\/2019\\\/08\\\/bpk_70275159.jpg\",\"datePublished\":\"2019-09-05T13:02:24+00:00\",\"dateModified\":\"2019-09-05T13:02:45+00:00\",\"breadcrumb\":{\"@id\":\"https:\\\/\\\/bpk-archive.de\\\/tuellmann\\\/produkt\\\/hausaufgabenbetreuung-in-einer-notunterkunft-fuer-sinti-und-roma-in-koeln-2\\\/#breadcrumb\"},\"inLanguage\":\"de\",\"potentialAction\":[{\"@type\":\"ReadAction\",\"target\":[\"https:\\\/\\\/bpk-archive.de\\\/tuellmann\\\/produkt\\\/hausaufgabenbetreuung-in-einer-notunterkunft-fuer-sinti-und-roma-in-koeln-2\\\/\"]}]},{\"@type\":\"ImageObject\",\"inLanguage\":\"de\",\"@id\":\"https:\\\/\\\/bpk-archive.de\\\/tuellmann\\\/produkt\\\/hausaufgabenbetreuung-in-einer-notunterkunft-fuer-sinti-und-roma-in-koeln-2\\\/#primaryimage\",\"url\":\"https:\\\/\\\/bpk-archive.de\\\/tuellmann\\\/wp-content\\\/uploads\\\/2019\\\/08\\\/bpk_70275159.jpg\",\"contentUrl\":\"https:\\\/\\\/bpk-archive.de\\\/tuellmann\\\/wp-content\\\/uploads\\\/2019\\\/08\\\/bpk_70275159.jpg\",\"width\":1200,\"height\":978,\"caption\":\"Hausaufgabenbetreuung in einer Notunterkunft f\u00fcr Sinti und Roma in K\u00f6ln\"},{\"@type\":\"BreadcrumbList\",\"@id\":\"https:\\\/\\\/bpk-archive.de\\\/tuellmann\\\/produkt\\\/hausaufgabenbetreuung-in-einer-notunterkunft-fuer-sinti-und-roma-in-koeln-2\\\/#breadcrumb\",\"itemListElement\":[{\"@type\":\"ListItem\",\"position\":1,\"name\":\"Startseite\",\"item\":\"https:\\\/\\\/bpk-archive.de\\\/tuellmann\\\/\"},{\"@type\":\"ListItem\",\"position\":2,\"name\":\"Shop\",\"item\":\"https:\\\/\\\/bpk-archive.de\\\/tuellmann\\\/shop\\\/\"},{\"@type\":\"ListItem\",\"position\":3,\"name\":\"Hausaufgabenbetreuung in einer Notunterkunft f\u00fcr Sinti und Roma in K\u00f6ln\"}]},{\"@type\":\"WebSite\",\"@id\":\"https:\\\/\\\/bpk-archive.de\\\/tuellmann\\\/#website\",\"url\":\"https:\\\/\\\/bpk-archive.de\\\/tuellmann\\\/\",\"name\":\"Abisag T\u00fcllmann\",\"description\":\"Eine weitere WordPress-Website\",\"potentialAction\":[{\"@type\":\"SearchAction\",\"target\":{\"@type\":\"EntryPoint\",\"urlTemplate\":\"https:\\\/\\\/bpk-archive.de\\\/tuellmann\\\/?s={search_term_string}\"},\"query-input\":{\"@type\":\"PropertyValueSpecification\",\"valueRequired\":true,\"valueName\":\"search_term_string\"}}],\"inLanguage\":\"de\"}]}<\/script>\n<!-- \/ Yoast SEO plugin. -->","yoast_head_json":{"title":"Hausaufgabenbetreuung in einer Notunterkunft f\u00fcr Sinti und Roma in K\u00f6ln - Abisag T\u00fcllmann","robots":{"index":"index","follow":"follow","max-snippet":"max-snippet:-1","max-image-preview":"max-image-preview:large","max-video-preview":"max-video-preview:-1"},"canonical":"https:\/\/bpk-archive.de\/tuellmann\/produkt\/hausaufgabenbetreuung-in-einer-notunterkunft-fuer-sinti-und-roma-in-koeln-2\/","og_locale":"de_DE","og_type":"article","og_title":"Hausaufgabenbetreuung in einer Notunterkunft f\u00fcr Sinti und Roma in K\u00f6ln - Abisag T\u00fcllmann","og_description":"R\u00fcckseitenbeschriftung von Hand der Fotografin: &#8222;Sozialarbeiterin bei Schulaufgabenhilfe&#8220;","og_url":"https:\/\/bpk-archive.de\/tuellmann\/produkt\/hausaufgabenbetreuung-in-einer-notunterkunft-fuer-sinti-und-roma-in-koeln-2\/","og_site_name":"Abisag T\u00fcllmann","article_modified_time":"2019-09-05T13:02:45+00:00","og_image":[{"width":1200,"height":978,"url":"https:\/\/bpk-archive.de\/tuellmann\/wp-content\/uploads\/2019\/08\/bpk_70275159.jpg","type":"image\/jpeg"}],"twitter_card":"summary_large_image","schema":{"@context":"https:\/\/schema.org","@graph":[{"@type":"WebPage","@id":"https:\/\/bpk-archive.de\/tuellmann\/produkt\/hausaufgabenbetreuung-in-einer-notunterkunft-fuer-sinti-und-roma-in-koeln-2\/","url":"https:\/\/bpk-archive.de\/tuellmann\/produkt\/hausaufgabenbetreuung-in-einer-notunterkunft-fuer-sinti-und-roma-in-koeln-2\/","name":"Hausaufgabenbetreuung in einer Notunterkunft f\u00fcr Sinti und Roma in K\u00f6ln - Abisag T\u00fcllmann","isPartOf":{"@id":"https:\/\/bpk-archive.de\/tuellmann\/#website"},"primaryImageOfPage":{"@id":"https:\/\/bpk-archive.de\/tuellmann\/produkt\/hausaufgabenbetreuung-in-einer-notunterkunft-fuer-sinti-und-roma-in-koeln-2\/#primaryimage"},"image":{"@id":"https:\/\/bpk-archive.de\/tuellmann\/produkt\/hausaufgabenbetreuung-in-einer-notunterkunft-fuer-sinti-und-roma-in-koeln-2\/#primaryimage"},"thumbnailUrl":"https:\/\/bpk-archive.de\/tuellmann\/wp-content\/uploads\/2019\/08\/bpk_70275159.jpg","datePublished":"2019-09-05T13:02:24+00:00","dateModified":"2019-09-05T13:02:45+00:00","breadcrumb":{"@id":"https:\/\/bpk-archive.de\/tuellmann\/produkt\/hausaufgabenbetreuung-in-einer-notunterkunft-fuer-sinti-und-roma-in-koeln-2\/#breadcrumb"},"inLanguage":"de","potentialAction":[{"@type":"ReadAction","target":["https:\/\/bpk-archive.de\/tuellmann\/produkt\/hausaufgabenbetreuung-in-einer-notunterkunft-fuer-sinti-und-roma-in-koeln-2\/"]}]},{"@type":"ImageObject","inLanguage":"de","@id":"https:\/\/bpk-archive.de\/tuellmann\/produkt\/hausaufgabenbetreuung-in-einer-notunterkunft-fuer-sinti-und-roma-in-koeln-2\/#primaryimage","url":"https:\/\/bpk-archive.de\/tuellmann\/wp-content\/uploads\/2019\/08\/bpk_70275159.jpg","contentUrl":"https:\/\/bpk-archive.de\/tuellmann\/wp-content\/uploads\/2019\/08\/bpk_70275159.jpg","width":1200,"height":978,"caption":"Hausaufgabenbetreuung in einer Notunterkunft f\u00fcr Sinti und Roma in K\u00f6ln"},{"@type":"BreadcrumbList","@id":"https:\/\/bpk-archive.de\/tuellmann\/produkt\/hausaufgabenbetreuung-in-einer-notunterkunft-fuer-sinti-und-roma-in-koeln-2\/#breadcrumb","itemListElement":[{"@type":"ListItem","position":1,"name":"Startseite","item":"https:\/\/bpk-archive.de\/tuellmann\/"},{"@type":"ListItem","position":2,"name":"Shop","item":"https:\/\/bpk-archive.de\/tuellmann\/shop\/"},{"@type":"ListItem","position":3,"name":"Hausaufgabenbetreuung in einer Notunterkunft f\u00fcr Sinti und Roma in K\u00f6ln"}]},{"@type":"WebSite","@id":"https:\/\/bpk-archive.de\/tuellmann\/#website","url":"https:\/\/bpk-archive.de\/tuellmann\/","name":"Abisag T\u00fcllmann","description":"Eine weitere WordPress-Website","potentialAction":[{"@type":"SearchAction","target":{"@type":"EntryPoint","urlTemplate":"https:\/\/bpk-archive.de\/tuellmann\/?s={search_term_string}"},"query-input":{"@type":"PropertyValueSpecification","valueRequired":true,"valueName":"search_term_string"}}],"inLanguage":"de"}]}},"_links":{"self":[{"href":"https:\/\/bpk-archive.de\/tuellmann\/wp-json\/wp\/v2\/product\/70295187","targetHints":{"allow":["GET"]}}],"collection":[{"href":"https:\/\/bpk-archive.de\/tuellmann\/wp-json\/wp\/v2\/product"}],"about":[{"href":"https:\/\/bpk-archive.de\/tuellmann\/wp-json\/wp\/v2\/types\/product"}],"wp:featuredmedia":[{"embeddable":true,"href":"https:\/\/bpk-archive.de\/tuellmann\/wp-json\/wp\/v2\/media\/70292983"}],"wp:attachment":[{"href":"https:\/\/bpk-archive.de\/tuellmann\/wp-json\/wp\/v2\/media?parent=70295187"}],"wp:term":[{"taxonomy":"product_brand","embeddable":true,"href":"https:\/\/bpk-archive.de\/tuellmann\/wp-json\/wp\/v2\/product_brand?post=70295187"},{"taxonomy":"product_cat","embeddable":true,"href":"https:\/\/bpk-archive.de\/tuellmann\/wp-json\/wp\/v2\/product_cat?post=70295187"},{"taxonomy":"product_tag","embeddable":true,"href":"https:\/\/bpk-archive.de\/tuellmann\/wp-json\/wp\/v2\/product_tag?post=70295187"}],"curies":[{"name":"wp","href":"https:\/\/api.w.org\/{rel}","templated":true}]}}