{"id":70295170,"date":"2019-09-05T15:01:59","date_gmt":"2019-09-05T13:01:59","guid":{"rendered":"http:\/\/abisagtuellmann.bpk-news.de\/atbild\/frau-pawlowski-mit-ihren-kindern-claudia-und-michael-2\/"},"modified":"2019-09-05T15:02:22","modified_gmt":"2019-09-05T13:02:22","slug":"frau-pawlowski-mit-ihren-kindern-claudia-und-michael-2","status":"publish","type":"product","link":"https:\/\/bpk-archive.de\/tuellmann\/produkt\/frau-pawlowski-mit-ihren-kindern-claudia-und-michael-2\/","title":{"rendered":"Frau Pawlowski mit ihren Kindern Claudia und Michael"},"content":{"rendered":"<p>Aus der Serie &#8222;Geschiedene Frauen&#8220; f\u00fcr die Zeitschrift &#8222;Brigitte&#8220; R\u00fcckseitenbeschriftung von anderer Hand: &#8222;Frau Pawlowski mit Kindern Michael und Claudia (M\u00fcnchen) (Serie: Geschiedene Frauen); Frauen und Kinder&#8220;<\/p>\n","protected":false},"excerpt":{"rendered":"<p>Aus der Serie &#8222;Geschiedene Frauen&#8220; f\u00fcr die Zeitschrift &#8222;Brigitte&#8220; R\u00fcckseitenbeschriftung von anderer Hand: &#8222;Frau Pawlowski mit Kindern Michael und Claudia (M\u00fcnchen) (Serie: Geschiedene Frauen); Frauen und Kinder&#8220;<\/p>\n","protected":false},"featured_media":70293024,"template":"","meta":[],"product_brand":[],"product_cat":[],"product_tag":[13230,13232,49666,13234,49667,13231,13233,13235,49668,13777,49669,49670,49671,49672,49673,49674,13250,49870,49871,49872,49873,49874,49875,49876,49877,49878,49879,49880,49881,49882,49883,13784,13785,49676,13469,14178,14179,13470,48645,48646,13958,13959,13253,13254,13255,13256,13257,13471,13472,13260,49677,49678,49679,49680,49681,49682,49683,49919,49920,49921,49922,49947,49923,47425,47426,13293,13786,13787,13294,13295,13296,13297,47267,49684,13487,13488,13974,13975,13976,13977,13978,49502,49503,49685,49686,48647,48648,48649,48650,49687,49688,49689,49690,49691,14327,49948,49949,49950,49951,49952,49953,49954,13301,13813,13814,14203,14204,14205,14206,14207,49695,49926,49927,49928,49929,14213,49930,49931,49932,49933,14218,14219,14220,14221,47285,47286,47287,47288,47289,47290,47291,47292,47293,47294,13310,13311,49890,49891,49892,49893,47394,49865,49866,49706,13328,13827,13828,13329,13330,13331,13332,47332,13829,13830,13831,13832,13833,13834,13835,13836,13837,13838,13839,13840,13841,13842,13843,48363,49710,49955,47333,47334,47335,47336,47337,13877,13879,49711,49956,49957,13865,13864,13866,13858,13859,13860,13861,13862,13863,49718,49719,13354,13869,13870,13871,13872,47659,47660,47661,47662,13519,13520,13521,13522,13523,13524,48165,48166,49722,49723,49724,49725,49726,49727,49728,13878,13880,47410,47411,49729,48682,48683],"class_list":{"0":"post-70295170","1":"product","2":"type-product","3":"status-publish","4":"has-post-thumbnail","6":"product_tag-1970er-jahre","7":"product_tag-20-jahrhundert-nach-chr","8":"product_tag-20-jahrhundert-vor-chr","9":"product_tag-20-jh-n-chr","10":"product_tag-20-jh-v-chr","11":"product_tag-20-jahrhundert","12":"product_tag-20-jh","13":"product_tag-70er","14":"product_tag-abt_002","15":"product_tag-abzug","16":"product_tag-alleinerziehend","17":"product_tag-alleinerziehende","18":"product_tag-alleinerziehenden","19":"product_tag-alleinerziehender","20":"product_tag-at_geschiedene-frauen","21":"product_tag-auftragsarbeit","22":"product_tag-aussen","23":"product_tag-bairisch","24":"product_tag-bayerisch","25":"product_tag-bayerische","26":"product_tag-bayerischem","27":"product_tag-bayerischen","28":"product_tag-bayerischer","29":"product_tag-bayerisches","30":"product_tag-bayern","31":"product_tag-bayerns","32":"product_tag-bayrisch","33":"product_tag-bayrische","34":"product_tag-bayrischem","35":"product_tag-bayrischen","36":"product_tag-bayrisches","37":"product_tag-bildnis","38":"product_tag-bildnisse","39":"product_tag-bildstrecke","40":"product_tag-brd","41":"product_tag-bube","42":"product_tag-buben","43":"product_tag-bundesrepublik-deutschland","44":"product_tag-buergersteig","45":"product_tag-buergersteige","46":"product_tag-damenportraet","47":"product_tag-damenportraets","48":"product_tag-deutsch","49":"product_tag-deutsche","50":"product_tag-deutschen","51":"product_tag-deutscher","52":"product_tag-deutsches","53":"product_tag-deutschland","54":"product_tag-deutschlands","55":"product_tag-draussen","56":"product_tag-ehescheidung","57":"product_tag-emanzipation","58":"product_tag-emanzipiert","59":"product_tag-emanzipierte","60":"product_tag-emanzipierten","61":"product_tag-emanzipierter","62":"product_tag-emanzipiertes","63":"product_tag-fahrrad","64":"product_tag-fahrraeder","65":"product_tag-fahrraedern","66":"product_tag-fahrrades","67":"product_tag-fahrradfahren","68":"product_tag-fahrrads","69":"product_tag-familie","70":"product_tag-familien","71":"product_tag-foto","72":"product_tag-fotoabzug","73":"product_tag-fotoabzuege","74":"product_tag-fotografie","75":"product_tag-fotografien","76":"product_tag-fotografin","77":"product_tag-fotografinnen","78":"product_tag-fotoreportage","79":"product_tag-fotoserie","80":"product_tag-frau","81":"product_tag-frauen","82":"product_tag-frauenbildnis","83":"product_tag-frauenportrait","84":"product_tag-frauenportraits","85":"product_tag-frauenportraet","86":"product_tag-frauenportraets","87":"product_tag-frauenrolle","88":"product_tag-frauenrollen","89":"product_tag-frauenzeitschrift","90":"product_tag-frauenzeitschriften","91":"product_tag-gehsteig","92":"product_tag-gehsteige","93":"product_tag-gehweg","94":"product_tag-gehwege","95":"product_tag-geschieden","96":"product_tag-geschiedene","97":"product_tag-geschiedenem","98":"product_tag-geschiedenen","99":"product_tag-geschiedener","100":"product_tag-gesellschaft","101":"product_tag-helfen","102":"product_tag-helfend","103":"product_tag-helfende","104":"product_tag-helfenden","105":"product_tag-helfender","106":"product_tag-helfendes","107":"product_tag-hilfe","108":"product_tag-im-freien","109":"product_tag-junge","110":"product_tag-jungen","111":"product_tag-jungens","112":"product_tag-jungs","113":"product_tag-kind","114":"product_tag-kinde","115":"product_tag-kinder","116":"product_tag-kindererziehung","117":"product_tag-kinderfahrrad","118":"product_tag-kinderfahrraeder","119":"product_tag-kinderfahrrades","120":"product_tag-kinderfahrrads","121":"product_tag-kindern","122":"product_tag-kinderrad","123":"product_tag-kinderraeder","124":"product_tag-kinderrades","125":"product_tag-kinderrads","126":"product_tag-kindes","127":"product_tag-kindheit","128":"product_tag-knabe","129":"product_tag-knaben","130":"product_tag-knieen","131":"product_tag-knieend","132":"product_tag-knieende","133":"product_tag-knieender","134":"product_tag-knieendes","135":"product_tag-knien","136":"product_tag-kniend","137":"product_tag-kniende","138":"product_tag-kniender","139":"product_tag-kniendes","140":"product_tag-maedchen","141":"product_tag-maedchens","142":"product_tag-muenchen","143":"product_tag-muenchener","144":"product_tag-muenchens","145":"product_tag-muenchner","146":"product_tag-mutter","147":"product_tag-muetterlichkeit","148":"product_tag-mutterliebe","149":"product_tag-mutterschaft","150":"product_tag-photo","151":"product_tag-photoabzug","152":"product_tag-photoabzuege","153":"product_tag-photographie","154":"product_tag-photographien","155":"product_tag-photographin","156":"product_tag-photographinnen","157":"product_tag-photoreportage","158":"product_tag-portrait","159":"product_tag-portraitaufnahme","160":"product_tag-portraitfoto","161":"product_tag-portraitfotografie","162":"product_tag-portraitphoto","163":"product_tag-portraitphotographie","164":"product_tag-portraits","165":"product_tag-portraet","166":"product_tag-portraetaufnahme","167":"product_tag-portraetfoto","168":"product_tag-portraetfotografie","169":"product_tag-portraetphoto","170":"product_tag-portraetphotographie","171":"product_tag-portraets","172":"product_tag-print","173":"product_tag-publikation","174":"product_tag-publiziert","175":"product_tag-radfahren","176":"product_tag-reportage","177":"product_tag-reportagefoto","178":"product_tag-reportagefotografie","179":"product_tag-reportagephoto","180":"product_tag-reportagephotographie","181":"product_tag-s-w-fotografie","182":"product_tag-s-w-photographie","183":"product_tag-scheidung","184":"product_tag-schuh","185":"product_tag-schuhe","186":"product_tag-schwarzweissphotographie","187":"product_tag-schwarz-weiss-fotografie","188":"product_tag-schwarz-weiss-photographie","189":"product_tag-schwarzweiss","190":"product_tag-schwarzweisse","191":"product_tag-schwarzweissen","192":"product_tag-schwarzweisser","193":"product_tag-schwarzweisses","194":"product_tag-schwarzweissfotografie","195":"product_tag-serie","196":"product_tag-serien","197":"product_tag-siebziger","198":"product_tag-silbergelatine","199":"product_tag-silbergelatineabzug","200":"product_tag-silbergelatineabzuege","201":"product_tag-silbergelatineprint","202":"product_tag-sohn","203":"product_tag-soehne","204":"product_tag-soehnen","205":"product_tag-sohnes","206":"product_tag-stehen","207":"product_tag-stehend","208":"product_tag-stehende","209":"product_tag-stehenden","210":"product_tag-stehender","211":"product_tag-stehendes","212":"product_tag-strasse","213":"product_tag-strassen","214":"product_tag-sueddeutsch","215":"product_tag-sueddeutsche","216":"product_tag-sueddeutschen","217":"product_tag-sueddeutscher","218":"product_tag-sueddeutsches","219":"product_tag-sueddeutschland","220":"product_tag-sueddeutschlands","221":"product_tag-sw-fotografie","222":"product_tag-sw-photographie","223":"product_tag-tochter","224":"product_tag-toechtern","225":"product_tag-trennung","226":"product_tag-trottoir","227":"product_tag-trottoirs","228":"pa_datierung-juli-1977","229":"pa_fotograf-abisag-tuellmann","230":"pa_geografischer_bezug-aufnahmeort-muenchen-deutschland","231":"pa_grunddaten_material_technik-foto-silbergelatine-auf-barytpapier","232":"pa_inventarnummer-tue-77-263-13a","233":"pa_jahr_von-49467","234":"pa_massangaben-bildformat-foto-233-x-303-cm","235":"pa_mediennummer-49944","236":"pa_objekt_typ-fotografie","238":"first","239":"instock","240":"product-type-simple"},"yoast_head":"<!-- This site is optimized with the Yoast SEO plugin v27.3 - https:\/\/yoast.com\/product\/yoast-seo-wordpress\/ -->\n<title>Frau Pawlowski mit ihren Kindern Claudia und Michael - Abisag T\u00fcllmann<\/title>\n<meta name=\"robots\" content=\"index, follow, max-snippet:-1, max-image-preview:large, max-video-preview:-1\" \/>\n<link rel=\"canonical\" href=\"https:\/\/bpk-archive.de\/tuellmann\/produkt\/frau-pawlowski-mit-ihren-kindern-claudia-und-michael-2\/\" \/>\n<meta property=\"og:locale\" content=\"de_DE\" \/>\n<meta property=\"og:type\" content=\"article\" \/>\n<meta property=\"og:title\" content=\"Frau Pawlowski mit ihren Kindern Claudia und Michael - Abisag T\u00fcllmann\" \/>\n<meta property=\"og:description\" content=\"Aus der Serie &#8222;Geschiedene Frauen&#8220; f\u00fcr die Zeitschrift &#8222;Brigitte&#8220; R\u00fcckseitenbeschriftung von anderer Hand: &#8222;Frau Pawlowski mit Kindern Michael und Claudia (M\u00fcnchen) (Serie: Geschiedene Frauen); Frauen und Kinder&#8220;\" \/>\n<meta property=\"og:url\" content=\"https:\/\/bpk-archive.de\/tuellmann\/produkt\/frau-pawlowski-mit-ihren-kindern-claudia-und-michael-2\/\" \/>\n<meta property=\"og:site_name\" content=\"Abisag T\u00fcllmann\" \/>\n<meta property=\"article:modified_time\" content=\"2019-09-05T13:02:22+00:00\" \/>\n<meta property=\"og:image\" content=\"https:\/\/bpk-archive.de\/tuellmann\/wp-content\/uploads\/2019\/08\/bpk_70278935.jpg\" \/>\n\t<meta property=\"og:image:width\" content=\"1200\" \/>\n\t<meta property=\"og:image:height\" content=\"937\" \/>\n\t<meta property=\"og:image:type\" content=\"image\/jpeg\" \/>\n<meta name=\"twitter:card\" content=\"summary_large_image\" \/>\n<script type=\"application\/ld+json\" class=\"yoast-schema-graph\">{\"@context\":\"https:\\\/\\\/schema.org\",\"@graph\":[{\"@type\":\"WebPage\",\"@id\":\"https:\\\/\\\/bpk-archive.de\\\/tuellmann\\\/produkt\\\/frau-pawlowski-mit-ihren-kindern-claudia-und-michael-2\\\/\",\"url\":\"https:\\\/\\\/bpk-archive.de\\\/tuellmann\\\/produkt\\\/frau-pawlowski-mit-ihren-kindern-claudia-und-michael-2\\\/\",\"name\":\"Frau Pawlowski mit ihren Kindern Claudia und Michael - Abisag T\u00fcllmann\",\"isPartOf\":{\"@id\":\"https:\\\/\\\/bpk-archive.de\\\/tuellmann\\\/#website\"},\"primaryImageOfPage\":{\"@id\":\"https:\\\/\\\/bpk-archive.de\\\/tuellmann\\\/produkt\\\/frau-pawlowski-mit-ihren-kindern-claudia-und-michael-2\\\/#primaryimage\"},\"image\":{\"@id\":\"https:\\\/\\\/bpk-archive.de\\\/tuellmann\\\/produkt\\\/frau-pawlowski-mit-ihren-kindern-claudia-und-michael-2\\\/#primaryimage\"},\"thumbnailUrl\":\"https:\\\/\\\/bpk-archive.de\\\/tuellmann\\\/wp-content\\\/uploads\\\/2019\\\/08\\\/bpk_70278935.jpg\",\"datePublished\":\"2019-09-05T13:01:59+00:00\",\"dateModified\":\"2019-09-05T13:02:22+00:00\",\"breadcrumb\":{\"@id\":\"https:\\\/\\\/bpk-archive.de\\\/tuellmann\\\/produkt\\\/frau-pawlowski-mit-ihren-kindern-claudia-und-michael-2\\\/#breadcrumb\"},\"inLanguage\":\"de\",\"potentialAction\":[{\"@type\":\"ReadAction\",\"target\":[\"https:\\\/\\\/bpk-archive.de\\\/tuellmann\\\/produkt\\\/frau-pawlowski-mit-ihren-kindern-claudia-und-michael-2\\\/\"]}]},{\"@type\":\"ImageObject\",\"inLanguage\":\"de\",\"@id\":\"https:\\\/\\\/bpk-archive.de\\\/tuellmann\\\/produkt\\\/frau-pawlowski-mit-ihren-kindern-claudia-und-michael-2\\\/#primaryimage\",\"url\":\"https:\\\/\\\/bpk-archive.de\\\/tuellmann\\\/wp-content\\\/uploads\\\/2019\\\/08\\\/bpk_70278935.jpg\",\"contentUrl\":\"https:\\\/\\\/bpk-archive.de\\\/tuellmann\\\/wp-content\\\/uploads\\\/2019\\\/08\\\/bpk_70278935.jpg\",\"width\":1200,\"height\":937,\"caption\":\"Frau Pawlowski mit ihren Kindern Claudia und Michael\"},{\"@type\":\"BreadcrumbList\",\"@id\":\"https:\\\/\\\/bpk-archive.de\\\/tuellmann\\\/produkt\\\/frau-pawlowski-mit-ihren-kindern-claudia-und-michael-2\\\/#breadcrumb\",\"itemListElement\":[{\"@type\":\"ListItem\",\"position\":1,\"name\":\"Startseite\",\"item\":\"https:\\\/\\\/bpk-archive.de\\\/tuellmann\\\/\"},{\"@type\":\"ListItem\",\"position\":2,\"name\":\"Shop\",\"item\":\"https:\\\/\\\/bpk-archive.de\\\/tuellmann\\\/shop\\\/\"},{\"@type\":\"ListItem\",\"position\":3,\"name\":\"Frau Pawlowski mit ihren Kindern Claudia und Michael\"}]},{\"@type\":\"WebSite\",\"@id\":\"https:\\\/\\\/bpk-archive.de\\\/tuellmann\\\/#website\",\"url\":\"https:\\\/\\\/bpk-archive.de\\\/tuellmann\\\/\",\"name\":\"Abisag T\u00fcllmann\",\"description\":\"Eine weitere WordPress-Website\",\"potentialAction\":[{\"@type\":\"SearchAction\",\"target\":{\"@type\":\"EntryPoint\",\"urlTemplate\":\"https:\\\/\\\/bpk-archive.de\\\/tuellmann\\\/?s={search_term_string}\"},\"query-input\":{\"@type\":\"PropertyValueSpecification\",\"valueRequired\":true,\"valueName\":\"search_term_string\"}}],\"inLanguage\":\"de\"}]}<\/script>\n<!-- \/ Yoast SEO plugin. -->","yoast_head_json":{"title":"Frau Pawlowski mit ihren Kindern Claudia und Michael - Abisag T\u00fcllmann","robots":{"index":"index","follow":"follow","max-snippet":"max-snippet:-1","max-image-preview":"max-image-preview:large","max-video-preview":"max-video-preview:-1"},"canonical":"https:\/\/bpk-archive.de\/tuellmann\/produkt\/frau-pawlowski-mit-ihren-kindern-claudia-und-michael-2\/","og_locale":"de_DE","og_type":"article","og_title":"Frau Pawlowski mit ihren Kindern Claudia und Michael - Abisag T\u00fcllmann","og_description":"Aus der Serie &#8222;Geschiedene Frauen&#8220; f\u00fcr die Zeitschrift &#8222;Brigitte&#8220; R\u00fcckseitenbeschriftung von anderer Hand: &#8222;Frau Pawlowski mit Kindern Michael und Claudia (M\u00fcnchen) (Serie: Geschiedene Frauen); Frauen und Kinder&#8220;","og_url":"https:\/\/bpk-archive.de\/tuellmann\/produkt\/frau-pawlowski-mit-ihren-kindern-claudia-und-michael-2\/","og_site_name":"Abisag T\u00fcllmann","article_modified_time":"2019-09-05T13:02:22+00:00","og_image":[{"width":1200,"height":937,"url":"https:\/\/bpk-archive.de\/tuellmann\/wp-content\/uploads\/2019\/08\/bpk_70278935.jpg","type":"image\/jpeg"}],"twitter_card":"summary_large_image","schema":{"@context":"https:\/\/schema.org","@graph":[{"@type":"WebPage","@id":"https:\/\/bpk-archive.de\/tuellmann\/produkt\/frau-pawlowski-mit-ihren-kindern-claudia-und-michael-2\/","url":"https:\/\/bpk-archive.de\/tuellmann\/produkt\/frau-pawlowski-mit-ihren-kindern-claudia-und-michael-2\/","name":"Frau Pawlowski mit ihren Kindern Claudia und Michael - Abisag T\u00fcllmann","isPartOf":{"@id":"https:\/\/bpk-archive.de\/tuellmann\/#website"},"primaryImageOfPage":{"@id":"https:\/\/bpk-archive.de\/tuellmann\/produkt\/frau-pawlowski-mit-ihren-kindern-claudia-und-michael-2\/#primaryimage"},"image":{"@id":"https:\/\/bpk-archive.de\/tuellmann\/produkt\/frau-pawlowski-mit-ihren-kindern-claudia-und-michael-2\/#primaryimage"},"thumbnailUrl":"https:\/\/bpk-archive.de\/tuellmann\/wp-content\/uploads\/2019\/08\/bpk_70278935.jpg","datePublished":"2019-09-05T13:01:59+00:00","dateModified":"2019-09-05T13:02:22+00:00","breadcrumb":{"@id":"https:\/\/bpk-archive.de\/tuellmann\/produkt\/frau-pawlowski-mit-ihren-kindern-claudia-und-michael-2\/#breadcrumb"},"inLanguage":"de","potentialAction":[{"@type":"ReadAction","target":["https:\/\/bpk-archive.de\/tuellmann\/produkt\/frau-pawlowski-mit-ihren-kindern-claudia-und-michael-2\/"]}]},{"@type":"ImageObject","inLanguage":"de","@id":"https:\/\/bpk-archive.de\/tuellmann\/produkt\/frau-pawlowski-mit-ihren-kindern-claudia-und-michael-2\/#primaryimage","url":"https:\/\/bpk-archive.de\/tuellmann\/wp-content\/uploads\/2019\/08\/bpk_70278935.jpg","contentUrl":"https:\/\/bpk-archive.de\/tuellmann\/wp-content\/uploads\/2019\/08\/bpk_70278935.jpg","width":1200,"height":937,"caption":"Frau Pawlowski mit ihren Kindern Claudia und Michael"},{"@type":"BreadcrumbList","@id":"https:\/\/bpk-archive.de\/tuellmann\/produkt\/frau-pawlowski-mit-ihren-kindern-claudia-und-michael-2\/#breadcrumb","itemListElement":[{"@type":"ListItem","position":1,"name":"Startseite","item":"https:\/\/bpk-archive.de\/tuellmann\/"},{"@type":"ListItem","position":2,"name":"Shop","item":"https:\/\/bpk-archive.de\/tuellmann\/shop\/"},{"@type":"ListItem","position":3,"name":"Frau Pawlowski mit ihren Kindern Claudia und Michael"}]},{"@type":"WebSite","@id":"https:\/\/bpk-archive.de\/tuellmann\/#website","url":"https:\/\/bpk-archive.de\/tuellmann\/","name":"Abisag T\u00fcllmann","description":"Eine weitere WordPress-Website","potentialAction":[{"@type":"SearchAction","target":{"@type":"EntryPoint","urlTemplate":"https:\/\/bpk-archive.de\/tuellmann\/?s={search_term_string}"},"query-input":{"@type":"PropertyValueSpecification","valueRequired":true,"valueName":"search_term_string"}}],"inLanguage":"de"}]}},"_links":{"self":[{"href":"https:\/\/bpk-archive.de\/tuellmann\/wp-json\/wp\/v2\/product\/70295170","targetHints":{"allow":["GET"]}}],"collection":[{"href":"https:\/\/bpk-archive.de\/tuellmann\/wp-json\/wp\/v2\/product"}],"about":[{"href":"https:\/\/bpk-archive.de\/tuellmann\/wp-json\/wp\/v2\/types\/product"}],"wp:featuredmedia":[{"embeddable":true,"href":"https:\/\/bpk-archive.de\/tuellmann\/wp-json\/wp\/v2\/media\/70293024"}],"wp:attachment":[{"href":"https:\/\/bpk-archive.de\/tuellmann\/wp-json\/wp\/v2\/media?parent=70295170"}],"wp:term":[{"taxonomy":"product_brand","embeddable":true,"href":"https:\/\/bpk-archive.de\/tuellmann\/wp-json\/wp\/v2\/product_brand?post=70295170"},{"taxonomy":"product_cat","embeddable":true,"href":"https:\/\/bpk-archive.de\/tuellmann\/wp-json\/wp\/v2\/product_cat?post=70295170"},{"taxonomy":"product_tag","embeddable":true,"href":"https:\/\/bpk-archive.de\/tuellmann\/wp-json\/wp\/v2\/product_tag?post=70295170"}],"curies":[{"name":"wp","href":"https:\/\/api.w.org\/{rel}","templated":true}]}}