{"id":70295163,"date":"2019-09-05T15:01:59","date_gmt":"2019-09-05T13:01:59","guid":{"rendered":"http:\/\/abisagtuellmann.bpk-news.de\/atbild\/zwei-kleine-jungen\/"},"modified":"2019-09-05T15:02:14","modified_gmt":"2019-09-05T13:02:14","slug":"zwei-kleine-jungen","status":"publish","type":"product","link":"https:\/\/bpk-archive.de\/tuellmann\/produkt\/zwei-kleine-jungen\/","title":{"rendered":"Zwei kleine Jungen"},"content":{"rendered":"<p>bei einem Treffen von Sinti und Roma aus Deutschland, Frankreich, Belgien und der Schweiz im Frankfurter Ostpark aus Anlass der &#8222;Zweiten europ\u00e4ischen Zigeuner-Missionskonferenz&#8220; R\u00fcckseite siehe: 70278881 R\u00fcckseitenbeschriftung von Hand der Fotografin: &#8222;Zigeunerkinder in Frankfurt&#8220;<\/p>\n","protected":false},"excerpt":{"rendered":"<p>bei einem Treffen von Sinti und Roma aus Deutschland, Frankreich, Belgien und der Schweiz im Frankfurter Ostpark aus Anlass der &#8222;Zweiten europ\u00e4ischen Zigeuner-Missionskonferenz&#8220; R\u00fcckseite siehe: 70278881 R\u00fcckseitenbeschriftung von Hand der Fotografin: &#8222;Zigeunerkinder in Frankfurt&#8220;<\/p>\n","protected":false},"featured_media":70293055,"template":"","meta":[],"product_brand":[],"product_cat":[],"product_tag":[13774,13232,13234,13231,13233,13775,49668,13777,47541,47542,47543,47544,47545,47546,47547,47548,49518,14318,14177,13469,14178,14179,13470,47991,47992,47993,47994,47995,47996,13471,13472,49519,49520,49521,49522,49523,49524,49525,49526,49620,49621,49622,49623,49624,49625,13293,13786,13787,13294,13295,13296,13297,47267,13485,13486,13482,13481,13483,13484,49528,49529,49530,49531,49532,13492,13493,13494,13495,13496,13497,47743,13813,13814,14203,14204,14205,14206,14207,14213,14218,14219,14220,14221,49544,49628,49629,14229,49638,49639,49640,49707,49708,49641,13328,13827,13828,13329,13330,13331,13332,47332,13843,47333,49556,13877,13879,13865,13864,13866,13858,13859,13860,13861,13862,13863,13867,48160,48161,13869,13870,13871,13872,49557,49558,13878,13880,14250,14251,49653,49654,49655,49656,49561,49562,49563,49564,49569,49570],"class_list":{"0":"post-70295163","1":"product","2":"type-product","3":"status-publish","4":"has-post-thumbnail","6":"product_tag-1960er-jahre","7":"product_tag-20-jahrhundert-nach-chr","8":"product_tag-20-jh-n-chr","9":"product_tag-20-jahrhundert","10":"product_tag-20-jh","11":"product_tag-60er","12":"product_tag-abt_002","13":"product_tag-abzug","14":"product_tag-alltag","15":"product_tag-alltaeglich","16":"product_tag-alltaegliche","17":"product_tag-alltaeglicher","18":"product_tag-alltaegliches","19":"product_tag-alltagsleben","20":"product_tag-alltagsszene","21":"product_tag-alltagsszenen","22":"product_tag-at_sinti-roma","23":"product_tag-aussenseiter","24":"product_tag-blickkontakt","25":"product_tag-brd","26":"product_tag-bube","27":"product_tag-buben","28":"product_tag-bundesrepublik-deutschland","29":"product_tag-christlich","30":"product_tag-christliche","31":"product_tag-christlichem","32":"product_tag-christlichen","33":"product_tag-christlicher","34":"product_tag-christliches","35":"product_tag-deutschland","36":"product_tag-deutschlands","37":"product_tag-diskriminierung","38":"product_tag-ethnie","39":"product_tag-ethnien","40":"product_tag-ethnisch","41":"product_tag-ethnische","42":"product_tag-ethnischen","43":"product_tag-ethnischer","44":"product_tag-ethnisches","45":"product_tag-europaeisch","46":"product_tag-europaeische","47":"product_tag-europaeischem","48":"product_tag-europaeischen","49":"product_tag-europaeischer","50":"product_tag-europaeisches","51":"product_tag-foto","52":"product_tag-fotoabzug","53":"product_tag-fotoabzuege","54":"product_tag-fotografie","55":"product_tag-fotografien","56":"product_tag-fotografin","57":"product_tag-fotografinnen","58":"product_tag-fotoreportage","59":"product_tag-frankfurt-m","60":"product_tag-frankfurt-main","61":"product_tag-frankfurt-a-main","62":"product_tag-frankfurt-a-m","63":"product_tag-frankfurt-am-main","64":"product_tag-frankfurter","65":"product_tag-gesellschaftlich","66":"product_tag-gesellschaftliche","67":"product_tag-gesellschaftlichen","68":"product_tag-gesellschaftlicher","69":"product_tag-gesellschaftliches","70":"product_tag-hessen","71":"product_tag-hessisch","72":"product_tag-hessische","73":"product_tag-hessischen","74":"product_tag-hessischer","75":"product_tag-hessisches","76":"product_tag-hochformat","77":"product_tag-junge","78":"product_tag-jungen","79":"product_tag-jungens","80":"product_tag-jungs","81":"product_tag-kind","82":"product_tag-kinde","83":"product_tag-kinder","84":"product_tag-kindern","85":"product_tag-kindes","86":"product_tag-kindheit","87":"product_tag-knabe","88":"product_tag-knaben","89":"product_tag-minderheit","90":"product_tag-mission","91":"product_tag-missionierung","92":"product_tag-obdach","93":"product_tag-park","94":"product_tag-parkanlage","95":"product_tag-parkanlagen","96":"product_tag-parkplatz","97":"product_tag-parkplaetze","98":"product_tag-parks","99":"product_tag-photo","100":"product_tag-photoabzug","101":"product_tag-photoabzuege","102":"product_tag-photographie","103":"product_tag-photographien","104":"product_tag-photographin","105":"product_tag-photographinnen","106":"product_tag-photoreportage","107":"product_tag-print","108":"product_tag-reportage","109":"product_tag-roma","110":"product_tag-s-w-fotografie","111":"product_tag-s-w-photographie","112":"product_tag-schwarzweissphotographie","113":"product_tag-schwarz-weiss-fotografie","114":"product_tag-schwarz-weiss-photographie","115":"product_tag-schwarzweiss","116":"product_tag-schwarzweisse","117":"product_tag-schwarzweissen","118":"product_tag-schwarzweisser","119":"product_tag-schwarzweisses","120":"product_tag-schwarzweissfotografie","121":"product_tag-sechziger","122":"product_tag-siedlung","123":"product_tag-siedlungen","124":"product_tag-silbergelatine","125":"product_tag-silbergelatineabzug","126":"product_tag-silbergelatineabzuege","127":"product_tag-silbergelatineprint","128":"product_tag-sinti","129":"product_tag-sinti-und-roma","130":"product_tag-sw-fotografie","131":"product_tag-sw-photographie","132":"product_tag-unterkunft","133":"product_tag-unterkuenfte","134":"product_tag-versammeln","135":"product_tag-versammelt","136":"product_tag-versammlung","137":"product_tag-versammlungen","138":"product_tag-volksgruppe","139":"product_tag-volksgruppen","140":"product_tag-volksstamm","141":"product_tag-volksstaemme","142":"product_tag-zigeuner","143":"product_tag-zigeunern","144":"pa_datierung-juli-1969","145":"pa_fotograf-abisag-tuellmann","146":"pa_geografischer_bezug-aufnahmeort-frankfurt-am-main-deutschland","147":"pa_grunddaten_material_technik-foto-silbergelatine-auf-barytpapier","148":"pa_inventarnummer-tue-69-212-68","149":"pa_jahr_von-14258","150":"pa_massangaben-bildformat-foto-30-x-234-cm","151":"pa_mediennummer-49847","152":"pa_objekt_typ-fotografie","154":"first","155":"instock","156":"product-type-simple"},"yoast_head":"<!-- This site is optimized with the Yoast SEO plugin v27.3 - https:\/\/yoast.com\/product\/yoast-seo-wordpress\/ -->\n<title>Zwei kleine Jungen - Abisag T\u00fcllmann<\/title>\n<meta name=\"robots\" content=\"index, follow, max-snippet:-1, max-image-preview:large, max-video-preview:-1\" \/>\n<link rel=\"canonical\" href=\"https:\/\/bpk-archive.de\/tuellmann\/produkt\/zwei-kleine-jungen\/\" \/>\n<meta property=\"og:locale\" content=\"de_DE\" \/>\n<meta property=\"og:type\" content=\"article\" \/>\n<meta property=\"og:title\" content=\"Zwei kleine Jungen - Abisag T\u00fcllmann\" \/>\n<meta property=\"og:description\" content=\"bei einem Treffen von Sinti und Roma aus Deutschland, Frankreich, Belgien und der Schweiz im Frankfurter Ostpark aus Anlass der &#8222;Zweiten europ\u00e4ischen Zigeuner-Missionskonferenz&#8220; R\u00fcckseite siehe: 70278881 R\u00fcckseitenbeschriftung von Hand der Fotografin: &#8222;Zigeunerkinder in Frankfurt&#8220;\" \/>\n<meta property=\"og:url\" content=\"https:\/\/bpk-archive.de\/tuellmann\/produkt\/zwei-kleine-jungen\/\" \/>\n<meta property=\"og:site_name\" content=\"Abisag T\u00fcllmann\" \/>\n<meta property=\"article:modified_time\" content=\"2019-09-05T13:02:14+00:00\" \/>\n<meta property=\"og:image\" content=\"https:\/\/bpk-archive.de\/tuellmann\/wp-content\/uploads\/2019\/08\/bpk_70278880.jpg\" \/>\n\t<meta property=\"og:image:width\" content=\"944\" \/>\n\t<meta property=\"og:image:height\" content=\"1200\" \/>\n\t<meta property=\"og:image:type\" content=\"image\/jpeg\" \/>\n<meta name=\"twitter:card\" content=\"summary_large_image\" \/>\n<script type=\"application\/ld+json\" class=\"yoast-schema-graph\">{\"@context\":\"https:\\\/\\\/schema.org\",\"@graph\":[{\"@type\":\"WebPage\",\"@id\":\"https:\\\/\\\/bpk-archive.de\\\/tuellmann\\\/produkt\\\/zwei-kleine-jungen\\\/\",\"url\":\"https:\\\/\\\/bpk-archive.de\\\/tuellmann\\\/produkt\\\/zwei-kleine-jungen\\\/\",\"name\":\"Zwei kleine Jungen - Abisag T\u00fcllmann\",\"isPartOf\":{\"@id\":\"https:\\\/\\\/bpk-archive.de\\\/tuellmann\\\/#website\"},\"primaryImageOfPage\":{\"@id\":\"https:\\\/\\\/bpk-archive.de\\\/tuellmann\\\/produkt\\\/zwei-kleine-jungen\\\/#primaryimage\"},\"image\":{\"@id\":\"https:\\\/\\\/bpk-archive.de\\\/tuellmann\\\/produkt\\\/zwei-kleine-jungen\\\/#primaryimage\"},\"thumbnailUrl\":\"https:\\\/\\\/bpk-archive.de\\\/tuellmann\\\/wp-content\\\/uploads\\\/2019\\\/08\\\/bpk_70278880.jpg\",\"datePublished\":\"2019-09-05T13:01:59+00:00\",\"dateModified\":\"2019-09-05T13:02:14+00:00\",\"breadcrumb\":{\"@id\":\"https:\\\/\\\/bpk-archive.de\\\/tuellmann\\\/produkt\\\/zwei-kleine-jungen\\\/#breadcrumb\"},\"inLanguage\":\"de\",\"potentialAction\":[{\"@type\":\"ReadAction\",\"target\":[\"https:\\\/\\\/bpk-archive.de\\\/tuellmann\\\/produkt\\\/zwei-kleine-jungen\\\/\"]}]},{\"@type\":\"ImageObject\",\"inLanguage\":\"de\",\"@id\":\"https:\\\/\\\/bpk-archive.de\\\/tuellmann\\\/produkt\\\/zwei-kleine-jungen\\\/#primaryimage\",\"url\":\"https:\\\/\\\/bpk-archive.de\\\/tuellmann\\\/wp-content\\\/uploads\\\/2019\\\/08\\\/bpk_70278880.jpg\",\"contentUrl\":\"https:\\\/\\\/bpk-archive.de\\\/tuellmann\\\/wp-content\\\/uploads\\\/2019\\\/08\\\/bpk_70278880.jpg\",\"width\":944,\"height\":1200,\"caption\":\"Zwei kleine Jungen\"},{\"@type\":\"BreadcrumbList\",\"@id\":\"https:\\\/\\\/bpk-archive.de\\\/tuellmann\\\/produkt\\\/zwei-kleine-jungen\\\/#breadcrumb\",\"itemListElement\":[{\"@type\":\"ListItem\",\"position\":1,\"name\":\"Startseite\",\"item\":\"https:\\\/\\\/bpk-archive.de\\\/tuellmann\\\/\"},{\"@type\":\"ListItem\",\"position\":2,\"name\":\"Shop\",\"item\":\"https:\\\/\\\/bpk-archive.de\\\/tuellmann\\\/shop\\\/\"},{\"@type\":\"ListItem\",\"position\":3,\"name\":\"Zwei kleine Jungen\"}]},{\"@type\":\"WebSite\",\"@id\":\"https:\\\/\\\/bpk-archive.de\\\/tuellmann\\\/#website\",\"url\":\"https:\\\/\\\/bpk-archive.de\\\/tuellmann\\\/\",\"name\":\"Abisag T\u00fcllmann\",\"description\":\"Eine weitere WordPress-Website\",\"potentialAction\":[{\"@type\":\"SearchAction\",\"target\":{\"@type\":\"EntryPoint\",\"urlTemplate\":\"https:\\\/\\\/bpk-archive.de\\\/tuellmann\\\/?s={search_term_string}\"},\"query-input\":{\"@type\":\"PropertyValueSpecification\",\"valueRequired\":true,\"valueName\":\"search_term_string\"}}],\"inLanguage\":\"de\"}]}<\/script>\n<!-- \/ Yoast SEO plugin. -->","yoast_head_json":{"title":"Zwei kleine Jungen - Abisag T\u00fcllmann","robots":{"index":"index","follow":"follow","max-snippet":"max-snippet:-1","max-image-preview":"max-image-preview:large","max-video-preview":"max-video-preview:-1"},"canonical":"https:\/\/bpk-archive.de\/tuellmann\/produkt\/zwei-kleine-jungen\/","og_locale":"de_DE","og_type":"article","og_title":"Zwei kleine Jungen - Abisag T\u00fcllmann","og_description":"bei einem Treffen von Sinti und Roma aus Deutschland, Frankreich, Belgien und der Schweiz im Frankfurter Ostpark aus Anlass der &#8222;Zweiten europ\u00e4ischen Zigeuner-Missionskonferenz&#8220; R\u00fcckseite siehe: 70278881 R\u00fcckseitenbeschriftung von Hand der Fotografin: &#8222;Zigeunerkinder in Frankfurt&#8220;","og_url":"https:\/\/bpk-archive.de\/tuellmann\/produkt\/zwei-kleine-jungen\/","og_site_name":"Abisag T\u00fcllmann","article_modified_time":"2019-09-05T13:02:14+00:00","og_image":[{"width":944,"height":1200,"url":"https:\/\/bpk-archive.de\/tuellmann\/wp-content\/uploads\/2019\/08\/bpk_70278880.jpg","type":"image\/jpeg"}],"twitter_card":"summary_large_image","schema":{"@context":"https:\/\/schema.org","@graph":[{"@type":"WebPage","@id":"https:\/\/bpk-archive.de\/tuellmann\/produkt\/zwei-kleine-jungen\/","url":"https:\/\/bpk-archive.de\/tuellmann\/produkt\/zwei-kleine-jungen\/","name":"Zwei kleine Jungen - Abisag T\u00fcllmann","isPartOf":{"@id":"https:\/\/bpk-archive.de\/tuellmann\/#website"},"primaryImageOfPage":{"@id":"https:\/\/bpk-archive.de\/tuellmann\/produkt\/zwei-kleine-jungen\/#primaryimage"},"image":{"@id":"https:\/\/bpk-archive.de\/tuellmann\/produkt\/zwei-kleine-jungen\/#primaryimage"},"thumbnailUrl":"https:\/\/bpk-archive.de\/tuellmann\/wp-content\/uploads\/2019\/08\/bpk_70278880.jpg","datePublished":"2019-09-05T13:01:59+00:00","dateModified":"2019-09-05T13:02:14+00:00","breadcrumb":{"@id":"https:\/\/bpk-archive.de\/tuellmann\/produkt\/zwei-kleine-jungen\/#breadcrumb"},"inLanguage":"de","potentialAction":[{"@type":"ReadAction","target":["https:\/\/bpk-archive.de\/tuellmann\/produkt\/zwei-kleine-jungen\/"]}]},{"@type":"ImageObject","inLanguage":"de","@id":"https:\/\/bpk-archive.de\/tuellmann\/produkt\/zwei-kleine-jungen\/#primaryimage","url":"https:\/\/bpk-archive.de\/tuellmann\/wp-content\/uploads\/2019\/08\/bpk_70278880.jpg","contentUrl":"https:\/\/bpk-archive.de\/tuellmann\/wp-content\/uploads\/2019\/08\/bpk_70278880.jpg","width":944,"height":1200,"caption":"Zwei kleine Jungen"},{"@type":"BreadcrumbList","@id":"https:\/\/bpk-archive.de\/tuellmann\/produkt\/zwei-kleine-jungen\/#breadcrumb","itemListElement":[{"@type":"ListItem","position":1,"name":"Startseite","item":"https:\/\/bpk-archive.de\/tuellmann\/"},{"@type":"ListItem","position":2,"name":"Shop","item":"https:\/\/bpk-archive.de\/tuellmann\/shop\/"},{"@type":"ListItem","position":3,"name":"Zwei kleine Jungen"}]},{"@type":"WebSite","@id":"https:\/\/bpk-archive.de\/tuellmann\/#website","url":"https:\/\/bpk-archive.de\/tuellmann\/","name":"Abisag T\u00fcllmann","description":"Eine weitere WordPress-Website","potentialAction":[{"@type":"SearchAction","target":{"@type":"EntryPoint","urlTemplate":"https:\/\/bpk-archive.de\/tuellmann\/?s={search_term_string}"},"query-input":{"@type":"PropertyValueSpecification","valueRequired":true,"valueName":"search_term_string"}}],"inLanguage":"de"}]}},"_links":{"self":[{"href":"https:\/\/bpk-archive.de\/tuellmann\/wp-json\/wp\/v2\/product\/70295163","targetHints":{"allow":["GET"]}}],"collection":[{"href":"https:\/\/bpk-archive.de\/tuellmann\/wp-json\/wp\/v2\/product"}],"about":[{"href":"https:\/\/bpk-archive.de\/tuellmann\/wp-json\/wp\/v2\/types\/product"}],"wp:featuredmedia":[{"embeddable":true,"href":"https:\/\/bpk-archive.de\/tuellmann\/wp-json\/wp\/v2\/media\/70293055"}],"wp:attachment":[{"href":"https:\/\/bpk-archive.de\/tuellmann\/wp-json\/wp\/v2\/media?parent=70295163"}],"wp:term":[{"taxonomy":"product_brand","embeddable":true,"href":"https:\/\/bpk-archive.de\/tuellmann\/wp-json\/wp\/v2\/product_brand?post=70295163"},{"taxonomy":"product_cat","embeddable":true,"href":"https:\/\/bpk-archive.de\/tuellmann\/wp-json\/wp\/v2\/product_cat?post=70295163"},{"taxonomy":"product_tag","embeddable":true,"href":"https:\/\/bpk-archive.de\/tuellmann\/wp-json\/wp\/v2\/product_tag?post=70295163"}],"curies":[{"name":"wp","href":"https:\/\/api.w.org\/{rel}","templated":true}]}}