{"id":70295149,"date":"2019-09-05T15:01:38","date_gmt":"2019-09-05T13:01:38","guid":{"rendered":"http:\/\/abisagtuellmann.bpk-news.de\/atbild\/barfuessiges-maedchen-in-einer-regenpfuetze-in-einer-notunterkunft-fuer-sinti-und-roma-in-mainz\/"},"modified":"2019-09-05T15:01:57","modified_gmt":"2019-09-05T13:01:57","slug":"barfuessiges-maedchen-in-einer-regenpfuetze-in-einer-notunterkunft-fuer-sinti-und-roma-in-mainz","status":"publish","type":"product","link":"https:\/\/bpk-archive.de\/tuellmann\/produkt\/barfuessiges-maedchen-in-einer-regenpfuetze-in-einer-notunterkunft-fuer-sinti-und-roma-in-mainz\/","title":{"rendered":"Barf\u00fc\u00dfiges M\u00e4dchen in einer Regenpf\u00fctze in einer Notunterkunft f\u00fcr Sinti und Roma in Mainz"},"content":{"rendered":"","protected":false},"excerpt":{"rendered":"","protected":false},"featured_media":70293068,"template":"","meta":[],"product_brand":[],"product_cat":[],"product_tag":[13230,13232,13234,13231,13233,13235,48094,13777,47541,47542,47543,47544,47545,47546,47547,47548,14311,14312,14313,14314,14315,14316,49518,13250,14318,14174,14175,14176,49596,49597,49598,49599,49600,49601,49602,13469,13470,13253,13254,13255,13256,13257,13471,13472,49519,13260,49603,49520,49521,49522,49523,49524,49525,49526,13293,13786,13787,13294,13295,13296,13297,47267,49528,49529,49530,49531,49532,13301,14205,14206,14207,14213,14218,14219,49540,49541,13310,13311,49542,49543,49604,49544,14225,14226,14227,14228,47449,47450,14229,49589,49590,13328,13827,13828,13329,13330,13331,13332,47332,13843,47956,47957,48925,47333,49545,49546,49547,49548,49549,49550,49554,49551,49552,49553,49555,49556,47594,47595,13877,13879,13865,13864,13866,13858,13859,13860,13861,13862,13863,13354,48160,48161,13869,13870,13871,13872,49557,49558,49605,49606,49607,49608,49609,49610,13878,13880,49611,14250,14251,49561,49562,49563,49564,47615,49612,49613,49614,49568,49569,49570,47359],"class_list":{"0":"post-70295149","1":"product","2":"type-product","3":"status-publish","4":"has-post-thumbnail","6":"product_tag-1970er-jahre","7":"product_tag-20-jahrhundert-nach-chr","8":"product_tag-20-jh-n-chr","9":"product_tag-20-jahrhundert","10":"product_tag-20-jh","11":"product_tag-70er","12":"product_tag-abt_026","13":"product_tag-abzug","14":"product_tag-alltag","15":"product_tag-alltaeglich","16":"product_tag-alltaegliche","17":"product_tag-alltaeglicher","18":"product_tag-alltaegliches","19":"product_tag-alltagsleben","20":"product_tag-alltagsszene","21":"product_tag-alltagsszenen","22":"product_tag-arm","23":"product_tag-arme","24":"product_tag-armen","25":"product_tag-armer","26":"product_tag-armes","27":"product_tag-armut","28":"product_tag-at_sinti-roma","29":"product_tag-aussen","30":"product_tag-aussenseiter","31":"product_tag-baracke","32":"product_tag-baracken","33":"product_tag-barackenlager","34":"product_tag-barfuss","35":"product_tag-barfuessig","36":"product_tag-barfuessige","37":"product_tag-barfuessigen","38":"product_tag-barfuessiger","39":"product_tag-barfuessiges","40":"product_tag-barfuessigkeit","41":"product_tag-brd","42":"product_tag-bundesrepublik-deutschland","43":"product_tag-deutsch","44":"product_tag-deutsche","45":"product_tag-deutschen","46":"product_tag-deutscher","47":"product_tag-deutsches","48":"product_tag-deutschland","49":"product_tag-deutschlands","50":"product_tag-diskriminierung","51":"product_tag-draussen","52":"product_tag-durchquerung","53":"product_tag-ethnie","54":"product_tag-ethnien","55":"product_tag-ethnisch","56":"product_tag-ethnische","57":"product_tag-ethnischen","58":"product_tag-ethnischer","59":"product_tag-ethnisches","60":"product_tag-foto","61":"product_tag-fotoabzug","62":"product_tag-fotoabzuege","63":"product_tag-fotografie","64":"product_tag-fotografien","65":"product_tag-fotografin","66":"product_tag-fotografinnen","67":"product_tag-fotoreportage","68":"product_tag-gesellschaftlich","69":"product_tag-gesellschaftliche","70":"product_tag-gesellschaftlichen","71":"product_tag-gesellschaftlicher","72":"product_tag-gesellschaftliches","73":"product_tag-im-freien","74":"product_tag-kind","75":"product_tag-kinde","76":"product_tag-kinder","77":"product_tag-kindern","78":"product_tag-kindes","79":"product_tag-kindheit","80":"product_tag-lebensbedingung","81":"product_tag-lebensbedingungen","82":"product_tag-maedchen","83":"product_tag-maedchens","84":"product_tag-mainz","85":"product_tag-mainzer","86":"product_tag-matsch","87":"product_tag-minderheit","88":"product_tag-not","89":"product_tag-noete","90":"product_tag-notlage","91":"product_tag-notlagen","92":"product_tag-notunterkunft","93":"product_tag-notunterkuenfte","94":"product_tag-obdach","95":"product_tag-pfuetze","96":"product_tag-pfuetzen","97":"product_tag-photo","98":"product_tag-photoabzug","99":"product_tag-photoabzuege","100":"product_tag-photographie","101":"product_tag-photographien","102":"product_tag-photographin","103":"product_tag-photographinnen","104":"product_tag-photoreportage","105":"product_tag-print","106":"product_tag-quartier","107":"product_tag-quartiere","108":"product_tag-regenwetter","109":"product_tag-reportage","110":"product_tag-rheinisch","111":"product_tag-rheinische","112":"product_tag-rheinischen","113":"product_tag-rheinischer","114":"product_tag-rheinisches","115":"product_tag-rheinland","116":"product_tag-rheinland-pfalz","117":"product_tag-rheinlande","118":"product_tag-rheinlanden","119":"product_tag-rheinlandes","120":"product_tag-rheinlands","121":"product_tag-roma","122":"product_tag-rueckansicht","123":"product_tag-rueckseite","124":"product_tag-s-w-fotografie","125":"product_tag-s-w-photographie","126":"product_tag-schwarzweissphotographie","127":"product_tag-schwarz-weiss-fotografie","128":"product_tag-schwarz-weiss-photographie","129":"product_tag-schwarzweiss","130":"product_tag-schwarzweisse","131":"product_tag-schwarzweissen","132":"product_tag-schwarzweisser","133":"product_tag-schwarzweisses","134":"product_tag-schwarzweissfotografie","135":"product_tag-siebziger","136":"product_tag-siedlung","137":"product_tag-siedlungen","138":"product_tag-silbergelatine","139":"product_tag-silbergelatineabzug","140":"product_tag-silbergelatineabzuege","141":"product_tag-silbergelatineprint","142":"product_tag-sinti","143":"product_tag-sinti-und-roma","144":"product_tag-spielen","145":"product_tag-spielend","146":"product_tag-spielende","147":"product_tag-spielenden","148":"product_tag-spielender","149":"product_tag-spielendes","150":"product_tag-sw-fotografie","151":"product_tag-sw-photographie","152":"product_tag-teekessel","153":"product_tag-unterkunft","154":"product_tag-unterkuenfte","155":"product_tag-volksgruppe","156":"product_tag-volksgruppen","157":"product_tag-volksstamm","158":"product_tag-volksstaemme","159":"product_tag-von-hinten","160":"product_tag-wasserholen","161":"product_tag-wasserkessel","162":"product_tag-waten","163":"product_tag-wohnwagen","164":"product_tag-zigeuner","165":"product_tag-zigeunern","166":"product_tag-zwei","167":"pa_datierung-mai-1971","168":"pa_fotograf-abisag-tuellmann","169":"pa_geografischer_bezug-aufnahmeort-mainz-deutschland","170":"pa_grunddaten_material_technik-foto-silbergelatine-auf-barytpapier","171":"pa_inventarnummer-tue-71-055-09a","172":"pa_jahr_von-49516","173":"pa_massangaben-bildformat-foto-295-x-40-cm","174":"pa_mediennummer-49593","175":"pa_objekt_typ-fotografie","177":"first","178":"instock","179":"product-type-simple"},"yoast_head":"<!-- This site is optimized with the Yoast SEO plugin v27.3 - https:\/\/yoast.com\/product\/yoast-seo-wordpress\/ -->\n<title>Barf\u00fc\u00dfiges M\u00e4dchen in einer Regenpf\u00fctze in einer Notunterkunft f\u00fcr Sinti und Roma in Mainz - Abisag T\u00fcllmann<\/title>\n<meta name=\"robots\" content=\"index, follow, max-snippet:-1, max-image-preview:large, max-video-preview:-1\" \/>\n<link rel=\"canonical\" href=\"https:\/\/bpk-archive.de\/tuellmann\/produkt\/barfuessiges-maedchen-in-einer-regenpfuetze-in-einer-notunterkunft-fuer-sinti-und-roma-in-mainz\/\" \/>\n<meta property=\"og:locale\" content=\"de_DE\" \/>\n<meta property=\"og:type\" content=\"article\" \/>\n<meta property=\"og:title\" content=\"Barf\u00fc\u00dfiges M\u00e4dchen in einer Regenpf\u00fctze in einer Notunterkunft f\u00fcr Sinti und Roma in Mainz - Abisag T\u00fcllmann\" \/>\n<meta property=\"og:url\" content=\"https:\/\/bpk-archive.de\/tuellmann\/produkt\/barfuessiges-maedchen-in-einer-regenpfuetze-in-einer-notunterkunft-fuer-sinti-und-roma-in-mainz\/\" \/>\n<meta property=\"og:site_name\" content=\"Abisag T\u00fcllmann\" \/>\n<meta property=\"article:modified_time\" content=\"2019-09-05T13:01:57+00:00\" \/>\n<meta property=\"og:image\" content=\"https:\/\/bpk-archive.de\/tuellmann\/wp-content\/uploads\/2019\/08\/bpk_70278884.jpg\" \/>\n\t<meta property=\"og:image:width\" content=\"1200\" \/>\n\t<meta property=\"og:image:height\" content=\"893\" \/>\n\t<meta property=\"og:image:type\" content=\"image\/jpeg\" \/>\n<meta name=\"twitter:card\" content=\"summary_large_image\" \/>\n<script type=\"application\/ld+json\" class=\"yoast-schema-graph\">{\"@context\":\"https:\\\/\\\/schema.org\",\"@graph\":[{\"@type\":\"WebPage\",\"@id\":\"https:\\\/\\\/bpk-archive.de\\\/tuellmann\\\/produkt\\\/barfuessiges-maedchen-in-einer-regenpfuetze-in-einer-notunterkunft-fuer-sinti-und-roma-in-mainz\\\/\",\"url\":\"https:\\\/\\\/bpk-archive.de\\\/tuellmann\\\/produkt\\\/barfuessiges-maedchen-in-einer-regenpfuetze-in-einer-notunterkunft-fuer-sinti-und-roma-in-mainz\\\/\",\"name\":\"Barf\u00fc\u00dfiges M\u00e4dchen in einer Regenpf\u00fctze in einer Notunterkunft f\u00fcr Sinti und Roma in Mainz - Abisag T\u00fcllmann\",\"isPartOf\":{\"@id\":\"https:\\\/\\\/bpk-archive.de\\\/tuellmann\\\/#website\"},\"primaryImageOfPage\":{\"@id\":\"https:\\\/\\\/bpk-archive.de\\\/tuellmann\\\/produkt\\\/barfuessiges-maedchen-in-einer-regenpfuetze-in-einer-notunterkunft-fuer-sinti-und-roma-in-mainz\\\/#primaryimage\"},\"image\":{\"@id\":\"https:\\\/\\\/bpk-archive.de\\\/tuellmann\\\/produkt\\\/barfuessiges-maedchen-in-einer-regenpfuetze-in-einer-notunterkunft-fuer-sinti-und-roma-in-mainz\\\/#primaryimage\"},\"thumbnailUrl\":\"https:\\\/\\\/bpk-archive.de\\\/tuellmann\\\/wp-content\\\/uploads\\\/2019\\\/08\\\/bpk_70278884.jpg\",\"datePublished\":\"2019-09-05T13:01:38+00:00\",\"dateModified\":\"2019-09-05T13:01:57+00:00\",\"breadcrumb\":{\"@id\":\"https:\\\/\\\/bpk-archive.de\\\/tuellmann\\\/produkt\\\/barfuessiges-maedchen-in-einer-regenpfuetze-in-einer-notunterkunft-fuer-sinti-und-roma-in-mainz\\\/#breadcrumb\"},\"inLanguage\":\"de\",\"potentialAction\":[{\"@type\":\"ReadAction\",\"target\":[\"https:\\\/\\\/bpk-archive.de\\\/tuellmann\\\/produkt\\\/barfuessiges-maedchen-in-einer-regenpfuetze-in-einer-notunterkunft-fuer-sinti-und-roma-in-mainz\\\/\"]}]},{\"@type\":\"ImageObject\",\"inLanguage\":\"de\",\"@id\":\"https:\\\/\\\/bpk-archive.de\\\/tuellmann\\\/produkt\\\/barfuessiges-maedchen-in-einer-regenpfuetze-in-einer-notunterkunft-fuer-sinti-und-roma-in-mainz\\\/#primaryimage\",\"url\":\"https:\\\/\\\/bpk-archive.de\\\/tuellmann\\\/wp-content\\\/uploads\\\/2019\\\/08\\\/bpk_70278884.jpg\",\"contentUrl\":\"https:\\\/\\\/bpk-archive.de\\\/tuellmann\\\/wp-content\\\/uploads\\\/2019\\\/08\\\/bpk_70278884.jpg\",\"width\":1200,\"height\":893,\"caption\":\"Barf\u00fc\u00dfiges M\u00e4dchen in einer Regenpf\u00fctze in einer Notunterkunft f\u00fcr Sinti und Roma in Mainz\"},{\"@type\":\"BreadcrumbList\",\"@id\":\"https:\\\/\\\/bpk-archive.de\\\/tuellmann\\\/produkt\\\/barfuessiges-maedchen-in-einer-regenpfuetze-in-einer-notunterkunft-fuer-sinti-und-roma-in-mainz\\\/#breadcrumb\",\"itemListElement\":[{\"@type\":\"ListItem\",\"position\":1,\"name\":\"Startseite\",\"item\":\"https:\\\/\\\/bpk-archive.de\\\/tuellmann\\\/\"},{\"@type\":\"ListItem\",\"position\":2,\"name\":\"Shop\",\"item\":\"https:\\\/\\\/bpk-archive.de\\\/tuellmann\\\/shop\\\/\"},{\"@type\":\"ListItem\",\"position\":3,\"name\":\"Barf\u00fc\u00dfiges M\u00e4dchen in einer Regenpf\u00fctze in einer Notunterkunft f\u00fcr Sinti und Roma in Mainz\"}]},{\"@type\":\"WebSite\",\"@id\":\"https:\\\/\\\/bpk-archive.de\\\/tuellmann\\\/#website\",\"url\":\"https:\\\/\\\/bpk-archive.de\\\/tuellmann\\\/\",\"name\":\"Abisag T\u00fcllmann\",\"description\":\"Eine weitere WordPress-Website\",\"potentialAction\":[{\"@type\":\"SearchAction\",\"target\":{\"@type\":\"EntryPoint\",\"urlTemplate\":\"https:\\\/\\\/bpk-archive.de\\\/tuellmann\\\/?s={search_term_string}\"},\"query-input\":{\"@type\":\"PropertyValueSpecification\",\"valueRequired\":true,\"valueName\":\"search_term_string\"}}],\"inLanguage\":\"de\"}]}<\/script>\n<!-- \/ Yoast SEO plugin. -->","yoast_head_json":{"title":"Barf\u00fc\u00dfiges M\u00e4dchen in einer Regenpf\u00fctze in einer Notunterkunft f\u00fcr Sinti und Roma in Mainz - Abisag T\u00fcllmann","robots":{"index":"index","follow":"follow","max-snippet":"max-snippet:-1","max-image-preview":"max-image-preview:large","max-video-preview":"max-video-preview:-1"},"canonical":"https:\/\/bpk-archive.de\/tuellmann\/produkt\/barfuessiges-maedchen-in-einer-regenpfuetze-in-einer-notunterkunft-fuer-sinti-und-roma-in-mainz\/","og_locale":"de_DE","og_type":"article","og_title":"Barf\u00fc\u00dfiges M\u00e4dchen in einer Regenpf\u00fctze in einer Notunterkunft f\u00fcr Sinti und Roma in Mainz - Abisag T\u00fcllmann","og_url":"https:\/\/bpk-archive.de\/tuellmann\/produkt\/barfuessiges-maedchen-in-einer-regenpfuetze-in-einer-notunterkunft-fuer-sinti-und-roma-in-mainz\/","og_site_name":"Abisag T\u00fcllmann","article_modified_time":"2019-09-05T13:01:57+00:00","og_image":[{"width":1200,"height":893,"url":"https:\/\/bpk-archive.de\/tuellmann\/wp-content\/uploads\/2019\/08\/bpk_70278884.jpg","type":"image\/jpeg"}],"twitter_card":"summary_large_image","schema":{"@context":"https:\/\/schema.org","@graph":[{"@type":"WebPage","@id":"https:\/\/bpk-archive.de\/tuellmann\/produkt\/barfuessiges-maedchen-in-einer-regenpfuetze-in-einer-notunterkunft-fuer-sinti-und-roma-in-mainz\/","url":"https:\/\/bpk-archive.de\/tuellmann\/produkt\/barfuessiges-maedchen-in-einer-regenpfuetze-in-einer-notunterkunft-fuer-sinti-und-roma-in-mainz\/","name":"Barf\u00fc\u00dfiges M\u00e4dchen in einer Regenpf\u00fctze in einer Notunterkunft f\u00fcr Sinti und Roma in Mainz - Abisag T\u00fcllmann","isPartOf":{"@id":"https:\/\/bpk-archive.de\/tuellmann\/#website"},"primaryImageOfPage":{"@id":"https:\/\/bpk-archive.de\/tuellmann\/produkt\/barfuessiges-maedchen-in-einer-regenpfuetze-in-einer-notunterkunft-fuer-sinti-und-roma-in-mainz\/#primaryimage"},"image":{"@id":"https:\/\/bpk-archive.de\/tuellmann\/produkt\/barfuessiges-maedchen-in-einer-regenpfuetze-in-einer-notunterkunft-fuer-sinti-und-roma-in-mainz\/#primaryimage"},"thumbnailUrl":"https:\/\/bpk-archive.de\/tuellmann\/wp-content\/uploads\/2019\/08\/bpk_70278884.jpg","datePublished":"2019-09-05T13:01:38+00:00","dateModified":"2019-09-05T13:01:57+00:00","breadcrumb":{"@id":"https:\/\/bpk-archive.de\/tuellmann\/produkt\/barfuessiges-maedchen-in-einer-regenpfuetze-in-einer-notunterkunft-fuer-sinti-und-roma-in-mainz\/#breadcrumb"},"inLanguage":"de","potentialAction":[{"@type":"ReadAction","target":["https:\/\/bpk-archive.de\/tuellmann\/produkt\/barfuessiges-maedchen-in-einer-regenpfuetze-in-einer-notunterkunft-fuer-sinti-und-roma-in-mainz\/"]}]},{"@type":"ImageObject","inLanguage":"de","@id":"https:\/\/bpk-archive.de\/tuellmann\/produkt\/barfuessiges-maedchen-in-einer-regenpfuetze-in-einer-notunterkunft-fuer-sinti-und-roma-in-mainz\/#primaryimage","url":"https:\/\/bpk-archive.de\/tuellmann\/wp-content\/uploads\/2019\/08\/bpk_70278884.jpg","contentUrl":"https:\/\/bpk-archive.de\/tuellmann\/wp-content\/uploads\/2019\/08\/bpk_70278884.jpg","width":1200,"height":893,"caption":"Barf\u00fc\u00dfiges M\u00e4dchen in einer Regenpf\u00fctze in einer Notunterkunft f\u00fcr Sinti und Roma in Mainz"},{"@type":"BreadcrumbList","@id":"https:\/\/bpk-archive.de\/tuellmann\/produkt\/barfuessiges-maedchen-in-einer-regenpfuetze-in-einer-notunterkunft-fuer-sinti-und-roma-in-mainz\/#breadcrumb","itemListElement":[{"@type":"ListItem","position":1,"name":"Startseite","item":"https:\/\/bpk-archive.de\/tuellmann\/"},{"@type":"ListItem","position":2,"name":"Shop","item":"https:\/\/bpk-archive.de\/tuellmann\/shop\/"},{"@type":"ListItem","position":3,"name":"Barf\u00fc\u00dfiges M\u00e4dchen in einer Regenpf\u00fctze in einer Notunterkunft f\u00fcr Sinti und Roma in Mainz"}]},{"@type":"WebSite","@id":"https:\/\/bpk-archive.de\/tuellmann\/#website","url":"https:\/\/bpk-archive.de\/tuellmann\/","name":"Abisag T\u00fcllmann","description":"Eine weitere WordPress-Website","potentialAction":[{"@type":"SearchAction","target":{"@type":"EntryPoint","urlTemplate":"https:\/\/bpk-archive.de\/tuellmann\/?s={search_term_string}"},"query-input":{"@type":"PropertyValueSpecification","valueRequired":true,"valueName":"search_term_string"}}],"inLanguage":"de"}]}},"_links":{"self":[{"href":"https:\/\/bpk-archive.de\/tuellmann\/wp-json\/wp\/v2\/product\/70295149","targetHints":{"allow":["GET"]}}],"collection":[{"href":"https:\/\/bpk-archive.de\/tuellmann\/wp-json\/wp\/v2\/product"}],"about":[{"href":"https:\/\/bpk-archive.de\/tuellmann\/wp-json\/wp\/v2\/types\/product"}],"wp:featuredmedia":[{"embeddable":true,"href":"https:\/\/bpk-archive.de\/tuellmann\/wp-json\/wp\/v2\/media\/70293068"}],"wp:attachment":[{"href":"https:\/\/bpk-archive.de\/tuellmann\/wp-json\/wp\/v2\/media?parent=70295149"}],"wp:term":[{"taxonomy":"product_brand","embeddable":true,"href":"https:\/\/bpk-archive.de\/tuellmann\/wp-json\/wp\/v2\/product_brand?post=70295149"},{"taxonomy":"product_cat","embeddable":true,"href":"https:\/\/bpk-archive.de\/tuellmann\/wp-json\/wp\/v2\/product_cat?post=70295149"},{"taxonomy":"product_tag","embeddable":true,"href":"https:\/\/bpk-archive.de\/tuellmann\/wp-json\/wp\/v2\/product_tag?post=70295149"}],"curies":[{"name":"wp","href":"https:\/\/api.w.org\/{rel}","templated":true}]}}