{"id":70295127,"date":"2019-09-05T15:01:17","date_gmt":"2019-09-05T13:01:17","guid":{"rendered":"http:\/\/abisagtuellmann.bpk-news.de\/atbild\/jemenitische-juedin-in-en-kerem\/"},"modified":"2019-09-05T15:01:33","modified_gmt":"2019-09-05T13:01:33","slug":"jemenitische-juedin-in-en-kerem","status":"publish","type":"product","link":"https:\/\/bpk-archive.de\/tuellmann\/produkt\/jemenitische-juedin-in-en-kerem\/","title":{"rendered":"Jemenitische J\u00fcdin in En Kerem"},"content":{"rendered":"<p>R\u00fcckseitenbeschriftung von Hand der Fotografin: &#8222;Frau Giad, En Kerem&#8220;<\/p>\n","protected":false},"excerpt":{"rendered":"<p>R\u00fcckseitenbeschriftung von Hand der Fotografin: &#8222;Frau Giad, En Kerem&#8220;<\/p>\n","protected":false},"featured_media":70292937,"template":"","meta":[],"product_brand":[],"product_cat":[],"product_tag":[47237,13232,13234,13231,13233,47238,47239,13777,47240,47418,47419,47420,47421,47422,47423,47424,47241,13784,13785,14177,13958,13959,13473,13293,13786,13787,13294,13295,13296,13297,47267,13487,13488,13974,13975,13976,13977,13978,47653,47654,47743,48859,13498,47279,47280,47281,47282,47283,47284,48860,48861,48862,48863,48864,48865,48866,48867,48868,48869,48870,48248,48249,48250,47751,47752,47753,47754,47755,47756,47757,47758,47759,47320,13328,13827,13828,13329,13330,13331,13332,47332,13829,13830,13831,13832,13833,13834,13835,13836,13837,13838,13839,13840,13841,13842,13843,48677,14073,14074,14075,14076,14077,48678,49136,49137,47333,47334,47335,47336,47337,13877,13879,13865,13864,13866,13858,13859,13860,13861,13862,13863,48871,13869,13870,13871,13872,14243,14244,14245,14246,14247,14248,14249,13878,13880,13525,48876,48877,48878,48879,48880,49138,48881,48882,48883,48884],"class_list":{"0":"post-70295127","1":"product","2":"type-product","3":"status-publish","4":"has-post-thumbnail","6":"product_tag-1980er-jahre","7":"product_tag-20-jahrhundert-nach-chr","8":"product_tag-20-jh-n-chr","9":"product_tag-20-jahrhundert","10":"product_tag-20-jh","11":"product_tag-80er","12":"product_tag-abt_001","13":"product_tag-abzug","14":"product_tag-achtziger","15":"product_tag-alt","16":"product_tag-alte","17":"product_tag-alten","18":"product_tag-alter","19":"product_tag-aeltere","20":"product_tag-aelterer","21":"product_tag-altes","22":"product_tag-at_israel","23":"product_tag-bildnis","24":"product_tag-bildnisse","25":"product_tag-blickkontakt","26":"product_tag-damenportraet","27":"product_tag-damenportraets","28":"product_tag-drinnen","29":"product_tag-foto","30":"product_tag-fotoabzug","31":"product_tag-fotoabzuege","32":"product_tag-fotografie","33":"product_tag-fotografien","34":"product_tag-fotografin","35":"product_tag-fotografinnen","36":"product_tag-fotoreportage","37":"product_tag-frau","38":"product_tag-frauen","39":"product_tag-frauenbildnis","40":"product_tag-frauenportrait","41":"product_tag-frauenportraits","42":"product_tag-frauenportraet","43":"product_tag-frauenportraets","44":"product_tag-greisin","45":"product_tag-greisinnen","46":"product_tag-hochformat","47":"product_tag-huka","48":"product_tag-innen","49":"product_tag-israel","50":"product_tag-israelisch","51":"product_tag-israelische","52":"product_tag-israelischer","53":"product_tag-israelisches","54":"product_tag-israels","55":"product_tag-jemen","56":"product_tag-jemenit","57":"product_tag-jemeniten","58":"product_tag-jemenitin","59":"product_tag-jemenitinnen","60":"product_tag-jemenitisch","61":"product_tag-jemenitische","62":"product_tag-jemenitischen","63":"product_tag-jemenitischer","64":"product_tag-jemenitisches","65":"product_tag-jemens","66":"product_tag-jerusalem","67":"product_tag-jerusalemer","68":"product_tag-jerusalems","69":"product_tag-jude","70":"product_tag-juden","71":"product_tag-juedin","72":"product_tag-juedinnen","73":"product_tag-juedisch","74":"product_tag-juedische","75":"product_tag-juedischen","76":"product_tag-juedischer","77":"product_tag-juedisches","78":"product_tag-nahost","79":"product_tag-photo","80":"product_tag-photoabzug","81":"product_tag-photoabzuege","82":"product_tag-photographie","83":"product_tag-photographien","84":"product_tag-photographin","85":"product_tag-photographinnen","86":"product_tag-photoreportage","87":"product_tag-portrait","88":"product_tag-portraitaufnahme","89":"product_tag-portraitfoto","90":"product_tag-portraitfotografie","91":"product_tag-portraitphoto","92":"product_tag-portraitphotographie","93":"product_tag-portraits","94":"product_tag-portraet","95":"product_tag-portraetaufnahme","96":"product_tag-portraetfoto","97":"product_tag-portraetfotografie","98":"product_tag-portraetphoto","99":"product_tag-portraetphotographie","100":"product_tag-portraets","101":"product_tag-print","102":"product_tag-rauchen","103":"product_tag-rauchend","104":"product_tag-rauchende","105":"product_tag-rauchenden","106":"product_tag-rauchender","107":"product_tag-rauchendes","108":"product_tag-raucher","109":"product_tag-raucherin","110":"product_tag-raucherinnen","111":"product_tag-reportage","112":"product_tag-reportagefoto","113":"product_tag-reportagefotografie","114":"product_tag-reportagephoto","115":"product_tag-reportagephotographie","116":"product_tag-s-w-fotografie","117":"product_tag-s-w-photographie","118":"product_tag-schwarzweissphotographie","119":"product_tag-schwarz-weiss-fotografie","120":"product_tag-schwarz-weiss-photographie","121":"product_tag-schwarzweiss","122":"product_tag-schwarzweisse","123":"product_tag-schwarzweissen","124":"product_tag-schwarzweisser","125":"product_tag-schwarzweisses","126":"product_tag-schwarzweissfotografie","127":"product_tag-shisha","128":"product_tag-silbergelatine","129":"product_tag-silbergelatineabzug","130":"product_tag-silbergelatineabzuege","131":"product_tag-silbergelatineprint","132":"product_tag-sitzen","133":"product_tag-sitzend","134":"product_tag-sitzende","135":"product_tag-sitzenden","136":"product_tag-sitzender","137":"product_tag-sitzendes","138":"product_tag-sitzt","139":"product_tag-sw-fotografie","140":"product_tag-sw-photographie","141":"product_tag-von-innen","142":"product_tag-wasserpfeife","143":"product_tag-wasserpfeifen","144":"product_tag-yemen","145":"product_tag-yemenit","146":"product_tag-yemeniten","147":"product_tag-yemenitin","148":"product_tag-yemenitinnen","149":"product_tag-yemenitisch","150":"product_tag-yemenitische","151":"product_tag-yemens","152":"pa_datierung-september-1983","153":"pa_fotograf-abisag-tuellmann","154":"pa_geografischer_bezug-aufnahmeort-en-kerem-israel","155":"pa_grunddaten_material_technik-foto-silbergelatine-auf-barytpapier","156":"pa_inventarnummer-tue-83-166-05a","157":"pa_jahr_von-47717","158":"pa_massangaben-bildformat-foto-304-x-20-cm","159":"pa_mediennummer-49134","160":"pa_objekt_typ-fotografie","162":"first","163":"instock","164":"product-type-simple"},"yoast_head":"<!-- This site is optimized with the Yoast SEO plugin v27.4 - https:\/\/yoast.com\/product\/yoast-seo-wordpress\/ -->\n<title>Jemenitische J\u00fcdin in En Kerem - Abisag T\u00fcllmann<\/title>\n<meta name=\"robots\" content=\"index, follow, max-snippet:-1, max-image-preview:large, max-video-preview:-1\" \/>\n<link rel=\"canonical\" href=\"https:\/\/bpk-archive.de\/tuellmann\/produkt\/jemenitische-juedin-in-en-kerem\/\" \/>\n<meta property=\"og:locale\" content=\"de_DE\" \/>\n<meta property=\"og:type\" content=\"article\" \/>\n<meta property=\"og:title\" content=\"Jemenitische J\u00fcdin in En Kerem - Abisag T\u00fcllmann\" \/>\n<meta property=\"og:description\" content=\"R\u00fcckseitenbeschriftung von Hand der Fotografin: &#8222;Frau Giad, En Kerem&#8220;\" \/>\n<meta property=\"og:url\" content=\"https:\/\/bpk-archive.de\/tuellmann\/produkt\/jemenitische-juedin-in-en-kerem\/\" \/>\n<meta property=\"og:site_name\" content=\"Abisag T\u00fcllmann\" \/>\n<meta property=\"article:modified_time\" content=\"2019-09-05T13:01:33+00:00\" \/>\n<meta property=\"og:image\" content=\"https:\/\/bpk-archive.de\/tuellmann\/wp-content\/uploads\/2019\/08\/bpk_70271464.jpg\" \/>\n\t<meta property=\"og:image:width\" content=\"800\" \/>\n\t<meta property=\"og:image:height\" content=\"1200\" \/>\n\t<meta property=\"og:image:type\" content=\"image\/jpeg\" \/>\n<meta name=\"twitter:card\" content=\"summary_large_image\" \/>\n<script type=\"application\/ld+json\" class=\"yoast-schema-graph\">{\"@context\":\"https:\\\/\\\/schema.org\",\"@graph\":[{\"@type\":\"WebPage\",\"@id\":\"https:\\\/\\\/bpk-archive.de\\\/tuellmann\\\/produkt\\\/jemenitische-juedin-in-en-kerem\\\/\",\"url\":\"https:\\\/\\\/bpk-archive.de\\\/tuellmann\\\/produkt\\\/jemenitische-juedin-in-en-kerem\\\/\",\"name\":\"Jemenitische J\u00fcdin in En Kerem - Abisag T\u00fcllmann\",\"isPartOf\":{\"@id\":\"https:\\\/\\\/bpk-archive.de\\\/tuellmann\\\/#website\"},\"primaryImageOfPage\":{\"@id\":\"https:\\\/\\\/bpk-archive.de\\\/tuellmann\\\/produkt\\\/jemenitische-juedin-in-en-kerem\\\/#primaryimage\"},\"image\":{\"@id\":\"https:\\\/\\\/bpk-archive.de\\\/tuellmann\\\/produkt\\\/jemenitische-juedin-in-en-kerem\\\/#primaryimage\"},\"thumbnailUrl\":\"https:\\\/\\\/bpk-archive.de\\\/tuellmann\\\/wp-content\\\/uploads\\\/2019\\\/08\\\/bpk_70271464.jpg\",\"datePublished\":\"2019-09-05T13:01:17+00:00\",\"dateModified\":\"2019-09-05T13:01:33+00:00\",\"breadcrumb\":{\"@id\":\"https:\\\/\\\/bpk-archive.de\\\/tuellmann\\\/produkt\\\/jemenitische-juedin-in-en-kerem\\\/#breadcrumb\"},\"inLanguage\":\"de\",\"potentialAction\":[{\"@type\":\"ReadAction\",\"target\":[\"https:\\\/\\\/bpk-archive.de\\\/tuellmann\\\/produkt\\\/jemenitische-juedin-in-en-kerem\\\/\"]}]},{\"@type\":\"ImageObject\",\"inLanguage\":\"de\",\"@id\":\"https:\\\/\\\/bpk-archive.de\\\/tuellmann\\\/produkt\\\/jemenitische-juedin-in-en-kerem\\\/#primaryimage\",\"url\":\"https:\\\/\\\/bpk-archive.de\\\/tuellmann\\\/wp-content\\\/uploads\\\/2019\\\/08\\\/bpk_70271464.jpg\",\"contentUrl\":\"https:\\\/\\\/bpk-archive.de\\\/tuellmann\\\/wp-content\\\/uploads\\\/2019\\\/08\\\/bpk_70271464.jpg\",\"width\":800,\"height\":1200,\"caption\":\"Jemenitische J\u00fcdin in En Kerem\"},{\"@type\":\"BreadcrumbList\",\"@id\":\"https:\\\/\\\/bpk-archive.de\\\/tuellmann\\\/produkt\\\/jemenitische-juedin-in-en-kerem\\\/#breadcrumb\",\"itemListElement\":[{\"@type\":\"ListItem\",\"position\":1,\"name\":\"Startseite\",\"item\":\"https:\\\/\\\/bpk-archive.de\\\/tuellmann\\\/\"},{\"@type\":\"ListItem\",\"position\":2,\"name\":\"Shop\",\"item\":\"https:\\\/\\\/bpk-archive.de\\\/tuellmann\\\/shop\\\/\"},{\"@type\":\"ListItem\",\"position\":3,\"name\":\"Jemenitische J\u00fcdin in En Kerem\"}]},{\"@type\":\"WebSite\",\"@id\":\"https:\\\/\\\/bpk-archive.de\\\/tuellmann\\\/#website\",\"url\":\"https:\\\/\\\/bpk-archive.de\\\/tuellmann\\\/\",\"name\":\"Abisag T\u00fcllmann\",\"description\":\"Eine weitere WordPress-Website\",\"potentialAction\":[{\"@type\":\"SearchAction\",\"target\":{\"@type\":\"EntryPoint\",\"urlTemplate\":\"https:\\\/\\\/bpk-archive.de\\\/tuellmann\\\/?s={search_term_string}\"},\"query-input\":{\"@type\":\"PropertyValueSpecification\",\"valueRequired\":true,\"valueName\":\"search_term_string\"}}],\"inLanguage\":\"de\"}]}<\/script>\n<!-- \/ Yoast SEO plugin. -->","yoast_head_json":{"title":"Jemenitische J\u00fcdin in En Kerem - Abisag T\u00fcllmann","robots":{"index":"index","follow":"follow","max-snippet":"max-snippet:-1","max-image-preview":"max-image-preview:large","max-video-preview":"max-video-preview:-1"},"canonical":"https:\/\/bpk-archive.de\/tuellmann\/produkt\/jemenitische-juedin-in-en-kerem\/","og_locale":"de_DE","og_type":"article","og_title":"Jemenitische J\u00fcdin in En Kerem - Abisag T\u00fcllmann","og_description":"R\u00fcckseitenbeschriftung von Hand der Fotografin: &#8222;Frau Giad, En Kerem&#8220;","og_url":"https:\/\/bpk-archive.de\/tuellmann\/produkt\/jemenitische-juedin-in-en-kerem\/","og_site_name":"Abisag T\u00fcllmann","article_modified_time":"2019-09-05T13:01:33+00:00","og_image":[{"width":800,"height":1200,"url":"https:\/\/bpk-archive.de\/tuellmann\/wp-content\/uploads\/2019\/08\/bpk_70271464.jpg","type":"image\/jpeg"}],"twitter_card":"summary_large_image","schema":{"@context":"https:\/\/schema.org","@graph":[{"@type":"WebPage","@id":"https:\/\/bpk-archive.de\/tuellmann\/produkt\/jemenitische-juedin-in-en-kerem\/","url":"https:\/\/bpk-archive.de\/tuellmann\/produkt\/jemenitische-juedin-in-en-kerem\/","name":"Jemenitische J\u00fcdin in En Kerem - Abisag T\u00fcllmann","isPartOf":{"@id":"https:\/\/bpk-archive.de\/tuellmann\/#website"},"primaryImageOfPage":{"@id":"https:\/\/bpk-archive.de\/tuellmann\/produkt\/jemenitische-juedin-in-en-kerem\/#primaryimage"},"image":{"@id":"https:\/\/bpk-archive.de\/tuellmann\/produkt\/jemenitische-juedin-in-en-kerem\/#primaryimage"},"thumbnailUrl":"https:\/\/bpk-archive.de\/tuellmann\/wp-content\/uploads\/2019\/08\/bpk_70271464.jpg","datePublished":"2019-09-05T13:01:17+00:00","dateModified":"2019-09-05T13:01:33+00:00","breadcrumb":{"@id":"https:\/\/bpk-archive.de\/tuellmann\/produkt\/jemenitische-juedin-in-en-kerem\/#breadcrumb"},"inLanguage":"de","potentialAction":[{"@type":"ReadAction","target":["https:\/\/bpk-archive.de\/tuellmann\/produkt\/jemenitische-juedin-in-en-kerem\/"]}]},{"@type":"ImageObject","inLanguage":"de","@id":"https:\/\/bpk-archive.de\/tuellmann\/produkt\/jemenitische-juedin-in-en-kerem\/#primaryimage","url":"https:\/\/bpk-archive.de\/tuellmann\/wp-content\/uploads\/2019\/08\/bpk_70271464.jpg","contentUrl":"https:\/\/bpk-archive.de\/tuellmann\/wp-content\/uploads\/2019\/08\/bpk_70271464.jpg","width":800,"height":1200,"caption":"Jemenitische J\u00fcdin in En Kerem"},{"@type":"BreadcrumbList","@id":"https:\/\/bpk-archive.de\/tuellmann\/produkt\/jemenitische-juedin-in-en-kerem\/#breadcrumb","itemListElement":[{"@type":"ListItem","position":1,"name":"Startseite","item":"https:\/\/bpk-archive.de\/tuellmann\/"},{"@type":"ListItem","position":2,"name":"Shop","item":"https:\/\/bpk-archive.de\/tuellmann\/shop\/"},{"@type":"ListItem","position":3,"name":"Jemenitische J\u00fcdin in En Kerem"}]},{"@type":"WebSite","@id":"https:\/\/bpk-archive.de\/tuellmann\/#website","url":"https:\/\/bpk-archive.de\/tuellmann\/","name":"Abisag T\u00fcllmann","description":"Eine weitere WordPress-Website","potentialAction":[{"@type":"SearchAction","target":{"@type":"EntryPoint","urlTemplate":"https:\/\/bpk-archive.de\/tuellmann\/?s={search_term_string}"},"query-input":{"@type":"PropertyValueSpecification","valueRequired":true,"valueName":"search_term_string"}}],"inLanguage":"de"}]}},"_links":{"self":[{"href":"https:\/\/bpk-archive.de\/tuellmann\/wp-json\/wp\/v2\/product\/70295127","targetHints":{"allow":["GET"]}}],"collection":[{"href":"https:\/\/bpk-archive.de\/tuellmann\/wp-json\/wp\/v2\/product"}],"about":[{"href":"https:\/\/bpk-archive.de\/tuellmann\/wp-json\/wp\/v2\/types\/product"}],"wp:featuredmedia":[{"embeddable":true,"href":"https:\/\/bpk-archive.de\/tuellmann\/wp-json\/wp\/v2\/media\/70292937"}],"wp:attachment":[{"href":"https:\/\/bpk-archive.de\/tuellmann\/wp-json\/wp\/v2\/media?parent=70295127"}],"wp:term":[{"taxonomy":"product_brand","embeddable":true,"href":"https:\/\/bpk-archive.de\/tuellmann\/wp-json\/wp\/v2\/product_brand?post=70295127"},{"taxonomy":"product_cat","embeddable":true,"href":"https:\/\/bpk-archive.de\/tuellmann\/wp-json\/wp\/v2\/product_cat?post=70295127"},{"taxonomy":"product_tag","embeddable":true,"href":"https:\/\/bpk-archive.de\/tuellmann\/wp-json\/wp\/v2\/product_tag?post=70295127"}],"curies":[{"name":"wp","href":"https:\/\/api.w.org\/{rel}","templated":true}]}}