{"id":70295102,"date":"2019-09-05T15:00:56","date_gmt":"2019-09-05T13:00:56","guid":{"rendered":"http:\/\/abisagtuellmann.bpk-news.de\/atbild\/im-israelischen-lager-al-ansar-fuer-gefangene-plo-kaempfer-im-israelisch-besetzten-teil-libanons-2\/"},"modified":"2019-09-05T15:01:07","modified_gmt":"2019-09-05T13:01:07","slug":"im-israelischen-lager-al-ansar-fuer-gefangene-plo-kaempfer-im-israelisch-besetzten-teil-libanons-2","status":"publish","type":"product","link":"https:\/\/bpk-archive.de\/tuellmann\/produkt\/im-israelischen-lager-al-ansar-fuer-gefangene-plo-kaempfer-im-israelisch-besetzten-teil-libanons-2\/","title":{"rendered":"Im israelischen Lager &#8222;Al Ansar&#8220; f\u00fcr gefangene PLO-K\u00e4mpfer im israelisch besetzten Teil Libanons"},"content":{"rendered":"","protected":false},"excerpt":{"rendered":"","protected":false},"featured_media":70292902,"template":"","meta":[],"product_brand":[],"product_cat":[],"product_tag":[47237,13232,13234,13231,13233,47238,47922,47923,48094,13777,47240,47241,13250,47924,47242,47243,47244,47245,47246,47247,47248,47249,47250,47251,47252,47253,47254,47255,47925,47926,47927,47257,47258,47259,14180,13253,13254,13255,13256,13257,47928,13260,48217,48218,48219,47929,13293,13786,13787,13294,13295,13296,13297,47267,47930,47931,47932,47933,47934,47935,47936,47937,47938,14066,47939,47940,13301,47941,47942,47943,47944,47945,47278,47279,47280,47281,47282,47283,47284,48336,48337,47946,47947,47948,47949,47295,47296,47297,47950,47951,47952,47953,47954,47301,47302,14222,47304,47305,47306,47307,47308,47309,47310,47592,48518,48519,47593,47319,47320,47322,47321,14229,47323,47324,47327,47328,47329,47330,47331,13328,13827,13828,13329,13330,13331,13332,47332,47955,13843,47956,47957,47333,47334,47335,47336,47337,48542,13877,13879,13865,13864,13866,13858,13859,13860,13861,13862,13863,13869,13870,13871,13872,14243,14244,14245,14246,14247,14248,14249,47611,47612,47613,47959,47960,47961,47962,47963,47964,47965,47966,13878,13880,14250,14251,47343,14252,47971,47972,14253,47973,47974,47975,47976,47977,47978,47979],"class_list":{"0":"post-70295102","1":"product","2":"type-product","3":"status-publish","4":"has-post-thumbnail","6":"product_tag-1980er-jahre","7":"product_tag-20-jahrhundert-nach-chr","8":"product_tag-20-jh-n-chr","9":"product_tag-20-jahrhundert","10":"product_tag-20-jh","11":"product_tag-80er","12":"product_tag-absperrung","13":"product_tag-absperrungen","14":"product_tag-abt_026","15":"product_tag-abzug","16":"product_tag-achtziger","17":"product_tag-at_israel","18":"product_tag-aussen","19":"product_tag-befreiungsorganisation","20":"product_tag-besatzungsmacht","21":"product_tag-besatzungsmaechte","22":"product_tag-besatzungsmaechten","23":"product_tag-besatzungszeit","24":"product_tag-besatzungszone","25":"product_tag-besatzungszonen","26":"product_tag-besetzen","27":"product_tag-besetzt","28":"product_tag-besetzte","29":"product_tag-besetzten","30":"product_tag-besetzter","31":"product_tag-besetztes","32":"product_tag-besetzung","33":"product_tag-besetzungen","34":"product_tag-bewachen","35":"product_tag-bewachung","36":"product_tag-biwak","37":"product_tag-buergerkrieg","38":"product_tag-buergerkriege","39":"product_tag-buergerkrieges","40":"product_tag-camp","41":"product_tag-deutsch","42":"product_tag-deutsche","43":"product_tag-deutschen","44":"product_tag-deutscher","45":"product_tag-deutsches","46":"product_tag-drahtverhau","47":"product_tag-draussen","48":"product_tag-fahrzeug","49":"product_tag-fahrzeuge","50":"product_tag-fahrzeugen","51":"product_tag-feldlager","52":"product_tag-foto","53":"product_tag-fotoabzug","54":"product_tag-fotoabzuege","55":"product_tag-fotografie","56":"product_tag-fotografien","57":"product_tag-fotografin","58":"product_tag-fotografinnen","59":"product_tag-fotoreportage","60":"product_tag-gefangen","61":"product_tag-gefangene","62":"product_tag-gefangenen","63":"product_tag-gefangenenlager","64":"product_tag-gefangener","65":"product_tag-gefangenschaft","66":"product_tag-gefaengnis","67":"product_tag-gefaengnisse","68":"product_tag-gefaengnisses","69":"product_tag-geschichte","70":"product_tag-haftanstalt","71":"product_tag-haftanstalten","72":"product_tag-im-freien","73":"product_tag-internieren","74":"product_tag-internierung","75":"product_tag-internierungen","76":"product_tag-internierungslager","77":"product_tag-internierungslagers","78":"product_tag-invasion","79":"product_tag-israel","80":"product_tag-israelisch","81":"product_tag-israelische","82":"product_tag-israelischer","83":"product_tag-israelisches","84":"product_tag-israels","85":"product_tag-jeep","86":"product_tag-jeeps","87":"product_tag-kaempfer","88":"product_tag-kaempfers","89":"product_tag-knast","90":"product_tag-konflikt","91":"product_tag-krieg","92":"product_tag-kriege","93":"product_tag-krieges","94":"product_tag-kriegsgefangene","95":"product_tag-kriegsgefangenen","96":"product_tag-kriegsgefangenenlager","97":"product_tag-kriegsgefangener","98":"product_tag-kriegsgefangenschaft","99":"product_tag-krise","100":"product_tag-krisen","101":"product_tag-lager","102":"product_tag-libanesisch","103":"product_tag-libanesische","104":"product_tag-libanesischen","105":"product_tag-libanesischer","106":"product_tag-libanesisches","107":"product_tag-libanon","108":"product_tag-libanonkrieg","109":"product_tag-militaer","110":"product_tag-militaerfahrzeug","111":"product_tag-militaerfahrzeuge","112":"product_tag-militaers","113":"product_tag-naher-osten","114":"product_tag-nahost","115":"product_tag-nahost-konflikt","116":"product_tag-nahostkonflikt","117":"product_tag-obdach","118":"product_tag-okkupation","119":"product_tag-palaestinenser","120":"product_tag-palaestinensisch","121":"product_tag-palaestinensische","122":"product_tag-palaestinensischen","123":"product_tag-palaestinensischer","124":"product_tag-palaestinensisches","125":"product_tag-photo","126":"product_tag-photoabzug","127":"product_tag-photoabzuege","128":"product_tag-photographie","129":"product_tag-photographien","130":"product_tag-photographin","131":"product_tag-photographinnen","132":"product_tag-photoreportage","133":"product_tag-plo","134":"product_tag-print","135":"product_tag-quartier","136":"product_tag-quartiere","137":"product_tag-reportage","138":"product_tag-reportagefoto","139":"product_tag-reportagefotografie","140":"product_tag-reportagephoto","141":"product_tag-reportagephotographie","142":"product_tag-rotes-kreuz","143":"product_tag-s-w-fotografie","144":"product_tag-s-w-photographie","145":"product_tag-schwarzweissphotographie","146":"product_tag-schwarz-weiss-fotografie","147":"product_tag-schwarz-weiss-photographie","148":"product_tag-schwarzweiss","149":"product_tag-schwarzweisse","150":"product_tag-schwarzweissen","151":"product_tag-schwarzweisser","152":"product_tag-schwarzweisses","153":"product_tag-schwarzweissfotografie","154":"product_tag-silbergelatine","155":"product_tag-silbergelatineabzug","156":"product_tag-silbergelatineabzuege","157":"product_tag-silbergelatineprint","158":"product_tag-sitzen","159":"product_tag-sitzend","160":"product_tag-sitzende","161":"product_tag-sitzenden","162":"product_tag-sitzender","163":"product_tag-sitzendes","164":"product_tag-sitzt","165":"product_tag-soldat","166":"product_tag-soldaten","167":"product_tag-soldats","168":"product_tag-stacheldraht","169":"product_tag-stacheldrahtverhau","170":"product_tag-stacheldrahtverhaue","171":"product_tag-stacheldrahtzaun","172":"product_tag-stacheldrahtzaeune","173":"product_tag-strafanstalt","174":"product_tag-strafanstalten","175":"product_tag-stuetzpunkt","176":"product_tag-sw-fotografie","177":"product_tag-sw-photographie","178":"product_tag-unterkunft","179":"product_tag-unterkuenfte","180":"product_tag-zeitgeschichte","181":"product_tag-zelt","182":"product_tag-zeltdach","183":"product_tag-zeltdaecher","184":"product_tag-zelte","185":"product_tag-zeltlager","186":"product_tag-zeltplane","187":"product_tag-zeltplanen","188":"product_tag-zeltstadt","189":"product_tag-zuchthaus","190":"product_tag-zuchthaeuser","191":"product_tag-zuchthauses","192":"pa_datierung-juli-1982","193":"pa_fotograf-abisag-tuellmann","194":"pa_geografischer_bezug-aufnahmeort-ansar-libanon","195":"pa_grunddaten_material_technik-foto-silbergelatine-auf-barytpapier","196":"pa_inventarnummer-tue-82-088-02","197":"pa_jahr_von-47235","198":"pa_massangaben-bildformat-foto-294-x-40-cm","199":"pa_mediennummer-48539","200":"pa_objekt_typ-fotografie","202":"first","203":"instock","204":"product-type-simple"},"yoast_head":"<!-- This site is optimized with the Yoast SEO plugin v27.3 - https:\/\/yoast.com\/product\/yoast-seo-wordpress\/ -->\n<title>Im israelischen Lager &quot;Al Ansar&quot; f\u00fcr gefangene PLO-K\u00e4mpfer im israelisch besetzten Teil Libanons - Abisag T\u00fcllmann<\/title>\n<meta name=\"robots\" content=\"index, follow, max-snippet:-1, max-image-preview:large, max-video-preview:-1\" \/>\n<link rel=\"canonical\" href=\"https:\/\/bpk-archive.de\/tuellmann\/produkt\/im-israelischen-lager-al-ansar-fuer-gefangene-plo-kaempfer-im-israelisch-besetzten-teil-libanons-2\/\" \/>\n<meta property=\"og:locale\" content=\"de_DE\" \/>\n<meta property=\"og:type\" content=\"article\" \/>\n<meta property=\"og:title\" content=\"Im israelischen Lager &quot;Al Ansar&quot; f\u00fcr gefangene PLO-K\u00e4mpfer im israelisch besetzten Teil Libanons - Abisag T\u00fcllmann\" \/>\n<meta property=\"og:url\" content=\"https:\/\/bpk-archive.de\/tuellmann\/produkt\/im-israelischen-lager-al-ansar-fuer-gefangene-plo-kaempfer-im-israelisch-besetzten-teil-libanons-2\/\" \/>\n<meta property=\"og:site_name\" content=\"Abisag T\u00fcllmann\" \/>\n<meta property=\"article:modified_time\" content=\"2019-09-05T13:01:07+00:00\" \/>\n<meta property=\"og:image\" content=\"https:\/\/bpk-archive.de\/tuellmann\/wp-content\/uploads\/2019\/08\/bpk_70271630.jpg\" \/>\n\t<meta property=\"og:image:width\" content=\"1200\" \/>\n\t<meta property=\"og:image:height\" content=\"891\" \/>\n\t<meta property=\"og:image:type\" content=\"image\/jpeg\" \/>\n<meta name=\"twitter:card\" content=\"summary_large_image\" \/>\n<script type=\"application\/ld+json\" class=\"yoast-schema-graph\">{\"@context\":\"https:\\\/\\\/schema.org\",\"@graph\":[{\"@type\":\"WebPage\",\"@id\":\"https:\\\/\\\/bpk-archive.de\\\/tuellmann\\\/produkt\\\/im-israelischen-lager-al-ansar-fuer-gefangene-plo-kaempfer-im-israelisch-besetzten-teil-libanons-2\\\/\",\"url\":\"https:\\\/\\\/bpk-archive.de\\\/tuellmann\\\/produkt\\\/im-israelischen-lager-al-ansar-fuer-gefangene-plo-kaempfer-im-israelisch-besetzten-teil-libanons-2\\\/\",\"name\":\"Im israelischen Lager \\\"Al Ansar\\\" f\u00fcr gefangene PLO-K\u00e4mpfer im israelisch besetzten Teil Libanons - Abisag T\u00fcllmann\",\"isPartOf\":{\"@id\":\"https:\\\/\\\/bpk-archive.de\\\/tuellmann\\\/#website\"},\"primaryImageOfPage\":{\"@id\":\"https:\\\/\\\/bpk-archive.de\\\/tuellmann\\\/produkt\\\/im-israelischen-lager-al-ansar-fuer-gefangene-plo-kaempfer-im-israelisch-besetzten-teil-libanons-2\\\/#primaryimage\"},\"image\":{\"@id\":\"https:\\\/\\\/bpk-archive.de\\\/tuellmann\\\/produkt\\\/im-israelischen-lager-al-ansar-fuer-gefangene-plo-kaempfer-im-israelisch-besetzten-teil-libanons-2\\\/#primaryimage\"},\"thumbnailUrl\":\"https:\\\/\\\/bpk-archive.de\\\/tuellmann\\\/wp-content\\\/uploads\\\/2019\\\/08\\\/bpk_70271630.jpg\",\"datePublished\":\"2019-09-05T13:00:56+00:00\",\"dateModified\":\"2019-09-05T13:01:07+00:00\",\"breadcrumb\":{\"@id\":\"https:\\\/\\\/bpk-archive.de\\\/tuellmann\\\/produkt\\\/im-israelischen-lager-al-ansar-fuer-gefangene-plo-kaempfer-im-israelisch-besetzten-teil-libanons-2\\\/#breadcrumb\"},\"inLanguage\":\"de\",\"potentialAction\":[{\"@type\":\"ReadAction\",\"target\":[\"https:\\\/\\\/bpk-archive.de\\\/tuellmann\\\/produkt\\\/im-israelischen-lager-al-ansar-fuer-gefangene-plo-kaempfer-im-israelisch-besetzten-teil-libanons-2\\\/\"]}]},{\"@type\":\"ImageObject\",\"inLanguage\":\"de\",\"@id\":\"https:\\\/\\\/bpk-archive.de\\\/tuellmann\\\/produkt\\\/im-israelischen-lager-al-ansar-fuer-gefangene-plo-kaempfer-im-israelisch-besetzten-teil-libanons-2\\\/#primaryimage\",\"url\":\"https:\\\/\\\/bpk-archive.de\\\/tuellmann\\\/wp-content\\\/uploads\\\/2019\\\/08\\\/bpk_70271630.jpg\",\"contentUrl\":\"https:\\\/\\\/bpk-archive.de\\\/tuellmann\\\/wp-content\\\/uploads\\\/2019\\\/08\\\/bpk_70271630.jpg\",\"width\":1200,\"height\":891,\"caption\":\"Im israelischen Lager \\\"Al Ansar\\\" f\u00fcr gefangene PLO-K\u00e4mpfer im israelisch besetzten Teil Libanons\"},{\"@type\":\"BreadcrumbList\",\"@id\":\"https:\\\/\\\/bpk-archive.de\\\/tuellmann\\\/produkt\\\/im-israelischen-lager-al-ansar-fuer-gefangene-plo-kaempfer-im-israelisch-besetzten-teil-libanons-2\\\/#breadcrumb\",\"itemListElement\":[{\"@type\":\"ListItem\",\"position\":1,\"name\":\"Startseite\",\"item\":\"https:\\\/\\\/bpk-archive.de\\\/tuellmann\\\/\"},{\"@type\":\"ListItem\",\"position\":2,\"name\":\"Shop\",\"item\":\"https:\\\/\\\/bpk-archive.de\\\/tuellmann\\\/shop\\\/\"},{\"@type\":\"ListItem\",\"position\":3,\"name\":\"Im israelischen Lager &#8220;Al Ansar&#8221; f\u00fcr gefangene PLO-K\u00e4mpfer im israelisch besetzten Teil Libanons\"}]},{\"@type\":\"WebSite\",\"@id\":\"https:\\\/\\\/bpk-archive.de\\\/tuellmann\\\/#website\",\"url\":\"https:\\\/\\\/bpk-archive.de\\\/tuellmann\\\/\",\"name\":\"Abisag T\u00fcllmann\",\"description\":\"Eine weitere WordPress-Website\",\"potentialAction\":[{\"@type\":\"SearchAction\",\"target\":{\"@type\":\"EntryPoint\",\"urlTemplate\":\"https:\\\/\\\/bpk-archive.de\\\/tuellmann\\\/?s={search_term_string}\"},\"query-input\":{\"@type\":\"PropertyValueSpecification\",\"valueRequired\":true,\"valueName\":\"search_term_string\"}}],\"inLanguage\":\"de\"}]}<\/script>\n<!-- \/ Yoast SEO plugin. -->","yoast_head_json":{"title":"Im israelischen Lager \"Al Ansar\" f\u00fcr gefangene PLO-K\u00e4mpfer im israelisch besetzten Teil Libanons - Abisag T\u00fcllmann","robots":{"index":"index","follow":"follow","max-snippet":"max-snippet:-1","max-image-preview":"max-image-preview:large","max-video-preview":"max-video-preview:-1"},"canonical":"https:\/\/bpk-archive.de\/tuellmann\/produkt\/im-israelischen-lager-al-ansar-fuer-gefangene-plo-kaempfer-im-israelisch-besetzten-teil-libanons-2\/","og_locale":"de_DE","og_type":"article","og_title":"Im israelischen Lager \"Al Ansar\" f\u00fcr gefangene PLO-K\u00e4mpfer im israelisch besetzten Teil Libanons - Abisag T\u00fcllmann","og_url":"https:\/\/bpk-archive.de\/tuellmann\/produkt\/im-israelischen-lager-al-ansar-fuer-gefangene-plo-kaempfer-im-israelisch-besetzten-teil-libanons-2\/","og_site_name":"Abisag T\u00fcllmann","article_modified_time":"2019-09-05T13:01:07+00:00","og_image":[{"width":1200,"height":891,"url":"https:\/\/bpk-archive.de\/tuellmann\/wp-content\/uploads\/2019\/08\/bpk_70271630.jpg","type":"image\/jpeg"}],"twitter_card":"summary_large_image","schema":{"@context":"https:\/\/schema.org","@graph":[{"@type":"WebPage","@id":"https:\/\/bpk-archive.de\/tuellmann\/produkt\/im-israelischen-lager-al-ansar-fuer-gefangene-plo-kaempfer-im-israelisch-besetzten-teil-libanons-2\/","url":"https:\/\/bpk-archive.de\/tuellmann\/produkt\/im-israelischen-lager-al-ansar-fuer-gefangene-plo-kaempfer-im-israelisch-besetzten-teil-libanons-2\/","name":"Im israelischen Lager \"Al Ansar\" f\u00fcr gefangene PLO-K\u00e4mpfer im israelisch besetzten Teil Libanons - Abisag T\u00fcllmann","isPartOf":{"@id":"https:\/\/bpk-archive.de\/tuellmann\/#website"},"primaryImageOfPage":{"@id":"https:\/\/bpk-archive.de\/tuellmann\/produkt\/im-israelischen-lager-al-ansar-fuer-gefangene-plo-kaempfer-im-israelisch-besetzten-teil-libanons-2\/#primaryimage"},"image":{"@id":"https:\/\/bpk-archive.de\/tuellmann\/produkt\/im-israelischen-lager-al-ansar-fuer-gefangene-plo-kaempfer-im-israelisch-besetzten-teil-libanons-2\/#primaryimage"},"thumbnailUrl":"https:\/\/bpk-archive.de\/tuellmann\/wp-content\/uploads\/2019\/08\/bpk_70271630.jpg","datePublished":"2019-09-05T13:00:56+00:00","dateModified":"2019-09-05T13:01:07+00:00","breadcrumb":{"@id":"https:\/\/bpk-archive.de\/tuellmann\/produkt\/im-israelischen-lager-al-ansar-fuer-gefangene-plo-kaempfer-im-israelisch-besetzten-teil-libanons-2\/#breadcrumb"},"inLanguage":"de","potentialAction":[{"@type":"ReadAction","target":["https:\/\/bpk-archive.de\/tuellmann\/produkt\/im-israelischen-lager-al-ansar-fuer-gefangene-plo-kaempfer-im-israelisch-besetzten-teil-libanons-2\/"]}]},{"@type":"ImageObject","inLanguage":"de","@id":"https:\/\/bpk-archive.de\/tuellmann\/produkt\/im-israelischen-lager-al-ansar-fuer-gefangene-plo-kaempfer-im-israelisch-besetzten-teil-libanons-2\/#primaryimage","url":"https:\/\/bpk-archive.de\/tuellmann\/wp-content\/uploads\/2019\/08\/bpk_70271630.jpg","contentUrl":"https:\/\/bpk-archive.de\/tuellmann\/wp-content\/uploads\/2019\/08\/bpk_70271630.jpg","width":1200,"height":891,"caption":"Im israelischen Lager \"Al Ansar\" f\u00fcr gefangene PLO-K\u00e4mpfer im israelisch besetzten Teil Libanons"},{"@type":"BreadcrumbList","@id":"https:\/\/bpk-archive.de\/tuellmann\/produkt\/im-israelischen-lager-al-ansar-fuer-gefangene-plo-kaempfer-im-israelisch-besetzten-teil-libanons-2\/#breadcrumb","itemListElement":[{"@type":"ListItem","position":1,"name":"Startseite","item":"https:\/\/bpk-archive.de\/tuellmann\/"},{"@type":"ListItem","position":2,"name":"Shop","item":"https:\/\/bpk-archive.de\/tuellmann\/shop\/"},{"@type":"ListItem","position":3,"name":"Im israelischen Lager &#8220;Al Ansar&#8221; f\u00fcr gefangene PLO-K\u00e4mpfer im israelisch besetzten Teil Libanons"}]},{"@type":"WebSite","@id":"https:\/\/bpk-archive.de\/tuellmann\/#website","url":"https:\/\/bpk-archive.de\/tuellmann\/","name":"Abisag T\u00fcllmann","description":"Eine weitere WordPress-Website","potentialAction":[{"@type":"SearchAction","target":{"@type":"EntryPoint","urlTemplate":"https:\/\/bpk-archive.de\/tuellmann\/?s={search_term_string}"},"query-input":{"@type":"PropertyValueSpecification","valueRequired":true,"valueName":"search_term_string"}}],"inLanguage":"de"}]}},"_links":{"self":[{"href":"https:\/\/bpk-archive.de\/tuellmann\/wp-json\/wp\/v2\/product\/70295102","targetHints":{"allow":["GET"]}}],"collection":[{"href":"https:\/\/bpk-archive.de\/tuellmann\/wp-json\/wp\/v2\/product"}],"about":[{"href":"https:\/\/bpk-archive.de\/tuellmann\/wp-json\/wp\/v2\/types\/product"}],"wp:featuredmedia":[{"embeddable":true,"href":"https:\/\/bpk-archive.de\/tuellmann\/wp-json\/wp\/v2\/media\/70292902"}],"wp:attachment":[{"href":"https:\/\/bpk-archive.de\/tuellmann\/wp-json\/wp\/v2\/media?parent=70295102"}],"wp:term":[{"taxonomy":"product_brand","embeddable":true,"href":"https:\/\/bpk-archive.de\/tuellmann\/wp-json\/wp\/v2\/product_brand?post=70295102"},{"taxonomy":"product_cat","embeddable":true,"href":"https:\/\/bpk-archive.de\/tuellmann\/wp-json\/wp\/v2\/product_cat?post=70295102"},{"taxonomy":"product_tag","embeddable":true,"href":"https:\/\/bpk-archive.de\/tuellmann\/wp-json\/wp\/v2\/product_tag?post=70295102"}],"curies":[{"name":"wp","href":"https:\/\/api.w.org\/{rel}","templated":true}]}}