{"id":70295099,"date":"2019-09-05T15:00:56","date_gmt":"2019-09-05T13:00:56","guid":{"rendered":"http:\/\/abisagtuellmann.bpk-news.de\/atbild\/shimon-peres-rechts-wird-beim-wahlkampfbesuch-in-petach-tikwa-von-begin-anhaengern-bedraengt\/"},"modified":"2019-09-05T15:01:05","modified_gmt":"2019-09-05T13:01:05","slug":"shimon-peres-rechts-wird-beim-wahlkampfbesuch-in-petach-tikwa-von-begin-anhaengern-bedraengt","status":"publish","type":"product","link":"https:\/\/bpk-archive.de\/tuellmann\/produkt\/shimon-peres-rechts-wird-beim-wahlkampfbesuch-in-petach-tikwa-von-begin-anhaengern-bedraengt\/","title":{"rendered":"Shimon Peres (rechts) wird beim Wahlkampfbesuch in Petach Tikwa von Begin-Anh\u00e4ngern bedr\u00e4ngt"},"content":{"rendered":"<p>R\u00fcckseite siehe: 70271638 R\u00fcckseitenbeschriftung von Hand der Fotografin: &#8222;Shimon Peres, ganz rechts, wird in Petah Tiqwa beim Wahlkampf 81 von Begin-Anh\u00e4ngern angep\u00f6belt (Sephardim)&#8220;<\/p>\n","protected":false},"excerpt":{"rendered":"<p>R\u00fcckseite siehe: 70271638 R\u00fcckseitenbeschriftung von Hand der Fotografin: &#8222;Shimon Peres, ganz rechts, wird in Petah Tiqwa beim Wahlkampf 81 von Begin-Anh\u00e4ngern angep\u00f6belt (Sephardim)&#8220;<\/p>\n","protected":false},"featured_media":70292923,"template":"","meta":[],"product_brand":[],"product_cat":[],"product_tag":[48485,48465,47237,13232,13234,13231,13233,47238,48094,13777,47240,48466,48467,48468,48469,48470,48471,48472,48473,48474,48475,48476,48295,48296,47241,48477,48478,13250,47549,47550,47551,47552,47553,48479,48480,48481,48482,48483,48484,13607,13608,13609,13610,13611,13612,13613,13615,13616,13617,13618,13619,13620,13621,13622,13623,13624,13253,13254,13255,13256,13257,13260,13293,13786,13787,13294,13295,13296,13297,47267,47519,48486,14066,48487,13301,47279,47747,47280,47281,47282,47283,47284,48447,47751,47752,47755,47756,47757,47758,47759,47949,48258,48488,48489,13818,13819,13826,13319,13320,13321,13322,13323,48490,47319,47320,48491,48264,48265,48451,48452,48492,47899,47900,13328,13827,13828,13329,13330,13331,13332,47332,48493,48494,48495,48322,47901,47902,48496,48497,48498,13843,13641,13642,13643,13644,13645,13646,13647,13648,13649,13653,47333,47334,47335,47336,47337,13877,13879,48499,48500,13865,13864,13866,13858,13859,13860,13861,13862,13863,48501,13869,13870,13871,13872,13519,13520,13521,13522,13523,13524,13878,13880,13655,13656,48323,48324,48326,48327,48328,48329,48502],"class_list":{"0":"post-70295099","1":"product","2":"type-product","3":"status-publish","4":"has-post-thumbnail","6":"product_tag-eigtl-persky","7":"product_tag-2-8-1923-2016","8":"product_tag-1980er-jahre","9":"product_tag-20-jahrhundert-nach-chr","10":"product_tag-20-jh-n-chr","11":"product_tag-20-jahrhundert","12":"product_tag-20-jh","13":"product_tag-80er","14":"product_tag-abt_026","15":"product_tag-abzug","16":"product_tag-achtziger","17":"product_tag-aggression","18":"product_tag-aggressiv","19":"product_tag-aggressive","20":"product_tag-aggressiver","21":"product_tag-aggressives","22":"product_tag-anfeindung","23":"product_tag-angreifen","24":"product_tag-angreifer","25":"product_tag-angreifers","26":"product_tag-angriff","27":"product_tag-angriffs","28":"product_tag-anhaenger","29":"product_tag-anhaengern","30":"product_tag-at_israel","31":"product_tag-attacke","32":"product_tag-auseinandersetzung","33":"product_tag-aussen","34":"product_tag-auto","35":"product_tag-automobil","36":"product_tag-automobile","37":"product_tag-automobils","38":"product_tag-autos","39":"product_tag-awoda","40":"product_tag-beschimpfung","41":"product_tag-besuch","42":"product_tag-besuche","43":"product_tag-besuchen","44":"product_tag-besucht","45":"product_tag-demo","46":"product_tag-demonstrant","47":"product_tag-demonstranten","48":"product_tag-demonstration","49":"product_tag-demonstrationen","50":"product_tag-demonstrationsplakat","51":"product_tag-demonstrationsschild","52":"product_tag-demonstrieren","53":"product_tag-demonstrierend","54":"product_tag-demonstrierende","55":"product_tag-demonstrierenden","56":"product_tag-demonstrierender","57":"product_tag-demonstrierendes","58":"product_tag-demonstriert","59":"product_tag-demoplakat","60":"product_tag-demos","61":"product_tag-demoschild","62":"product_tag-deutsch","63":"product_tag-deutsche","64":"product_tag-deutschen","65":"product_tag-deutscher","66":"product_tag-deutsches","67":"product_tag-draussen","68":"product_tag-foto","69":"product_tag-fotoabzug","70":"product_tag-fotoabzuege","71":"product_tag-fotografie","72":"product_tag-fotografien","73":"product_tag-fotografin","74":"product_tag-fotografinnen","75":"product_tag-fotoreportage","76":"product_tag-gedraenge","77":"product_tag-gegner","78":"product_tag-geschichte","79":"product_tag-handgemenge","80":"product_tag-im-freien","81":"product_tag-israel","82":"product_tag-israeli","83":"product_tag-israelisch","84":"product_tag-israelische","85":"product_tag-israelischer","86":"product_tag-israelisches","87":"product_tag-israels","88":"product_tag-isralis","89":"product_tag-jude","90":"product_tag-juden","91":"product_tag-juedisch","92":"product_tag-juedische","93":"product_tag-juedischen","94":"product_tag-juedischer","95":"product_tag-juedisches","96":"product_tag-konflikt","97":"product_tag-likud","98":"product_tag-limousine","99":"product_tag-limousinen","100":"product_tag-mann","101":"product_tag-maenner","102":"product_tag-mannes","103":"product_tag-menschenansammlung","104":"product_tag-menschenauflauf","105":"product_tag-menschenmassen","106":"product_tag-menschenmenge","107":"product_tag-menschenschar","108":"product_tag-mob","109":"product_tag-naher-osten","110":"product_tag-nahost","111":"product_tag-opposition","112":"product_tag-partei","113":"product_tag-parteien","114":"product_tag-pendant","115":"product_tag-pendants","116":"product_tag-peres","117":"product_tag-persoenlichkeit","118":"product_tag-persoenlichkeiten","119":"product_tag-photo","120":"product_tag-photoabzug","121":"product_tag-photoabzuege","122":"product_tag-photographie","123":"product_tag-photographien","124":"product_tag-photographin","125":"product_tag-photographinnen","126":"product_tag-photoreportage","127":"product_tag-poebel","128":"product_tag-poebelei","129":"product_tag-poebeln","130":"product_tag-politik","131":"product_tag-politiker","132":"product_tag-politikers","133":"product_tag-polizei","134":"product_tag-polizist","135":"product_tag-polizisten","136":"product_tag-print","137":"product_tag-protest","138":"product_tag-proteste","139":"product_tag-protestieren","140":"product_tag-protestierend","141":"product_tag-protestierende","142":"product_tag-protestierenden","143":"product_tag-protestierender","144":"product_tag-protestierendes","145":"product_tag-protestiert","146":"product_tag-protestschild","147":"product_tag-reportage","148":"product_tag-reportagefoto","149":"product_tag-reportagefotografie","150":"product_tag-reportagephoto","151":"product_tag-reportagephotographie","152":"product_tag-s-w-fotografie","153":"product_tag-s-w-photographie","154":"product_tag-schild","155":"product_tag-schilder","156":"product_tag-schwarzweissphotographie","157":"product_tag-schwarz-weiss-fotografie","158":"product_tag-schwarz-weiss-photographie","159":"product_tag-schwarzweiss","160":"product_tag-schwarzweisse","161":"product_tag-schwarzweissen","162":"product_tag-schwarzweisser","163":"product_tag-schwarzweisses","164":"product_tag-schwarzweissfotografie","165":"product_tag-shimon","166":"product_tag-silbergelatine","167":"product_tag-silbergelatineabzug","168":"product_tag-silbergelatineabzuege","169":"product_tag-silbergelatineprint","170":"product_tag-stehen","171":"product_tag-stehend","172":"product_tag-stehende","173":"product_tag-stehenden","174":"product_tag-stehender","175":"product_tag-stehendes","176":"product_tag-sw-fotografie","177":"product_tag-sw-photographie","178":"product_tag-transparent","179":"product_tag-transparente","180":"product_tag-wahl","181":"product_tag-wahlen","182":"product_tag-waehlerschaft","183":"product_tag-wahlkampf","184":"product_tag-wahlkaempfe","185":"product_tag-wahlkampfs","186":"product_tag-zu-besuch","187":"pa_datierung-juni-1981","188":"pa_fotograf-abisag-tuellmann","189":"pa_geografischer_bezug-aufnahmeort-petach-tikwa-israel","190":"pa_grunddaten_material_technik-foto-silbergelatine-auf-barytpapier","191":"pa_inventarnummer-tue-81-082-35","192":"pa_jahr_von-48126","193":"pa_massangaben-bildformat-foto-284-x-398-cm","194":"pa_mediennummer-48464","195":"pa_objekt_typ-fotografie","197":"first","198":"instock","199":"product-type-simple"},"yoast_head":"<!-- This site is optimized with the Yoast SEO plugin v27.3 - https:\/\/yoast.com\/product\/yoast-seo-wordpress\/ -->\n<title>Shimon Peres (rechts) wird beim Wahlkampfbesuch in Petach Tikwa von Begin-Anh\u00e4ngern bedr\u00e4ngt - Abisag T\u00fcllmann<\/title>\n<meta name=\"robots\" content=\"index, follow, max-snippet:-1, max-image-preview:large, max-video-preview:-1\" \/>\n<link rel=\"canonical\" href=\"https:\/\/bpk-archive.de\/tuellmann\/produkt\/shimon-peres-rechts-wird-beim-wahlkampfbesuch-in-petach-tikwa-von-begin-anhaengern-bedraengt\/\" \/>\n<meta property=\"og:locale\" content=\"de_DE\" \/>\n<meta property=\"og:type\" content=\"article\" \/>\n<meta property=\"og:title\" content=\"Shimon Peres (rechts) wird beim Wahlkampfbesuch in Petach Tikwa von Begin-Anh\u00e4ngern bedr\u00e4ngt - Abisag T\u00fcllmann\" \/>\n<meta property=\"og:description\" content=\"R\u00fcckseite siehe: 70271638 R\u00fcckseitenbeschriftung von Hand der Fotografin: &#8222;Shimon Peres, ganz rechts, wird in Petah Tiqwa beim Wahlkampf 81 von Begin-Anh\u00e4ngern angep\u00f6belt (Sephardim)&#8220;\" \/>\n<meta property=\"og:url\" content=\"https:\/\/bpk-archive.de\/tuellmann\/produkt\/shimon-peres-rechts-wird-beim-wahlkampfbesuch-in-petach-tikwa-von-begin-anhaengern-bedraengt\/\" \/>\n<meta property=\"og:site_name\" content=\"Abisag T\u00fcllmann\" \/>\n<meta property=\"article:modified_time\" content=\"2019-09-05T13:01:05+00:00\" \/>\n<meta property=\"og:image\" content=\"https:\/\/bpk-archive.de\/tuellmann\/wp-content\/uploads\/2019\/08\/bpk_70271637.jpg\" \/>\n\t<meta property=\"og:image:width\" content=\"1200\" \/>\n\t<meta property=\"og:image:height\" content=\"861\" \/>\n\t<meta property=\"og:image:type\" content=\"image\/jpeg\" \/>\n<meta name=\"twitter:card\" content=\"summary_large_image\" \/>\n<script type=\"application\/ld+json\" class=\"yoast-schema-graph\">{\"@context\":\"https:\\\/\\\/schema.org\",\"@graph\":[{\"@type\":\"WebPage\",\"@id\":\"https:\\\/\\\/bpk-archive.de\\\/tuellmann\\\/produkt\\\/shimon-peres-rechts-wird-beim-wahlkampfbesuch-in-petach-tikwa-von-begin-anhaengern-bedraengt\\\/\",\"url\":\"https:\\\/\\\/bpk-archive.de\\\/tuellmann\\\/produkt\\\/shimon-peres-rechts-wird-beim-wahlkampfbesuch-in-petach-tikwa-von-begin-anhaengern-bedraengt\\\/\",\"name\":\"Shimon Peres (rechts) wird beim Wahlkampfbesuch in Petach Tikwa von Begin-Anh\u00e4ngern bedr\u00e4ngt - Abisag T\u00fcllmann\",\"isPartOf\":{\"@id\":\"https:\\\/\\\/bpk-archive.de\\\/tuellmann\\\/#website\"},\"primaryImageOfPage\":{\"@id\":\"https:\\\/\\\/bpk-archive.de\\\/tuellmann\\\/produkt\\\/shimon-peres-rechts-wird-beim-wahlkampfbesuch-in-petach-tikwa-von-begin-anhaengern-bedraengt\\\/#primaryimage\"},\"image\":{\"@id\":\"https:\\\/\\\/bpk-archive.de\\\/tuellmann\\\/produkt\\\/shimon-peres-rechts-wird-beim-wahlkampfbesuch-in-petach-tikwa-von-begin-anhaengern-bedraengt\\\/#primaryimage\"},\"thumbnailUrl\":\"https:\\\/\\\/bpk-archive.de\\\/tuellmann\\\/wp-content\\\/uploads\\\/2019\\\/08\\\/bpk_70271637.jpg\",\"datePublished\":\"2019-09-05T13:00:56+00:00\",\"dateModified\":\"2019-09-05T13:01:05+00:00\",\"breadcrumb\":{\"@id\":\"https:\\\/\\\/bpk-archive.de\\\/tuellmann\\\/produkt\\\/shimon-peres-rechts-wird-beim-wahlkampfbesuch-in-petach-tikwa-von-begin-anhaengern-bedraengt\\\/#breadcrumb\"},\"inLanguage\":\"de\",\"potentialAction\":[{\"@type\":\"ReadAction\",\"target\":[\"https:\\\/\\\/bpk-archive.de\\\/tuellmann\\\/produkt\\\/shimon-peres-rechts-wird-beim-wahlkampfbesuch-in-petach-tikwa-von-begin-anhaengern-bedraengt\\\/\"]}]},{\"@type\":\"ImageObject\",\"inLanguage\":\"de\",\"@id\":\"https:\\\/\\\/bpk-archive.de\\\/tuellmann\\\/produkt\\\/shimon-peres-rechts-wird-beim-wahlkampfbesuch-in-petach-tikwa-von-begin-anhaengern-bedraengt\\\/#primaryimage\",\"url\":\"https:\\\/\\\/bpk-archive.de\\\/tuellmann\\\/wp-content\\\/uploads\\\/2019\\\/08\\\/bpk_70271637.jpg\",\"contentUrl\":\"https:\\\/\\\/bpk-archive.de\\\/tuellmann\\\/wp-content\\\/uploads\\\/2019\\\/08\\\/bpk_70271637.jpg\",\"width\":1200,\"height\":861,\"caption\":\"Shimon Peres (rechts) wird beim Wahlkampfbesuch in Petach Tikwa von Begin-Anh\u00e4ngern bedr\u00e4ngt\"},{\"@type\":\"BreadcrumbList\",\"@id\":\"https:\\\/\\\/bpk-archive.de\\\/tuellmann\\\/produkt\\\/shimon-peres-rechts-wird-beim-wahlkampfbesuch-in-petach-tikwa-von-begin-anhaengern-bedraengt\\\/#breadcrumb\",\"itemListElement\":[{\"@type\":\"ListItem\",\"position\":1,\"name\":\"Startseite\",\"item\":\"https:\\\/\\\/bpk-archive.de\\\/tuellmann\\\/\"},{\"@type\":\"ListItem\",\"position\":2,\"name\":\"Shop\",\"item\":\"https:\\\/\\\/bpk-archive.de\\\/tuellmann\\\/shop\\\/\"},{\"@type\":\"ListItem\",\"position\":3,\"name\":\"Shimon Peres (rechts) wird beim Wahlkampfbesuch in Petach Tikwa von Begin-Anh\u00e4ngern bedr\u00e4ngt\"}]},{\"@type\":\"WebSite\",\"@id\":\"https:\\\/\\\/bpk-archive.de\\\/tuellmann\\\/#website\",\"url\":\"https:\\\/\\\/bpk-archive.de\\\/tuellmann\\\/\",\"name\":\"Abisag T\u00fcllmann\",\"description\":\"Eine weitere WordPress-Website\",\"potentialAction\":[{\"@type\":\"SearchAction\",\"target\":{\"@type\":\"EntryPoint\",\"urlTemplate\":\"https:\\\/\\\/bpk-archive.de\\\/tuellmann\\\/?s={search_term_string}\"},\"query-input\":{\"@type\":\"PropertyValueSpecification\",\"valueRequired\":true,\"valueName\":\"search_term_string\"}}],\"inLanguage\":\"de\"}]}<\/script>\n<!-- \/ Yoast SEO plugin. -->","yoast_head_json":{"title":"Shimon Peres (rechts) wird beim Wahlkampfbesuch in Petach Tikwa von Begin-Anh\u00e4ngern bedr\u00e4ngt - Abisag T\u00fcllmann","robots":{"index":"index","follow":"follow","max-snippet":"max-snippet:-1","max-image-preview":"max-image-preview:large","max-video-preview":"max-video-preview:-1"},"canonical":"https:\/\/bpk-archive.de\/tuellmann\/produkt\/shimon-peres-rechts-wird-beim-wahlkampfbesuch-in-petach-tikwa-von-begin-anhaengern-bedraengt\/","og_locale":"de_DE","og_type":"article","og_title":"Shimon Peres (rechts) wird beim Wahlkampfbesuch in Petach Tikwa von Begin-Anh\u00e4ngern bedr\u00e4ngt - Abisag T\u00fcllmann","og_description":"R\u00fcckseite siehe: 70271638 R\u00fcckseitenbeschriftung von Hand der Fotografin: &#8222;Shimon Peres, ganz rechts, wird in Petah Tiqwa beim Wahlkampf 81 von Begin-Anh\u00e4ngern angep\u00f6belt (Sephardim)&#8220;","og_url":"https:\/\/bpk-archive.de\/tuellmann\/produkt\/shimon-peres-rechts-wird-beim-wahlkampfbesuch-in-petach-tikwa-von-begin-anhaengern-bedraengt\/","og_site_name":"Abisag T\u00fcllmann","article_modified_time":"2019-09-05T13:01:05+00:00","og_image":[{"width":1200,"height":861,"url":"https:\/\/bpk-archive.de\/tuellmann\/wp-content\/uploads\/2019\/08\/bpk_70271637.jpg","type":"image\/jpeg"}],"twitter_card":"summary_large_image","schema":{"@context":"https:\/\/schema.org","@graph":[{"@type":"WebPage","@id":"https:\/\/bpk-archive.de\/tuellmann\/produkt\/shimon-peres-rechts-wird-beim-wahlkampfbesuch-in-petach-tikwa-von-begin-anhaengern-bedraengt\/","url":"https:\/\/bpk-archive.de\/tuellmann\/produkt\/shimon-peres-rechts-wird-beim-wahlkampfbesuch-in-petach-tikwa-von-begin-anhaengern-bedraengt\/","name":"Shimon Peres (rechts) wird beim Wahlkampfbesuch in Petach Tikwa von Begin-Anh\u00e4ngern bedr\u00e4ngt - Abisag T\u00fcllmann","isPartOf":{"@id":"https:\/\/bpk-archive.de\/tuellmann\/#website"},"primaryImageOfPage":{"@id":"https:\/\/bpk-archive.de\/tuellmann\/produkt\/shimon-peres-rechts-wird-beim-wahlkampfbesuch-in-petach-tikwa-von-begin-anhaengern-bedraengt\/#primaryimage"},"image":{"@id":"https:\/\/bpk-archive.de\/tuellmann\/produkt\/shimon-peres-rechts-wird-beim-wahlkampfbesuch-in-petach-tikwa-von-begin-anhaengern-bedraengt\/#primaryimage"},"thumbnailUrl":"https:\/\/bpk-archive.de\/tuellmann\/wp-content\/uploads\/2019\/08\/bpk_70271637.jpg","datePublished":"2019-09-05T13:00:56+00:00","dateModified":"2019-09-05T13:01:05+00:00","breadcrumb":{"@id":"https:\/\/bpk-archive.de\/tuellmann\/produkt\/shimon-peres-rechts-wird-beim-wahlkampfbesuch-in-petach-tikwa-von-begin-anhaengern-bedraengt\/#breadcrumb"},"inLanguage":"de","potentialAction":[{"@type":"ReadAction","target":["https:\/\/bpk-archive.de\/tuellmann\/produkt\/shimon-peres-rechts-wird-beim-wahlkampfbesuch-in-petach-tikwa-von-begin-anhaengern-bedraengt\/"]}]},{"@type":"ImageObject","inLanguage":"de","@id":"https:\/\/bpk-archive.de\/tuellmann\/produkt\/shimon-peres-rechts-wird-beim-wahlkampfbesuch-in-petach-tikwa-von-begin-anhaengern-bedraengt\/#primaryimage","url":"https:\/\/bpk-archive.de\/tuellmann\/wp-content\/uploads\/2019\/08\/bpk_70271637.jpg","contentUrl":"https:\/\/bpk-archive.de\/tuellmann\/wp-content\/uploads\/2019\/08\/bpk_70271637.jpg","width":1200,"height":861,"caption":"Shimon Peres (rechts) wird beim Wahlkampfbesuch in Petach Tikwa von Begin-Anh\u00e4ngern bedr\u00e4ngt"},{"@type":"BreadcrumbList","@id":"https:\/\/bpk-archive.de\/tuellmann\/produkt\/shimon-peres-rechts-wird-beim-wahlkampfbesuch-in-petach-tikwa-von-begin-anhaengern-bedraengt\/#breadcrumb","itemListElement":[{"@type":"ListItem","position":1,"name":"Startseite","item":"https:\/\/bpk-archive.de\/tuellmann\/"},{"@type":"ListItem","position":2,"name":"Shop","item":"https:\/\/bpk-archive.de\/tuellmann\/shop\/"},{"@type":"ListItem","position":3,"name":"Shimon Peres (rechts) wird beim Wahlkampfbesuch in Petach Tikwa von Begin-Anh\u00e4ngern bedr\u00e4ngt"}]},{"@type":"WebSite","@id":"https:\/\/bpk-archive.de\/tuellmann\/#website","url":"https:\/\/bpk-archive.de\/tuellmann\/","name":"Abisag T\u00fcllmann","description":"Eine weitere WordPress-Website","potentialAction":[{"@type":"SearchAction","target":{"@type":"EntryPoint","urlTemplate":"https:\/\/bpk-archive.de\/tuellmann\/?s={search_term_string}"},"query-input":{"@type":"PropertyValueSpecification","valueRequired":true,"valueName":"search_term_string"}}],"inLanguage":"de"}]}},"_links":{"self":[{"href":"https:\/\/bpk-archive.de\/tuellmann\/wp-json\/wp\/v2\/product\/70295099","targetHints":{"allow":["GET"]}}],"collection":[{"href":"https:\/\/bpk-archive.de\/tuellmann\/wp-json\/wp\/v2\/product"}],"about":[{"href":"https:\/\/bpk-archive.de\/tuellmann\/wp-json\/wp\/v2\/types\/product"}],"wp:featuredmedia":[{"embeddable":true,"href":"https:\/\/bpk-archive.de\/tuellmann\/wp-json\/wp\/v2\/media\/70292923"}],"wp:attachment":[{"href":"https:\/\/bpk-archive.de\/tuellmann\/wp-json\/wp\/v2\/media?parent=70295099"}],"wp:term":[{"taxonomy":"product_brand","embeddable":true,"href":"https:\/\/bpk-archive.de\/tuellmann\/wp-json\/wp\/v2\/product_brand?post=70295099"},{"taxonomy":"product_cat","embeddable":true,"href":"https:\/\/bpk-archive.de\/tuellmann\/wp-json\/wp\/v2\/product_cat?post=70295099"},{"taxonomy":"product_tag","embeddable":true,"href":"https:\/\/bpk-archive.de\/tuellmann\/wp-json\/wp\/v2\/product_tag?post=70295099"}],"curies":[{"name":"wp","href":"https:\/\/api.w.org\/{rel}","templated":true}]}}