{"id":70295088,"date":"2019-09-05T15:00:34","date_gmt":"2019-09-05T13:00:34","guid":{"rendered":"http:\/\/abisagtuellmann.bpk-news.de\/atbild\/unterkunft-fuer-marokkanische-einwanderer-in-bet-schemesch\/"},"modified":"2019-09-05T15:00:53","modified_gmt":"2019-09-05T13:00:53","slug":"unterkunft-fuer-marokkanische-einwanderer-in-bet-schemesch","status":"publish","type":"product","link":"https:\/\/bpk-archive.de\/tuellmann\/produkt\/unterkunft-fuer-marokkanische-einwanderer-in-bet-schemesch\/","title":{"rendered":"Unterkunft f\u00fcr marokkanische Einwanderer in Bet Schemesch"},"content":{"rendered":"<p>R\u00fcckseitenbeschriftung von Hand der Fotografin: Bet Shemesh: marokkanische Einwanderer&#8220;&#8220;<\/p>\n","protected":false},"excerpt":{"rendered":"<p>R\u00fcckseitenbeschriftung von Hand der Fotografin: Bet Shemesh: marokkanische Einwanderer&#8220;&#8220;<\/p>\n","protected":false},"featured_media":70292897,"template":"","meta":[],"product_brand":[],"product_cat":[],"product_tag":[47237,13232,13234,13231,13233,47238,48094,13777,47240,47418,47419,47420,47421,47422,47423,47424,14316,48095,47241,13250,48096,48097,48098,13253,13254,13255,13256,13257,13260,47727,47728,47729,14190,14191,14192,14193,14194,13293,13786,13787,13294,13295,13296,13297,47267,48099,48100,48101,48102,48103,48104,48105,48106,48107,48108,13301,47744,47745,47746,47279,47747,47750,47280,47281,47282,47283,47284,47751,47752,47755,47756,47757,47758,47759,13818,13819,13826,47778,47781,47782,47783,47784,47785,47787,47320,47449,47450,14229,13328,13827,13828,13329,13330,13331,13332,47332,13843,48109,48110,47333,47334,47335,47336,47337,13877,13879,48111,48112,48113,48114,13865,13864,13866,13858,13859,13860,13861,13862,13863,47788,47789,13869,13870,13871,13872,14243,14244,14245,14246,14247,14248,14249,48115,48116,47406,47407,13878,13880,48117,48118,48119,48120,14250,14251,47504,47505,47506,47792],"class_list":{"0":"post-70295088","1":"product","2":"type-product","3":"status-publish","4":"has-post-thumbnail","6":"product_tag-1980er-jahre","7":"product_tag-20-jahrhundert-nach-chr","8":"product_tag-20-jh-n-chr","9":"product_tag-20-jahrhundert","10":"product_tag-20-jh","11":"product_tag-80er","12":"product_tag-abt_026","13":"product_tag-abzug","14":"product_tag-achtziger","15":"product_tag-alt","16":"product_tag-alte","17":"product_tag-alten","18":"product_tag-alter","19":"product_tag-aeltere","20":"product_tag-aelterer","21":"product_tag-altes","22":"product_tag-armut","23":"product_tag-aschkenasim","24":"product_tag-at_israel","25":"product_tag-aussen","26":"product_tag-bett","27":"product_tag-betten","28":"product_tag-boden","29":"product_tag-deutsch","30":"product_tag-deutsche","31":"product_tag-deutschen","32":"product_tag-deutscher","33":"product_tag-deutsches","34":"product_tag-draussen","35":"product_tag-einwanderer","36":"product_tag-einwandern","37":"product_tag-einwanderung","38":"product_tag-fluechtlingsheim","39":"product_tag-fluechtlingsheime","40":"product_tag-fluechtlingslager","41":"product_tag-fluechtlingsunterkunft","42":"product_tag-fluechtlingsunterkuenfte","43":"product_tag-foto","44":"product_tag-fotoabzug","45":"product_tag-fotoabzuege","46":"product_tag-fotografie","47":"product_tag-fotografien","48":"product_tag-fotografin","49":"product_tag-fotografinnen","50":"product_tag-fotoreportage","51":"product_tag-fussboden","52":"product_tag-fussbodens","53":"product_tag-hauseingang","54":"product_tag-hauseingaenge","55":"product_tag-heiss","56":"product_tag-heisse","57":"product_tag-heissen","58":"product_tag-heisser","59":"product_tag-heisses","60":"product_tag-hitze","61":"product_tag-im-freien","62":"product_tag-immigrant","63":"product_tag-immigranten","64":"product_tag-immigration","65":"product_tag-israel","66":"product_tag-israeli","67":"product_tag-israelis","68":"product_tag-israelisch","69":"product_tag-israelische","70":"product_tag-israelischer","71":"product_tag-israelisches","72":"product_tag-israels","73":"product_tag-jude","74":"product_tag-juden","75":"product_tag-juedisch","76":"product_tag-juedische","77":"product_tag-juedischen","78":"product_tag-juedischer","79":"product_tag-juedisches","80":"product_tag-mann","81":"product_tag-maenner","82":"product_tag-mannes","83":"product_tag-marokkaner","84":"product_tag-marokkanisch","85":"product_tag-marokkanischen","86":"product_tag-marokkanischer","87":"product_tag-marokkanisches","88":"product_tag-marrokanische","89":"product_tag-migration","90":"product_tag-nahost","91":"product_tag-notunterkunft","92":"product_tag-notunterkuenfte","93":"product_tag-obdach","94":"product_tag-photo","95":"product_tag-photoabzug","96":"product_tag-photoabzuege","97":"product_tag-photographie","98":"product_tag-photographien","99":"product_tag-photographin","100":"product_tag-photographinnen","101":"product_tag-photoreportage","102":"product_tag-print","103":"product_tag-pritsche","104":"product_tag-pritschen","105":"product_tag-reportage","106":"product_tag-reportagefoto","107":"product_tag-reportagefotografie","108":"product_tag-reportagephoto","109":"product_tag-reportagephotographie","110":"product_tag-s-w-fotografie","111":"product_tag-s-w-photographie","112":"product_tag-schatten","113":"product_tag-schattens","114":"product_tag-schlafplatz","115":"product_tag-schlafplaetze","116":"product_tag-schwarzweissphotographie","117":"product_tag-schwarz-weiss-fotografie","118":"product_tag-schwarz-weiss-photographie","119":"product_tag-schwarzweiss","120":"product_tag-schwarzweisse","121":"product_tag-schwarzweissen","122":"product_tag-schwarzweisser","123":"product_tag-schwarzweisses","124":"product_tag-schwarzweissfotografie","125":"product_tag-sepharde","126":"product_tag-sephardim","127":"product_tag-silbergelatine","128":"product_tag-silbergelatineabzug","129":"product_tag-silbergelatineabzuege","130":"product_tag-silbergelatineprint","131":"product_tag-sitzen","132":"product_tag-sitzend","133":"product_tag-sitzende","134":"product_tag-sitzenden","135":"product_tag-sitzender","136":"product_tag-sitzendes","137":"product_tag-sitzt","138":"product_tag-sonnenlicht","139":"product_tag-sonnenschein","140":"product_tag-stadt","141":"product_tag-staedte","142":"product_tag-sw-fotografie","143":"product_tag-sw-photographie","144":"product_tag-treppe","145":"product_tag-treppen","146":"product_tag-treppenhaus","147":"product_tag-treppenhaeuser","148":"product_tag-unterkunft","149":"product_tag-unterkuenfte","150":"product_tag-wohngebaeude","151":"product_tag-wohnhaus","152":"product_tag-wohnhaeuser","153":"product_tag-zuwanderer","154":"pa_datierung-november-1983","155":"pa_fotograf-abisag-tuellmann","156":"pa_geografischer_bezug-aufnahmeort-bet-schemesch-israel","157":"pa_grunddaten_material_technik-foto-silbergelatine-auf-barytpapier","158":"pa_inventarnummer-tue-83-218-02a","159":"pa_jahr_von-47717","160":"pa_massangaben-bildformat-foto-275-x-40-cm","161":"pa_mediennummer-48090","162":"pa_objekt_typ-fotografie","164":"first","165":"instock","166":"product-type-simple"},"yoast_head":"<!-- This site is optimized with the Yoast SEO plugin v27.4 - https:\/\/yoast.com\/product\/yoast-seo-wordpress\/ -->\n<title>Unterkunft f\u00fcr marokkanische Einwanderer in Bet Schemesch - Abisag T\u00fcllmann<\/title>\n<meta name=\"robots\" content=\"index, follow, max-snippet:-1, max-image-preview:large, max-video-preview:-1\" \/>\n<link rel=\"canonical\" href=\"https:\/\/bpk-archive.de\/tuellmann\/produkt\/unterkunft-fuer-marokkanische-einwanderer-in-bet-schemesch\/\" \/>\n<meta property=\"og:locale\" content=\"de_DE\" \/>\n<meta property=\"og:type\" content=\"article\" \/>\n<meta property=\"og:title\" content=\"Unterkunft f\u00fcr marokkanische Einwanderer in Bet Schemesch - Abisag T\u00fcllmann\" \/>\n<meta property=\"og:description\" content=\"R\u00fcckseitenbeschriftung von Hand der Fotografin: Bet Shemesh: marokkanische Einwanderer&#8220;&#8220;\" \/>\n<meta property=\"og:url\" content=\"https:\/\/bpk-archive.de\/tuellmann\/produkt\/unterkunft-fuer-marokkanische-einwanderer-in-bet-schemesch\/\" \/>\n<meta property=\"og:site_name\" content=\"Abisag T\u00fcllmann\" \/>\n<meta property=\"article:modified_time\" content=\"2019-09-05T13:00:53+00:00\" \/>\n<meta property=\"og:image\" content=\"https:\/\/bpk-archive.de\/tuellmann\/wp-content\/uploads\/2019\/08\/bpk_70271628.jpg\" \/>\n\t<meta property=\"og:image:width\" content=\"1200\" \/>\n\t<meta property=\"og:image:height\" content=\"837\" \/>\n\t<meta property=\"og:image:type\" content=\"image\/jpeg\" \/>\n<meta name=\"twitter:card\" content=\"summary_large_image\" \/>\n<script type=\"application\/ld+json\" class=\"yoast-schema-graph\">{\"@context\":\"https:\\\/\\\/schema.org\",\"@graph\":[{\"@type\":\"WebPage\",\"@id\":\"https:\\\/\\\/bpk-archive.de\\\/tuellmann\\\/produkt\\\/unterkunft-fuer-marokkanische-einwanderer-in-bet-schemesch\\\/\",\"url\":\"https:\\\/\\\/bpk-archive.de\\\/tuellmann\\\/produkt\\\/unterkunft-fuer-marokkanische-einwanderer-in-bet-schemesch\\\/\",\"name\":\"Unterkunft f\u00fcr marokkanische Einwanderer in Bet Schemesch - Abisag T\u00fcllmann\",\"isPartOf\":{\"@id\":\"https:\\\/\\\/bpk-archive.de\\\/tuellmann\\\/#website\"},\"primaryImageOfPage\":{\"@id\":\"https:\\\/\\\/bpk-archive.de\\\/tuellmann\\\/produkt\\\/unterkunft-fuer-marokkanische-einwanderer-in-bet-schemesch\\\/#primaryimage\"},\"image\":{\"@id\":\"https:\\\/\\\/bpk-archive.de\\\/tuellmann\\\/produkt\\\/unterkunft-fuer-marokkanische-einwanderer-in-bet-schemesch\\\/#primaryimage\"},\"thumbnailUrl\":\"https:\\\/\\\/bpk-archive.de\\\/tuellmann\\\/wp-content\\\/uploads\\\/2019\\\/08\\\/bpk_70271628.jpg\",\"datePublished\":\"2019-09-05T13:00:34+00:00\",\"dateModified\":\"2019-09-05T13:00:53+00:00\",\"breadcrumb\":{\"@id\":\"https:\\\/\\\/bpk-archive.de\\\/tuellmann\\\/produkt\\\/unterkunft-fuer-marokkanische-einwanderer-in-bet-schemesch\\\/#breadcrumb\"},\"inLanguage\":\"de\",\"potentialAction\":[{\"@type\":\"ReadAction\",\"target\":[\"https:\\\/\\\/bpk-archive.de\\\/tuellmann\\\/produkt\\\/unterkunft-fuer-marokkanische-einwanderer-in-bet-schemesch\\\/\"]}]},{\"@type\":\"ImageObject\",\"inLanguage\":\"de\",\"@id\":\"https:\\\/\\\/bpk-archive.de\\\/tuellmann\\\/produkt\\\/unterkunft-fuer-marokkanische-einwanderer-in-bet-schemesch\\\/#primaryimage\",\"url\":\"https:\\\/\\\/bpk-archive.de\\\/tuellmann\\\/wp-content\\\/uploads\\\/2019\\\/08\\\/bpk_70271628.jpg\",\"contentUrl\":\"https:\\\/\\\/bpk-archive.de\\\/tuellmann\\\/wp-content\\\/uploads\\\/2019\\\/08\\\/bpk_70271628.jpg\",\"width\":1200,\"height\":837,\"caption\":\"Unterkunft f\u00fcr marokkanische Einwanderer in Bet Schemesch\"},{\"@type\":\"BreadcrumbList\",\"@id\":\"https:\\\/\\\/bpk-archive.de\\\/tuellmann\\\/produkt\\\/unterkunft-fuer-marokkanische-einwanderer-in-bet-schemesch\\\/#breadcrumb\",\"itemListElement\":[{\"@type\":\"ListItem\",\"position\":1,\"name\":\"Startseite\",\"item\":\"https:\\\/\\\/bpk-archive.de\\\/tuellmann\\\/\"},{\"@type\":\"ListItem\",\"position\":2,\"name\":\"Shop\",\"item\":\"https:\\\/\\\/bpk-archive.de\\\/tuellmann\\\/shop\\\/\"},{\"@type\":\"ListItem\",\"position\":3,\"name\":\"Unterkunft f\u00fcr marokkanische Einwanderer in Bet Schemesch\"}]},{\"@type\":\"WebSite\",\"@id\":\"https:\\\/\\\/bpk-archive.de\\\/tuellmann\\\/#website\",\"url\":\"https:\\\/\\\/bpk-archive.de\\\/tuellmann\\\/\",\"name\":\"Abisag T\u00fcllmann\",\"description\":\"Eine weitere WordPress-Website\",\"potentialAction\":[{\"@type\":\"SearchAction\",\"target\":{\"@type\":\"EntryPoint\",\"urlTemplate\":\"https:\\\/\\\/bpk-archive.de\\\/tuellmann\\\/?s={search_term_string}\"},\"query-input\":{\"@type\":\"PropertyValueSpecification\",\"valueRequired\":true,\"valueName\":\"search_term_string\"}}],\"inLanguage\":\"de\"}]}<\/script>\n<!-- \/ Yoast SEO plugin. -->","yoast_head_json":{"title":"Unterkunft f\u00fcr marokkanische Einwanderer in Bet Schemesch - Abisag T\u00fcllmann","robots":{"index":"index","follow":"follow","max-snippet":"max-snippet:-1","max-image-preview":"max-image-preview:large","max-video-preview":"max-video-preview:-1"},"canonical":"https:\/\/bpk-archive.de\/tuellmann\/produkt\/unterkunft-fuer-marokkanische-einwanderer-in-bet-schemesch\/","og_locale":"de_DE","og_type":"article","og_title":"Unterkunft f\u00fcr marokkanische Einwanderer in Bet Schemesch - Abisag T\u00fcllmann","og_description":"R\u00fcckseitenbeschriftung von Hand der Fotografin: Bet Shemesh: marokkanische Einwanderer&#8220;&#8220;","og_url":"https:\/\/bpk-archive.de\/tuellmann\/produkt\/unterkunft-fuer-marokkanische-einwanderer-in-bet-schemesch\/","og_site_name":"Abisag T\u00fcllmann","article_modified_time":"2019-09-05T13:00:53+00:00","og_image":[{"width":1200,"height":837,"url":"https:\/\/bpk-archive.de\/tuellmann\/wp-content\/uploads\/2019\/08\/bpk_70271628.jpg","type":"image\/jpeg"}],"twitter_card":"summary_large_image","schema":{"@context":"https:\/\/schema.org","@graph":[{"@type":"WebPage","@id":"https:\/\/bpk-archive.de\/tuellmann\/produkt\/unterkunft-fuer-marokkanische-einwanderer-in-bet-schemesch\/","url":"https:\/\/bpk-archive.de\/tuellmann\/produkt\/unterkunft-fuer-marokkanische-einwanderer-in-bet-schemesch\/","name":"Unterkunft f\u00fcr marokkanische Einwanderer in Bet Schemesch - Abisag T\u00fcllmann","isPartOf":{"@id":"https:\/\/bpk-archive.de\/tuellmann\/#website"},"primaryImageOfPage":{"@id":"https:\/\/bpk-archive.de\/tuellmann\/produkt\/unterkunft-fuer-marokkanische-einwanderer-in-bet-schemesch\/#primaryimage"},"image":{"@id":"https:\/\/bpk-archive.de\/tuellmann\/produkt\/unterkunft-fuer-marokkanische-einwanderer-in-bet-schemesch\/#primaryimage"},"thumbnailUrl":"https:\/\/bpk-archive.de\/tuellmann\/wp-content\/uploads\/2019\/08\/bpk_70271628.jpg","datePublished":"2019-09-05T13:00:34+00:00","dateModified":"2019-09-05T13:00:53+00:00","breadcrumb":{"@id":"https:\/\/bpk-archive.de\/tuellmann\/produkt\/unterkunft-fuer-marokkanische-einwanderer-in-bet-schemesch\/#breadcrumb"},"inLanguage":"de","potentialAction":[{"@type":"ReadAction","target":["https:\/\/bpk-archive.de\/tuellmann\/produkt\/unterkunft-fuer-marokkanische-einwanderer-in-bet-schemesch\/"]}]},{"@type":"ImageObject","inLanguage":"de","@id":"https:\/\/bpk-archive.de\/tuellmann\/produkt\/unterkunft-fuer-marokkanische-einwanderer-in-bet-schemesch\/#primaryimage","url":"https:\/\/bpk-archive.de\/tuellmann\/wp-content\/uploads\/2019\/08\/bpk_70271628.jpg","contentUrl":"https:\/\/bpk-archive.de\/tuellmann\/wp-content\/uploads\/2019\/08\/bpk_70271628.jpg","width":1200,"height":837,"caption":"Unterkunft f\u00fcr marokkanische Einwanderer in Bet Schemesch"},{"@type":"BreadcrumbList","@id":"https:\/\/bpk-archive.de\/tuellmann\/produkt\/unterkunft-fuer-marokkanische-einwanderer-in-bet-schemesch\/#breadcrumb","itemListElement":[{"@type":"ListItem","position":1,"name":"Startseite","item":"https:\/\/bpk-archive.de\/tuellmann\/"},{"@type":"ListItem","position":2,"name":"Shop","item":"https:\/\/bpk-archive.de\/tuellmann\/shop\/"},{"@type":"ListItem","position":3,"name":"Unterkunft f\u00fcr marokkanische Einwanderer in Bet Schemesch"}]},{"@type":"WebSite","@id":"https:\/\/bpk-archive.de\/tuellmann\/#website","url":"https:\/\/bpk-archive.de\/tuellmann\/","name":"Abisag T\u00fcllmann","description":"Eine weitere WordPress-Website","potentialAction":[{"@type":"SearchAction","target":{"@type":"EntryPoint","urlTemplate":"https:\/\/bpk-archive.de\/tuellmann\/?s={search_term_string}"},"query-input":{"@type":"PropertyValueSpecification","valueRequired":true,"valueName":"search_term_string"}}],"inLanguage":"de"}]}},"_links":{"self":[{"href":"https:\/\/bpk-archive.de\/tuellmann\/wp-json\/wp\/v2\/product\/70295088","targetHints":{"allow":["GET"]}}],"collection":[{"href":"https:\/\/bpk-archive.de\/tuellmann\/wp-json\/wp\/v2\/product"}],"about":[{"href":"https:\/\/bpk-archive.de\/tuellmann\/wp-json\/wp\/v2\/types\/product"}],"wp:featuredmedia":[{"embeddable":true,"href":"https:\/\/bpk-archive.de\/tuellmann\/wp-json\/wp\/v2\/media\/70292897"}],"wp:attachment":[{"href":"https:\/\/bpk-archive.de\/tuellmann\/wp-json\/wp\/v2\/media?parent=70295088"}],"wp:term":[{"taxonomy":"product_brand","embeddable":true,"href":"https:\/\/bpk-archive.de\/tuellmann\/wp-json\/wp\/v2\/product_brand?post=70295088"},{"taxonomy":"product_cat","embeddable":true,"href":"https:\/\/bpk-archive.de\/tuellmann\/wp-json\/wp\/v2\/product_cat?post=70295088"},{"taxonomy":"product_tag","embeddable":true,"href":"https:\/\/bpk-archive.de\/tuellmann\/wp-json\/wp\/v2\/product_tag?post=70295088"}],"curies":[{"name":"wp","href":"https:\/\/api.w.org\/{rel}","templated":true}]}}