{"id":70295084,"date":"2019-09-05T15:00:34","date_gmt":"2019-09-05T13:00:34","guid":{"rendered":"http:\/\/abisagtuellmann.bpk-news.de\/atbild\/wibke-bruhns-nahost-korrespondentin-des-magazins-stern-im-gespraech-mit-dem-israelischen-geschaeftsmann-shlomo-eliahu\/"},"modified":"2020-06-25T16:15:25","modified_gmt":"2020-06-25T14:15:25","slug":"wibke-bruhns-nahost-korrespondentin-des-magazins-stern-im-gespraech-mit-dem-israelischen-geschaeftsmann-shlomo-eliahu","status":"publish","type":"product","link":"https:\/\/bpk-archive.de\/tuellmann\/produkt\/wibke-bruhns-nahost-korrespondentin-des-magazins-stern-im-gespraech-mit-dem-israelischen-geschaeftsmann-shlomo-eliahu\/","title":{"rendered":"Wibke Bruhns, Nahost-Korrespondentin des Magazins &#8222;Stern&#8220;, im Gespr\u00e4ch mit dem israelischen Gesch\u00e4ftsmann Shlomo Eliahu"},"content":{"rendered":"<p>R\u00fcckseitenbeschriftung von Hand der Fotografin: &#8222;Wibke Bruhns im Gespr\u00e4ch mit Shlomo Eliahu&#8220;<\/p>\n","protected":false},"excerpt":{"rendered":"<p>R\u00fcckseitenbeschriftung von Hand der Fotografin: &#8222;Wibke Bruhns im Gespr\u00e4ch mit Shlomo Eliahu&#8220;<\/p>\n","protected":false},"featured_media":70292855,"template":"","meta":[],"product_brand":[],"product_cat":[73379],"product_tag":[47237,13232,13234,13231,13233,47238,47239,13777,47240,47456,47457,47458,47459,47460,47461,47462,47875,47241,47876,47877,47878,47879,13784,13785,47880,47881,47882,13958,13959,13253,13254,13255,13256,13257,13960,13961,13962,13963,13964,13965,13473,47883,13293,13786,13787,13294,13295,13296,13297,47267,13487,47885,13488,47884,13974,13975,13976,13977,13978,47886,47579,47580,47581,47582,47887,47888,13498,47889,47890,47891,47892,47893,47279,47747,47750,47280,47281,47282,47283,47284,47894,47895,47896,47751,47752,47755,47756,47757,47758,47759,47589,47590,47897,47898,13818,13819,13826,47319,47320,47899,47900,13328,13827,13828,13329,13330,13331,13332,47332,47901,47902,13829,13830,13831,13832,13833,13834,13835,13836,13837,13838,13839,13840,13841,13842,13843,47903,47333,47334,47335,47336,47337,47904,47905,13877,13879,13865,13864,13866,13858,13859,13860,13861,13862,13863,47788,47789,13869,13870,13871,13872,14243,14244,14245,14246,14247,14248,47906,47907,14249,47406,47407,13878,13880,47908,47909,47910,47911,47912,13525,47913,47914,47915],"class_list":{"0":"post-70295084","1":"product","2":"type-product","3":"status-publish","4":"has-post-thumbnail","6":"product_cat-israel","7":"product_tag-1980er-jahre","8":"product_tag-20-jahrhundert-nach-chr","9":"product_tag-20-jh-n-chr","10":"product_tag-20-jahrhundert","11":"product_tag-20-jh","12":"product_tag-80er","13":"product_tag-abt_001","14":"product_tag-abzug","15":"product_tag-achtziger","16":"product_tag-arbeit","17":"product_tag-arbeiten","18":"product_tag-arbeitend","19":"product_tag-arbeitende","20":"product_tag-arbeitenden","21":"product_tag-arbeitender","22":"product_tag-arbeitendes","23":"product_tag-arbeitszimmer","24":"product_tag-at_israel","25":"product_tag-beruf","26":"product_tag-berufe","27":"product_tag-berufes","28":"product_tag-berufs","29":"product_tag-bildnis","30":"product_tag-bildnisse","31":"product_tag-blickwechsel","32":"product_tag-bureau","33":"product_tag-buero","34":"product_tag-damenportraet","35":"product_tag-damenportraets","36":"product_tag-deutsch","37":"product_tag-deutsche","38":"product_tag-deutschen","39":"product_tag-deutscher","40":"product_tag-deutsches","41":"product_tag-doppelbildnis","42":"product_tag-doppelbildnisse","43":"product_tag-doppelportrait","44":"product_tag-doppelportraits","45":"product_tag-doppelportraet","46":"product_tag-doppelportraets","47":"product_tag-drinnen","48":"product_tag-eliyahu","49":"product_tag-foto","50":"product_tag-fotoabzug","51":"product_tag-fotoabzuege","52":"product_tag-fotografie","53":"product_tag-fotografien","54":"product_tag-fotografin","55":"product_tag-fotografinnen","56":"product_tag-fotoreportage","57":"product_tag-frau","58":"product_tag-frau-im-maennerberuf","59":"product_tag-frauen","60":"product_tag-frauen-in-maennerberufen","61":"product_tag-frauenbildnis","62":"product_tag-frauenportrait","63":"product_tag-frauenportraits","64":"product_tag-frauenportraet","65":"product_tag-frauenportraets","66":"product_tag-geschaeftsmann","67":"product_tag-gespraech","68":"product_tag-gespraeche","69":"product_tag-gespraeches","70":"product_tag-gespraechs","71":"product_tag-grossstadt","72":"product_tag-grossstaedte","73":"product_tag-innen","74":"product_tag-interview","75":"product_tag-irakisch","76":"product_tag-irakische","77":"product_tag-irakischer","78":"product_tag-irakisches","79":"product_tag-israel","80":"product_tag-israeli","81":"product_tag-israelis","82":"product_tag-israelisch","83":"product_tag-israelische","84":"product_tag-israelischer","85":"product_tag-israelisches","86":"product_tag-israels","87":"product_tag-journalismus","88":"product_tag-journalistin","89":"product_tag-journalistinnen","90":"product_tag-jude","91":"product_tag-juden","92":"product_tag-juedisch","93":"product_tag-juedische","94":"product_tag-juedischen","95":"product_tag-juedischer","96":"product_tag-juedisches","97":"product_tag-konversation","98":"product_tag-konversationen","99":"product_tag-korrespondentin","100":"product_tag-korrespondentinnen","101":"product_tag-mann","102":"product_tag-maenner","103":"product_tag-mannes","104":"product_tag-naher-osten","105":"product_tag-nahost","106":"product_tag-persoenlichkeit","107":"product_tag-persoenlichkeiten","108":"product_tag-photo","109":"product_tag-photoabzug","110":"product_tag-photoabzuege","111":"product_tag-photographie","112":"product_tag-photographien","113":"product_tag-photographin","114":"product_tag-photographinnen","115":"product_tag-photoreportage","116":"product_tag-politiker","117":"product_tag-politikers","118":"product_tag-portrait","119":"product_tag-portraitaufnahme","120":"product_tag-portraitfoto","121":"product_tag-portraitfotografie","122":"product_tag-portraitphoto","123":"product_tag-portraitphotographie","124":"product_tag-portraits","125":"product_tag-portraet","126":"product_tag-portraetaufnahme","127":"product_tag-portraetfoto","128":"product_tag-portraetfotografie","129":"product_tag-portraetphoto","130":"product_tag-portraetphotographie","131":"product_tag-portraets","132":"product_tag-print","133":"product_tag-reichtum","134":"product_tag-reportage","135":"product_tag-reportagefoto","136":"product_tag-reportagefotografie","137":"product_tag-reportagephoto","138":"product_tag-reportagephotographie","139":"product_tag-reporterin","140":"product_tag-reporterinnen","141":"product_tag-s-w-fotografie","142":"product_tag-s-w-photographie","143":"product_tag-schwarzweissphotographie","144":"product_tag-schwarz-weiss-fotografie","145":"product_tag-schwarz-weiss-photographie","146":"product_tag-schwarzweiss","147":"product_tag-schwarzweisse","148":"product_tag-schwarzweissen","149":"product_tag-schwarzweisser","150":"product_tag-schwarzweisses","151":"product_tag-schwarzweissfotografie","152":"product_tag-sepharde","153":"product_tag-sephardim","154":"product_tag-silbergelatine","155":"product_tag-silbergelatineabzug","156":"product_tag-silbergelatineabzuege","157":"product_tag-silbergelatineprint","158":"product_tag-sitzen","159":"product_tag-sitzend","160":"product_tag-sitzende","161":"product_tag-sitzenden","162":"product_tag-sitzender","163":"product_tag-sitzendes","164":"product_tag-sitzgruppe","165":"product_tag-sitzgruppen","166":"product_tag-sitzt","167":"product_tag-stadt","168":"product_tag-staedte","169":"product_tag-sw-fotografie","170":"product_tag-sw-photographie","171":"product_tag-unternehmer","172":"product_tag-versicherung","173":"product_tag-versicherungen","174":"product_tag-versicherungsgesellschaft","175":"product_tag-versicherungsgesellschaften","176":"product_tag-von-innen","177":"product_tag-wohlstand","178":"product_tag-zeitschrift","179":"product_tag-zeitschriften","180":"pa_datierung-november-1983","181":"pa_fotograf-abisag-tuellmann","182":"pa_geografischer_bezug-aufnahmeort-tel-aviv-jaffa-israel","183":"pa_grunddaten_material_technik-foto-silbergelatine-auf-barytpapier","184":"pa_inventarnummer-tue-83-226-33","185":"pa_jahr_von-47717","186":"pa_massangaben-bildformat-foto-20-x-303-cm","187":"pa_mediennummer-47871","188":"pa_objekt_typ-fotografie","190":"first","191":"instock","192":"product-type-simple"},"yoast_head":"<!-- This site is optimized with the Yoast SEO plugin v27.3 - https:\/\/yoast.com\/product\/yoast-seo-wordpress\/ -->\n<title>Wibke Bruhns, Nahost-Korrespondentin des Magazins &quot;Stern&quot;, im Gespr\u00e4ch mit dem israelischen Gesch\u00e4ftsmann Shlomo Eliahu - Abisag T\u00fcllmann<\/title>\n<meta name=\"robots\" content=\"index, follow, max-snippet:-1, max-image-preview:large, max-video-preview:-1\" \/>\n<link rel=\"canonical\" href=\"https:\/\/bpk-archive.de\/tuellmann\/produkt\/wibke-bruhns-nahost-korrespondentin-des-magazins-stern-im-gespraech-mit-dem-israelischen-geschaeftsmann-shlomo-eliahu\/\" \/>\n<meta property=\"og:locale\" content=\"de_DE\" \/>\n<meta property=\"og:type\" content=\"article\" \/>\n<meta property=\"og:title\" content=\"Wibke Bruhns, Nahost-Korrespondentin des Magazins &quot;Stern&quot;, im Gespr\u00e4ch mit dem israelischen Gesch\u00e4ftsmann Shlomo Eliahu - Abisag T\u00fcllmann\" \/>\n<meta property=\"og:description\" content=\"R\u00fcckseitenbeschriftung von Hand der Fotografin: &#8222;Wibke Bruhns im Gespr\u00e4ch mit Shlomo Eliahu&#8220;\" \/>\n<meta property=\"og:url\" content=\"https:\/\/bpk-archive.de\/tuellmann\/produkt\/wibke-bruhns-nahost-korrespondentin-des-magazins-stern-im-gespraech-mit-dem-israelischen-geschaeftsmann-shlomo-eliahu\/\" \/>\n<meta property=\"og:site_name\" content=\"Abisag T\u00fcllmann\" \/>\n<meta property=\"article:modified_time\" content=\"2020-06-25T14:15:25+00:00\" \/>\n<meta property=\"og:image\" content=\"https:\/\/bpk-archive.de\/tuellmann\/wp-content\/uploads\/2019\/08\/bpk_70271614.jpg\" \/>\n\t<meta property=\"og:image:width\" content=\"1200\" \/>\n\t<meta property=\"og:image:height\" content=\"812\" \/>\n\t<meta property=\"og:image:type\" content=\"image\/jpeg\" \/>\n<meta name=\"twitter:card\" content=\"summary_large_image\" \/>\n<script type=\"application\/ld+json\" class=\"yoast-schema-graph\">{\"@context\":\"https:\\\/\\\/schema.org\",\"@graph\":[{\"@type\":\"WebPage\",\"@id\":\"https:\\\/\\\/bpk-archive.de\\\/tuellmann\\\/produkt\\\/wibke-bruhns-nahost-korrespondentin-des-magazins-stern-im-gespraech-mit-dem-israelischen-geschaeftsmann-shlomo-eliahu\\\/\",\"url\":\"https:\\\/\\\/bpk-archive.de\\\/tuellmann\\\/produkt\\\/wibke-bruhns-nahost-korrespondentin-des-magazins-stern-im-gespraech-mit-dem-israelischen-geschaeftsmann-shlomo-eliahu\\\/\",\"name\":\"Wibke Bruhns, Nahost-Korrespondentin des Magazins \\\"Stern\\\", im Gespr\u00e4ch mit dem israelischen Gesch\u00e4ftsmann Shlomo Eliahu - Abisag T\u00fcllmann\",\"isPartOf\":{\"@id\":\"https:\\\/\\\/bpk-archive.de\\\/tuellmann\\\/#website\"},\"primaryImageOfPage\":{\"@id\":\"https:\\\/\\\/bpk-archive.de\\\/tuellmann\\\/produkt\\\/wibke-bruhns-nahost-korrespondentin-des-magazins-stern-im-gespraech-mit-dem-israelischen-geschaeftsmann-shlomo-eliahu\\\/#primaryimage\"},\"image\":{\"@id\":\"https:\\\/\\\/bpk-archive.de\\\/tuellmann\\\/produkt\\\/wibke-bruhns-nahost-korrespondentin-des-magazins-stern-im-gespraech-mit-dem-israelischen-geschaeftsmann-shlomo-eliahu\\\/#primaryimage\"},\"thumbnailUrl\":\"https:\\\/\\\/bpk-archive.de\\\/tuellmann\\\/wp-content\\\/uploads\\\/2019\\\/08\\\/bpk_70271614.jpg\",\"datePublished\":\"2019-09-05T13:00:34+00:00\",\"dateModified\":\"2020-06-25T14:15:25+00:00\",\"breadcrumb\":{\"@id\":\"https:\\\/\\\/bpk-archive.de\\\/tuellmann\\\/produkt\\\/wibke-bruhns-nahost-korrespondentin-des-magazins-stern-im-gespraech-mit-dem-israelischen-geschaeftsmann-shlomo-eliahu\\\/#breadcrumb\"},\"inLanguage\":\"de\",\"potentialAction\":[{\"@type\":\"ReadAction\",\"target\":[\"https:\\\/\\\/bpk-archive.de\\\/tuellmann\\\/produkt\\\/wibke-bruhns-nahost-korrespondentin-des-magazins-stern-im-gespraech-mit-dem-israelischen-geschaeftsmann-shlomo-eliahu\\\/\"]}]},{\"@type\":\"ImageObject\",\"inLanguage\":\"de\",\"@id\":\"https:\\\/\\\/bpk-archive.de\\\/tuellmann\\\/produkt\\\/wibke-bruhns-nahost-korrespondentin-des-magazins-stern-im-gespraech-mit-dem-israelischen-geschaeftsmann-shlomo-eliahu\\\/#primaryimage\",\"url\":\"https:\\\/\\\/bpk-archive.de\\\/tuellmann\\\/wp-content\\\/uploads\\\/2019\\\/08\\\/bpk_70271614.jpg\",\"contentUrl\":\"https:\\\/\\\/bpk-archive.de\\\/tuellmann\\\/wp-content\\\/uploads\\\/2019\\\/08\\\/bpk_70271614.jpg\",\"width\":1200,\"height\":812,\"caption\":\"Wibke Bruhns, Nahost-Korrespondentin des Magazins \\\"Stern\\\", im Gespr\u00e4ch mit dem israelischen Gesch\u00e4ftsmann Shlomo Eliahu\"},{\"@type\":\"BreadcrumbList\",\"@id\":\"https:\\\/\\\/bpk-archive.de\\\/tuellmann\\\/produkt\\\/wibke-bruhns-nahost-korrespondentin-des-magazins-stern-im-gespraech-mit-dem-israelischen-geschaeftsmann-shlomo-eliahu\\\/#breadcrumb\",\"itemListElement\":[{\"@type\":\"ListItem\",\"position\":1,\"name\":\"Startseite\",\"item\":\"https:\\\/\\\/bpk-archive.de\\\/tuellmann\\\/\"},{\"@type\":\"ListItem\",\"position\":2,\"name\":\"Shop\",\"item\":\"https:\\\/\\\/bpk-archive.de\\\/tuellmann\\\/shop\\\/\"},{\"@type\":\"ListItem\",\"position\":3,\"name\":\"Wibke Bruhns, Nahost-Korrespondentin des Magazins &#8220;Stern&#8221;, im Gespr\u00e4ch mit dem israelischen Gesch\u00e4ftsmann Shlomo Eliahu\"}]},{\"@type\":\"WebSite\",\"@id\":\"https:\\\/\\\/bpk-archive.de\\\/tuellmann\\\/#website\",\"url\":\"https:\\\/\\\/bpk-archive.de\\\/tuellmann\\\/\",\"name\":\"Abisag T\u00fcllmann\",\"description\":\"Eine weitere WordPress-Website\",\"potentialAction\":[{\"@type\":\"SearchAction\",\"target\":{\"@type\":\"EntryPoint\",\"urlTemplate\":\"https:\\\/\\\/bpk-archive.de\\\/tuellmann\\\/?s={search_term_string}\"},\"query-input\":{\"@type\":\"PropertyValueSpecification\",\"valueRequired\":true,\"valueName\":\"search_term_string\"}}],\"inLanguage\":\"de\"}]}<\/script>\n<!-- \/ Yoast SEO plugin. -->","yoast_head_json":{"title":"Wibke Bruhns, Nahost-Korrespondentin des Magazins \"Stern\", im Gespr\u00e4ch mit dem israelischen Gesch\u00e4ftsmann Shlomo Eliahu - Abisag T\u00fcllmann","robots":{"index":"index","follow":"follow","max-snippet":"max-snippet:-1","max-image-preview":"max-image-preview:large","max-video-preview":"max-video-preview:-1"},"canonical":"https:\/\/bpk-archive.de\/tuellmann\/produkt\/wibke-bruhns-nahost-korrespondentin-des-magazins-stern-im-gespraech-mit-dem-israelischen-geschaeftsmann-shlomo-eliahu\/","og_locale":"de_DE","og_type":"article","og_title":"Wibke Bruhns, Nahost-Korrespondentin des Magazins \"Stern\", im Gespr\u00e4ch mit dem israelischen Gesch\u00e4ftsmann Shlomo Eliahu - Abisag T\u00fcllmann","og_description":"R\u00fcckseitenbeschriftung von Hand der Fotografin: &#8222;Wibke Bruhns im Gespr\u00e4ch mit Shlomo Eliahu&#8220;","og_url":"https:\/\/bpk-archive.de\/tuellmann\/produkt\/wibke-bruhns-nahost-korrespondentin-des-magazins-stern-im-gespraech-mit-dem-israelischen-geschaeftsmann-shlomo-eliahu\/","og_site_name":"Abisag T\u00fcllmann","article_modified_time":"2020-06-25T14:15:25+00:00","og_image":[{"width":1200,"height":812,"url":"https:\/\/bpk-archive.de\/tuellmann\/wp-content\/uploads\/2019\/08\/bpk_70271614.jpg","type":"image\/jpeg"}],"twitter_card":"summary_large_image","schema":{"@context":"https:\/\/schema.org","@graph":[{"@type":"WebPage","@id":"https:\/\/bpk-archive.de\/tuellmann\/produkt\/wibke-bruhns-nahost-korrespondentin-des-magazins-stern-im-gespraech-mit-dem-israelischen-geschaeftsmann-shlomo-eliahu\/","url":"https:\/\/bpk-archive.de\/tuellmann\/produkt\/wibke-bruhns-nahost-korrespondentin-des-magazins-stern-im-gespraech-mit-dem-israelischen-geschaeftsmann-shlomo-eliahu\/","name":"Wibke Bruhns, Nahost-Korrespondentin des Magazins \"Stern\", im Gespr\u00e4ch mit dem israelischen Gesch\u00e4ftsmann Shlomo Eliahu - Abisag T\u00fcllmann","isPartOf":{"@id":"https:\/\/bpk-archive.de\/tuellmann\/#website"},"primaryImageOfPage":{"@id":"https:\/\/bpk-archive.de\/tuellmann\/produkt\/wibke-bruhns-nahost-korrespondentin-des-magazins-stern-im-gespraech-mit-dem-israelischen-geschaeftsmann-shlomo-eliahu\/#primaryimage"},"image":{"@id":"https:\/\/bpk-archive.de\/tuellmann\/produkt\/wibke-bruhns-nahost-korrespondentin-des-magazins-stern-im-gespraech-mit-dem-israelischen-geschaeftsmann-shlomo-eliahu\/#primaryimage"},"thumbnailUrl":"https:\/\/bpk-archive.de\/tuellmann\/wp-content\/uploads\/2019\/08\/bpk_70271614.jpg","datePublished":"2019-09-05T13:00:34+00:00","dateModified":"2020-06-25T14:15:25+00:00","breadcrumb":{"@id":"https:\/\/bpk-archive.de\/tuellmann\/produkt\/wibke-bruhns-nahost-korrespondentin-des-magazins-stern-im-gespraech-mit-dem-israelischen-geschaeftsmann-shlomo-eliahu\/#breadcrumb"},"inLanguage":"de","potentialAction":[{"@type":"ReadAction","target":["https:\/\/bpk-archive.de\/tuellmann\/produkt\/wibke-bruhns-nahost-korrespondentin-des-magazins-stern-im-gespraech-mit-dem-israelischen-geschaeftsmann-shlomo-eliahu\/"]}]},{"@type":"ImageObject","inLanguage":"de","@id":"https:\/\/bpk-archive.de\/tuellmann\/produkt\/wibke-bruhns-nahost-korrespondentin-des-magazins-stern-im-gespraech-mit-dem-israelischen-geschaeftsmann-shlomo-eliahu\/#primaryimage","url":"https:\/\/bpk-archive.de\/tuellmann\/wp-content\/uploads\/2019\/08\/bpk_70271614.jpg","contentUrl":"https:\/\/bpk-archive.de\/tuellmann\/wp-content\/uploads\/2019\/08\/bpk_70271614.jpg","width":1200,"height":812,"caption":"Wibke Bruhns, Nahost-Korrespondentin des Magazins \"Stern\", im Gespr\u00e4ch mit dem israelischen Gesch\u00e4ftsmann Shlomo Eliahu"},{"@type":"BreadcrumbList","@id":"https:\/\/bpk-archive.de\/tuellmann\/produkt\/wibke-bruhns-nahost-korrespondentin-des-magazins-stern-im-gespraech-mit-dem-israelischen-geschaeftsmann-shlomo-eliahu\/#breadcrumb","itemListElement":[{"@type":"ListItem","position":1,"name":"Startseite","item":"https:\/\/bpk-archive.de\/tuellmann\/"},{"@type":"ListItem","position":2,"name":"Shop","item":"https:\/\/bpk-archive.de\/tuellmann\/shop\/"},{"@type":"ListItem","position":3,"name":"Wibke Bruhns, Nahost-Korrespondentin des Magazins &#8220;Stern&#8221;, im Gespr\u00e4ch mit dem israelischen Gesch\u00e4ftsmann Shlomo Eliahu"}]},{"@type":"WebSite","@id":"https:\/\/bpk-archive.de\/tuellmann\/#website","url":"https:\/\/bpk-archive.de\/tuellmann\/","name":"Abisag T\u00fcllmann","description":"Eine weitere WordPress-Website","potentialAction":[{"@type":"SearchAction","target":{"@type":"EntryPoint","urlTemplate":"https:\/\/bpk-archive.de\/tuellmann\/?s={search_term_string}"},"query-input":{"@type":"PropertyValueSpecification","valueRequired":true,"valueName":"search_term_string"}}],"inLanguage":"de"}]}},"_links":{"self":[{"href":"https:\/\/bpk-archive.de\/tuellmann\/wp-json\/wp\/v2\/product\/70295084","targetHints":{"allow":["GET"]}}],"collection":[{"href":"https:\/\/bpk-archive.de\/tuellmann\/wp-json\/wp\/v2\/product"}],"about":[{"href":"https:\/\/bpk-archive.de\/tuellmann\/wp-json\/wp\/v2\/types\/product"}],"wp:featuredmedia":[{"embeddable":true,"href":"https:\/\/bpk-archive.de\/tuellmann\/wp-json\/wp\/v2\/media\/70292855"}],"wp:attachment":[{"href":"https:\/\/bpk-archive.de\/tuellmann\/wp-json\/wp\/v2\/media?parent=70295084"}],"wp:term":[{"taxonomy":"product_brand","embeddable":true,"href":"https:\/\/bpk-archive.de\/tuellmann\/wp-json\/wp\/v2\/product_brand?post=70295084"},{"taxonomy":"product_cat","embeddable":true,"href":"https:\/\/bpk-archive.de\/tuellmann\/wp-json\/wp\/v2\/product_cat?post=70295084"},{"taxonomy":"product_tag","embeddable":true,"href":"https:\/\/bpk-archive.de\/tuellmann\/wp-json\/wp\/v2\/product_tag?post=70295084"}],"curies":[{"name":"wp","href":"https:\/\/api.w.org\/{rel}","templated":true}]}}