{"id":70295076,"date":"2019-09-05T14:12:47","date_gmt":"2019-09-05T12:12:47","guid":{"rendered":"http:\/\/abisagtuellmann.bpk-news.de\/atbild\/libanesen-stehen-schlange-um-sich-bei-der-israelischen-militaerverwaltung-registrieren-zu-lassen-2\/"},"modified":"2020-06-25T16:15:28","modified_gmt":"2020-06-25T14:15:28","slug":"libanesen-stehen-schlange-um-sich-bei-der-israelischen-militaerverwaltung-registrieren-zu-lassen-2","status":"publish","type":"product","link":"https:\/\/bpk-archive.de\/tuellmann\/produkt\/libanesen-stehen-schlange-um-sich-bei-der-israelischen-militaerverwaltung-registrieren-zu-lassen-2\/","title":{"rendered":"Libanesen stehen Schlange, um sich bei der israelischen Milit\u00e4rverwaltung registrieren zu lassen"},"content":{"rendered":"<p>R\u00fcckseitenbeschriftung von Hand der Fotografin: &#8222;Sidon: Libanesen stehen Schlange, um beim israel. Milit\u00e4rgouverneur ihre Ausweise abstempeln zu lassen&#8220;<BR>Aufnahmedatum: Juli 1982<BR>Material\/Technik: Foto \/ Silbergelatine auf PE-Papier<BR>Bildformat (Foto): 23,2 x 29,8 cm<BR>Aufnahmeort: Sidon \/ Libanon<BR>Inventar-Nr.: T\u00fc 82\/064-22<BR><\/p>\n","protected":false},"excerpt":{"rendered":"<p>R\u00fcckseitenbeschriftung von Hand der Fotografin: &#8222;Sidon: Libanesen stehen Schlange, um beim israel. Milit\u00e4rgouverneur ihre Ausweise abstempeln zu lassen&#8220;Aufnahmedatum: Juli 1982Material\/Technik: Foto \/ Silbergelatine auf PE-PapierBildformat (Foto): 23,2 x 29,8 cmAufnahmeort: Sidon \/ LibanonInventar-Nr.: T\u00fc 82\/064-22<\/p>\n","protected":false},"featured_media":70292894,"template":"","meta":[],"product_brand":[],"product_cat":[73379],"product_tag":[47237,13232,13234,13231,13233,47238,47239,13777,47240,47512,47513,47514,47241,13250,47515,47516,47517,47518,47242,47243,47244,47245,47246,47247,47248,47249,47250,47251,47252,47253,47254,47255,14178,14179,47257,47258,47259,13260,13293,13786,13787,13294,13295,13296,13297,47267,47519,47520,47521,47522,47523,47524,13301,47279,47280,47281,47282,47283,47284,13813,13814,14203,14204,14205,14206,14207,14213,14218,14219,14220,14221,47303,47304,47305,47306,47307,47308,47309,13818,13819,13826,13319,13320,13321,13322,13323,47525,47319,47320,47322,47321,47323,13328,13827,13828,13329,13330,13331,13332,47332,13843,47526,47333,47334,47335,47336,47337,13877,13879,47528,47527,13865,13864,13866,13858,13859,13860,13861,13862,13863,13869,13870,13871,13872,47406,47407,13878,13880,47529,47530,47531,47532,47533,47534,47535,47536],"class_list":{"0":"post-70295076","1":"product","2":"type-product","3":"status-publish","4":"has-post-thumbnail","6":"product_cat-israel","7":"product_tag-1980er-jahre","8":"product_tag-20-jahrhundert-nach-chr","9":"product_tag-20-jh-n-chr","10":"product_tag-20-jahrhundert","11":"product_tag-20-jh","12":"product_tag-80er","13":"product_tag-abt_001","14":"product_tag-abzug","15":"product_tag-achtziger","16":"product_tag-andrang","17":"product_tag-anstehen","18":"product_tag-ansturm","19":"product_tag-at_israel","20":"product_tag-aussen","21":"product_tag-ausweis","22":"product_tag-ausweisdokument","23":"product_tag-ausweispapier","24":"product_tag-ausweispapiere","25":"product_tag-besatzungsmacht","26":"product_tag-besatzungsmaechte","27":"product_tag-besatzungsmaechten","28":"product_tag-besatzungszeit","29":"product_tag-besatzungszone","30":"product_tag-besatzungszonen","31":"product_tag-besetzen","32":"product_tag-besetzt","33":"product_tag-besetzte","34":"product_tag-besetzten","35":"product_tag-besetzter","36":"product_tag-besetztes","37":"product_tag-besetzung","38":"product_tag-besetzungen","39":"product_tag-bube","40":"product_tag-buben","41":"product_tag-buergerkrieg","42":"product_tag-buergerkriege","43":"product_tag-buergerkrieges","44":"product_tag-draussen","45":"product_tag-foto","46":"product_tag-fotoabzug","47":"product_tag-fotoabzuege","48":"product_tag-fotografie","49":"product_tag-fotografien","50":"product_tag-fotografin","51":"product_tag-fotografinnen","52":"product_tag-fotoreportage","53":"product_tag-gedraenge","54":"product_tag-geduld","55":"product_tag-geduldig","56":"product_tag-geduldige","57":"product_tag-geduldiger","58":"product_tag-geduldiges","59":"product_tag-im-freien","60":"product_tag-israel","61":"product_tag-israelisch","62":"product_tag-israelische","63":"product_tag-israelischer","64":"product_tag-israelisches","65":"product_tag-israels","66":"product_tag-junge","67":"product_tag-jungen","68":"product_tag-jungens","69":"product_tag-jungs","70":"product_tag-kind","71":"product_tag-kinde","72":"product_tag-kinder","73":"product_tag-kindern","74":"product_tag-kindes","75":"product_tag-kindheit","76":"product_tag-knabe","77":"product_tag-knaben","78":"product_tag-libanese","79":"product_tag-libanesisch","80":"product_tag-libanesische","81":"product_tag-libanesischen","82":"product_tag-libanesischer","83":"product_tag-libanesisches","84":"product_tag-libanon","85":"product_tag-mann","86":"product_tag-maenner","87":"product_tag-mannes","88":"product_tag-menschenansammlung","89":"product_tag-menschenauflauf","90":"product_tag-menschenmassen","91":"product_tag-menschenmenge","92":"product_tag-menschenschar","93":"product_tag-militaerverwaltung","94":"product_tag-naher-osten","95":"product_tag-nahost","96":"product_tag-nahost-konflikt","97":"product_tag-nahostkonflikt","98":"product_tag-okkupation","99":"product_tag-photo","100":"product_tag-photoabzug","101":"product_tag-photoabzuege","102":"product_tag-photographie","103":"product_tag-photographien","104":"product_tag-photographin","105":"product_tag-photographinnen","106":"product_tag-photoreportage","107":"product_tag-print","108":"product_tag-registrierung","109":"product_tag-reportage","110":"product_tag-reportagefoto","111":"product_tag-reportagefotografie","112":"product_tag-reportagephoto","113":"product_tag-reportagephotographie","114":"product_tag-s-w-fotografie","115":"product_tag-s-w-photographie","116":"product_tag-schlange-stehen","117":"product_tag-schlangestehen","118":"product_tag-schwarzweissphotographie","119":"product_tag-schwarz-weiss-fotografie","120":"product_tag-schwarz-weiss-photographie","121":"product_tag-schwarzweiss","122":"product_tag-schwarzweisse","123":"product_tag-schwarzweissen","124":"product_tag-schwarzweisser","125":"product_tag-schwarzweisses","126":"product_tag-schwarzweissfotografie","127":"product_tag-silbergelatine","128":"product_tag-silbergelatineabzug","129":"product_tag-silbergelatineabzuege","130":"product_tag-silbergelatineprint","131":"product_tag-stadt","132":"product_tag-staedte","133":"product_tag-sw-fotografie","134":"product_tag-sw-photographie","135":"product_tag-warten","136":"product_tag-wartend","137":"product_tag-wartende","138":"product_tag-wartenden","139":"product_tag-wartender","140":"product_tag-wartendes","141":"product_tag-warteschlange","142":"product_tag-warteschlangen","143":"pa_beschreibung-rueckseitenbeschriftung-von-hand-der-fotografin-sidon-libanesen-stehen-schlange-um-beim-israel-militaergouverneur-ihre-ausweise-abstempeln-zu-lassen","144":"pa_datierung-juli-1982","145":"pa_fotograf-abisag-tuellmann","146":"pa_geografischer_bezug-aufnahmeort-sidon-libanon","147":"pa_grunddaten_material_technik-foto-silbergelatine-auf-pe-papier","148":"pa_inventarnummer-tue-82-064-22","149":"pa_jahr_von-47235","150":"pa_massangaben-bildformat-foto-232-x-298-cm","151":"pa_mediennummer-47508","152":"pa_objekt_typ-fotografie","154":"first","155":"instock","156":"product-type-simple"},"yoast_head":"<!-- This site is optimized with the Yoast SEO plugin v27.4 - https:\/\/yoast.com\/product\/yoast-seo-wordpress\/ -->\n<title>Libanesen stehen Schlange, um sich bei der israelischen Milit\u00e4rverwaltung registrieren zu lassen - Abisag T\u00fcllmann<\/title>\n<meta name=\"robots\" content=\"index, follow, max-snippet:-1, max-image-preview:large, max-video-preview:-1\" \/>\n<link rel=\"canonical\" href=\"https:\/\/bpk-archive.de\/tuellmann\/produkt\/libanesen-stehen-schlange-um-sich-bei-der-israelischen-militaerverwaltung-registrieren-zu-lassen-2\/\" \/>\n<meta property=\"og:locale\" content=\"de_DE\" \/>\n<meta property=\"og:type\" content=\"article\" \/>\n<meta property=\"og:title\" content=\"Libanesen stehen Schlange, um sich bei der israelischen Milit\u00e4rverwaltung registrieren zu lassen - Abisag T\u00fcllmann\" \/>\n<meta property=\"og:description\" content=\"R\u00fcckseitenbeschriftung von Hand der Fotografin: &#8222;Sidon: Libanesen stehen Schlange, um beim israel. Milit\u00e4rgouverneur ihre Ausweise abstempeln zu lassen&#8220;Aufnahmedatum: Juli 1982Material\/Technik: Foto \/ Silbergelatine auf PE-PapierBildformat (Foto): 23,2 x 29,8 cmAufnahmeort: Sidon \/ LibanonInventar-Nr.: T\u00fc 82\/064-22\" \/>\n<meta property=\"og:url\" content=\"https:\/\/bpk-archive.de\/tuellmann\/produkt\/libanesen-stehen-schlange-um-sich-bei-der-israelischen-militaerverwaltung-registrieren-zu-lassen-2\/\" \/>\n<meta property=\"og:site_name\" content=\"Abisag T\u00fcllmann\" \/>\n<meta property=\"article:modified_time\" content=\"2020-06-25T14:15:28+00:00\" \/>\n<meta property=\"og:image\" content=\"https:\/\/bpk-archive.de\/tuellmann\/wp-content\/uploads\/2019\/08\/bpk_70271627.jpg\" \/>\n\t<meta property=\"og:image:width\" content=\"1200\" \/>\n\t<meta property=\"og:image:height\" content=\"840\" \/>\n\t<meta property=\"og:image:type\" content=\"image\/jpeg\" \/>\n<meta name=\"twitter:card\" content=\"summary_large_image\" \/>\n<script type=\"application\/ld+json\" class=\"yoast-schema-graph\">{\"@context\":\"https:\\\/\\\/schema.org\",\"@graph\":[{\"@type\":\"WebPage\",\"@id\":\"https:\\\/\\\/bpk-archive.de\\\/tuellmann\\\/produkt\\\/libanesen-stehen-schlange-um-sich-bei-der-israelischen-militaerverwaltung-registrieren-zu-lassen-2\\\/\",\"url\":\"https:\\\/\\\/bpk-archive.de\\\/tuellmann\\\/produkt\\\/libanesen-stehen-schlange-um-sich-bei-der-israelischen-militaerverwaltung-registrieren-zu-lassen-2\\\/\",\"name\":\"Libanesen stehen Schlange, um sich bei der israelischen Milit\u00e4rverwaltung registrieren zu lassen - Abisag T\u00fcllmann\",\"isPartOf\":{\"@id\":\"https:\\\/\\\/bpk-archive.de\\\/tuellmann\\\/#website\"},\"primaryImageOfPage\":{\"@id\":\"https:\\\/\\\/bpk-archive.de\\\/tuellmann\\\/produkt\\\/libanesen-stehen-schlange-um-sich-bei-der-israelischen-militaerverwaltung-registrieren-zu-lassen-2\\\/#primaryimage\"},\"image\":{\"@id\":\"https:\\\/\\\/bpk-archive.de\\\/tuellmann\\\/produkt\\\/libanesen-stehen-schlange-um-sich-bei-der-israelischen-militaerverwaltung-registrieren-zu-lassen-2\\\/#primaryimage\"},\"thumbnailUrl\":\"https:\\\/\\\/bpk-archive.de\\\/tuellmann\\\/wp-content\\\/uploads\\\/2019\\\/08\\\/bpk_70271627.jpg\",\"datePublished\":\"2019-09-05T12:12:47+00:00\",\"dateModified\":\"2020-06-25T14:15:28+00:00\",\"breadcrumb\":{\"@id\":\"https:\\\/\\\/bpk-archive.de\\\/tuellmann\\\/produkt\\\/libanesen-stehen-schlange-um-sich-bei-der-israelischen-militaerverwaltung-registrieren-zu-lassen-2\\\/#breadcrumb\"},\"inLanguage\":\"de\",\"potentialAction\":[{\"@type\":\"ReadAction\",\"target\":[\"https:\\\/\\\/bpk-archive.de\\\/tuellmann\\\/produkt\\\/libanesen-stehen-schlange-um-sich-bei-der-israelischen-militaerverwaltung-registrieren-zu-lassen-2\\\/\"]}]},{\"@type\":\"ImageObject\",\"inLanguage\":\"de\",\"@id\":\"https:\\\/\\\/bpk-archive.de\\\/tuellmann\\\/produkt\\\/libanesen-stehen-schlange-um-sich-bei-der-israelischen-militaerverwaltung-registrieren-zu-lassen-2\\\/#primaryimage\",\"url\":\"https:\\\/\\\/bpk-archive.de\\\/tuellmann\\\/wp-content\\\/uploads\\\/2019\\\/08\\\/bpk_70271627.jpg\",\"contentUrl\":\"https:\\\/\\\/bpk-archive.de\\\/tuellmann\\\/wp-content\\\/uploads\\\/2019\\\/08\\\/bpk_70271627.jpg\",\"width\":1200,\"height\":840,\"caption\":\"Libanesen stehen Schlange, um sich bei der israelischen Milit\u00e4rverwaltung registrieren zu lassen\"},{\"@type\":\"BreadcrumbList\",\"@id\":\"https:\\\/\\\/bpk-archive.de\\\/tuellmann\\\/produkt\\\/libanesen-stehen-schlange-um-sich-bei-der-israelischen-militaerverwaltung-registrieren-zu-lassen-2\\\/#breadcrumb\",\"itemListElement\":[{\"@type\":\"ListItem\",\"position\":1,\"name\":\"Startseite\",\"item\":\"https:\\\/\\\/bpk-archive.de\\\/tuellmann\\\/\"},{\"@type\":\"ListItem\",\"position\":2,\"name\":\"Shop\",\"item\":\"https:\\\/\\\/bpk-archive.de\\\/tuellmann\\\/shop\\\/\"},{\"@type\":\"ListItem\",\"position\":3,\"name\":\"Libanesen stehen Schlange, um sich bei der israelischen Milit\u00e4rverwaltung registrieren zu lassen\"}]},{\"@type\":\"WebSite\",\"@id\":\"https:\\\/\\\/bpk-archive.de\\\/tuellmann\\\/#website\",\"url\":\"https:\\\/\\\/bpk-archive.de\\\/tuellmann\\\/\",\"name\":\"Abisag T\u00fcllmann\",\"description\":\"Eine weitere WordPress-Website\",\"potentialAction\":[{\"@type\":\"SearchAction\",\"target\":{\"@type\":\"EntryPoint\",\"urlTemplate\":\"https:\\\/\\\/bpk-archive.de\\\/tuellmann\\\/?s={search_term_string}\"},\"query-input\":{\"@type\":\"PropertyValueSpecification\",\"valueRequired\":true,\"valueName\":\"search_term_string\"}}],\"inLanguage\":\"de\"}]}<\/script>\n<!-- \/ Yoast SEO plugin. -->","yoast_head_json":{"title":"Libanesen stehen Schlange, um sich bei der israelischen Milit\u00e4rverwaltung registrieren zu lassen - Abisag T\u00fcllmann","robots":{"index":"index","follow":"follow","max-snippet":"max-snippet:-1","max-image-preview":"max-image-preview:large","max-video-preview":"max-video-preview:-1"},"canonical":"https:\/\/bpk-archive.de\/tuellmann\/produkt\/libanesen-stehen-schlange-um-sich-bei-der-israelischen-militaerverwaltung-registrieren-zu-lassen-2\/","og_locale":"de_DE","og_type":"article","og_title":"Libanesen stehen Schlange, um sich bei der israelischen Milit\u00e4rverwaltung registrieren zu lassen - Abisag T\u00fcllmann","og_description":"R\u00fcckseitenbeschriftung von Hand der Fotografin: &#8222;Sidon: Libanesen stehen Schlange, um beim israel. Milit\u00e4rgouverneur ihre Ausweise abstempeln zu lassen&#8220;Aufnahmedatum: Juli 1982Material\/Technik: Foto \/ Silbergelatine auf PE-PapierBildformat (Foto): 23,2 x 29,8 cmAufnahmeort: Sidon \/ LibanonInventar-Nr.: T\u00fc 82\/064-22","og_url":"https:\/\/bpk-archive.de\/tuellmann\/produkt\/libanesen-stehen-schlange-um-sich-bei-der-israelischen-militaerverwaltung-registrieren-zu-lassen-2\/","og_site_name":"Abisag T\u00fcllmann","article_modified_time":"2020-06-25T14:15:28+00:00","og_image":[{"width":1200,"height":840,"url":"https:\/\/bpk-archive.de\/tuellmann\/wp-content\/uploads\/2019\/08\/bpk_70271627.jpg","type":"image\/jpeg"}],"twitter_card":"summary_large_image","schema":{"@context":"https:\/\/schema.org","@graph":[{"@type":"WebPage","@id":"https:\/\/bpk-archive.de\/tuellmann\/produkt\/libanesen-stehen-schlange-um-sich-bei-der-israelischen-militaerverwaltung-registrieren-zu-lassen-2\/","url":"https:\/\/bpk-archive.de\/tuellmann\/produkt\/libanesen-stehen-schlange-um-sich-bei-der-israelischen-militaerverwaltung-registrieren-zu-lassen-2\/","name":"Libanesen stehen Schlange, um sich bei der israelischen Milit\u00e4rverwaltung registrieren zu lassen - Abisag T\u00fcllmann","isPartOf":{"@id":"https:\/\/bpk-archive.de\/tuellmann\/#website"},"primaryImageOfPage":{"@id":"https:\/\/bpk-archive.de\/tuellmann\/produkt\/libanesen-stehen-schlange-um-sich-bei-der-israelischen-militaerverwaltung-registrieren-zu-lassen-2\/#primaryimage"},"image":{"@id":"https:\/\/bpk-archive.de\/tuellmann\/produkt\/libanesen-stehen-schlange-um-sich-bei-der-israelischen-militaerverwaltung-registrieren-zu-lassen-2\/#primaryimage"},"thumbnailUrl":"https:\/\/bpk-archive.de\/tuellmann\/wp-content\/uploads\/2019\/08\/bpk_70271627.jpg","datePublished":"2019-09-05T12:12:47+00:00","dateModified":"2020-06-25T14:15:28+00:00","breadcrumb":{"@id":"https:\/\/bpk-archive.de\/tuellmann\/produkt\/libanesen-stehen-schlange-um-sich-bei-der-israelischen-militaerverwaltung-registrieren-zu-lassen-2\/#breadcrumb"},"inLanguage":"de","potentialAction":[{"@type":"ReadAction","target":["https:\/\/bpk-archive.de\/tuellmann\/produkt\/libanesen-stehen-schlange-um-sich-bei-der-israelischen-militaerverwaltung-registrieren-zu-lassen-2\/"]}]},{"@type":"ImageObject","inLanguage":"de","@id":"https:\/\/bpk-archive.de\/tuellmann\/produkt\/libanesen-stehen-schlange-um-sich-bei-der-israelischen-militaerverwaltung-registrieren-zu-lassen-2\/#primaryimage","url":"https:\/\/bpk-archive.de\/tuellmann\/wp-content\/uploads\/2019\/08\/bpk_70271627.jpg","contentUrl":"https:\/\/bpk-archive.de\/tuellmann\/wp-content\/uploads\/2019\/08\/bpk_70271627.jpg","width":1200,"height":840,"caption":"Libanesen stehen Schlange, um sich bei der israelischen Milit\u00e4rverwaltung registrieren zu lassen"},{"@type":"BreadcrumbList","@id":"https:\/\/bpk-archive.de\/tuellmann\/produkt\/libanesen-stehen-schlange-um-sich-bei-der-israelischen-militaerverwaltung-registrieren-zu-lassen-2\/#breadcrumb","itemListElement":[{"@type":"ListItem","position":1,"name":"Startseite","item":"https:\/\/bpk-archive.de\/tuellmann\/"},{"@type":"ListItem","position":2,"name":"Shop","item":"https:\/\/bpk-archive.de\/tuellmann\/shop\/"},{"@type":"ListItem","position":3,"name":"Libanesen stehen Schlange, um sich bei der israelischen Milit\u00e4rverwaltung registrieren zu lassen"}]},{"@type":"WebSite","@id":"https:\/\/bpk-archive.de\/tuellmann\/#website","url":"https:\/\/bpk-archive.de\/tuellmann\/","name":"Abisag T\u00fcllmann","description":"Eine weitere WordPress-Website","potentialAction":[{"@type":"SearchAction","target":{"@type":"EntryPoint","urlTemplate":"https:\/\/bpk-archive.de\/tuellmann\/?s={search_term_string}"},"query-input":{"@type":"PropertyValueSpecification","valueRequired":true,"valueName":"search_term_string"}}],"inLanguage":"de"}]}},"_links":{"self":[{"href":"https:\/\/bpk-archive.de\/tuellmann\/wp-json\/wp\/v2\/product\/70295076","targetHints":{"allow":["GET"]}}],"collection":[{"href":"https:\/\/bpk-archive.de\/tuellmann\/wp-json\/wp\/v2\/product"}],"about":[{"href":"https:\/\/bpk-archive.de\/tuellmann\/wp-json\/wp\/v2\/types\/product"}],"wp:featuredmedia":[{"embeddable":true,"href":"https:\/\/bpk-archive.de\/tuellmann\/wp-json\/wp\/v2\/media\/70292894"}],"wp:attachment":[{"href":"https:\/\/bpk-archive.de\/tuellmann\/wp-json\/wp\/v2\/media?parent=70295076"}],"wp:term":[{"taxonomy":"product_brand","embeddable":true,"href":"https:\/\/bpk-archive.de\/tuellmann\/wp-json\/wp\/v2\/product_brand?post=70295076"},{"taxonomy":"product_cat","embeddable":true,"href":"https:\/\/bpk-archive.de\/tuellmann\/wp-json\/wp\/v2\/product_cat?post=70295076"},{"taxonomy":"product_tag","embeddable":true,"href":"https:\/\/bpk-archive.de\/tuellmann\/wp-json\/wp\/v2\/product_tag?post=70295076"}],"curies":[{"name":"wp","href":"https:\/\/api.w.org\/{rel}","templated":true}]}}