{"id":70295073,"date":"2019-09-05T14:12:47","date_gmt":"2019-09-05T12:12:47","guid":{"rendered":"http:\/\/abisagtuellmann.bpk-news.de\/atbild\/unterkunft-fuer-palaestinensische-fluechtlinge-in-sidon-2\/"},"modified":"2019-09-05T14:12:50","modified_gmt":"2019-09-05T12:12:50","slug":"unterkunft-fuer-palaestinensische-fluechtlinge-in-sidon-2","status":"publish","type":"product","link":"https:\/\/bpk-archive.de\/tuellmann\/produkt\/unterkunft-fuer-palaestinensische-fluechtlinge-in-sidon-2\/","title":{"rendered":"Unterkunft f\u00fcr pal\u00e4stinensische Fl\u00fcchtlinge in Sidon"},"content":{"rendered":"<p>R\u00fcckseitenbeschriftung von Hand der Fotografin: &#8222;Sidon&#8220;<BR>Aufnahmedatum: Juli 1982<BR>Material\/Technik: Foto \/ Silbergelatine auf Barytpapier<BR>Bildformat (Foto): 21 x 30,5 cm<BR>Aufnahmeort: Sidon \/ Libanon<BR>Inventar-Nr.: T\u00fc 82\/075-34a<BR><\/p>\n","protected":false},"excerpt":{"rendered":"<p>R\u00fcckseitenbeschriftung von Hand der Fotografin: &#8222;Sidon&#8220;Aufnahmedatum: Juli 1982Material\/Technik: Foto \/ Silbergelatine auf BarytpapierBildformat (Foto): 21 x 30,5 cmAufnahmeort: Sidon \/ LibanonInventar-Nr.: T\u00fc 82\/075-34a<\/p>\n","protected":false},"featured_media":70292873,"template":"","meta":[],"product_brand":[],"product_cat":[],"product_tag":[47237,13232,13234,13231,13233,47238,47239,13777,47240,47418,47419,47420,47421,47422,47423,47424,47241,13250,47242,47243,47244,47245,47246,47247,47248,47249,47250,47251,47252,47253,47254,47255,47257,47258,47259,13260,47425,47426,14186,14187,14188,14189,14190,14191,14192,14193,14194,13293,13786,13787,13294,13295,13296,13297,47267,13487,13488,47427,47428,47429,14066,47430,47431,47432,13301,47278,47279,47280,47281,47282,47283,47284,13807,13808,13809,13812,13813,13814,13815,13816,14205,14206,14207,14213,14218,14219,47295,47296,47297,47301,47302,47433,47434,47435,47436,47437,47438,47439,47304,47305,47306,47307,47308,47309,47310,47440,47441,47442,47443,47444,47445,47446,13818,13819,13826,47447,47448,47319,47320,47322,47321,14225,14226,14227,14228,47449,47450,14229,47323,47324,47325,47326,47327,47328,47329,47330,47331,13328,13827,13828,13329,13330,13331,13332,47332,13843,47333,47334,47335,47336,47337,47451,13877,13879,13865,13864,13866,13858,13859,13860,13861,13862,13863,13869,13870,13871,13872,13519,13520,13521,13522,13523,13524,13878,13880,14250,14251,47343],"class_list":{"0":"post-70295073","1":"product","2":"type-product","3":"status-publish","4":"has-post-thumbnail","6":"product_tag-1980er-jahre","7":"product_tag-20-jahrhundert-nach-chr","8":"product_tag-20-jh-n-chr","9":"product_tag-20-jahrhundert","10":"product_tag-20-jh","11":"product_tag-80er","12":"product_tag-abt_001","13":"product_tag-abzug","14":"product_tag-achtziger","15":"product_tag-alt","16":"product_tag-alte","17":"product_tag-alten","18":"product_tag-alter","19":"product_tag-aeltere","20":"product_tag-aelterer","21":"product_tag-altes","22":"product_tag-at_israel","23":"product_tag-aussen","24":"product_tag-besatzungsmacht","25":"product_tag-besatzungsmaechte","26":"product_tag-besatzungsmaechten","27":"product_tag-besatzungszeit","28":"product_tag-besatzungszone","29":"product_tag-besatzungszonen","30":"product_tag-besetzen","31":"product_tag-besetzt","32":"product_tag-besetzte","33":"product_tag-besetzten","34":"product_tag-besetzter","35":"product_tag-besetztes","36":"product_tag-besetzung","37":"product_tag-besetzungen","38":"product_tag-buergerkrieg","39":"product_tag-buergerkriege","40":"product_tag-buergerkrieges","41":"product_tag-draussen","42":"product_tag-familie","43":"product_tag-familien","44":"product_tag-fluechtling","45":"product_tag-fluechtlinge","46":"product_tag-fluechtlingen","47":"product_tag-fluechtlings","48":"product_tag-fluechtlingsheim","49":"product_tag-fluechtlingsheime","50":"product_tag-fluechtlingslager","51":"product_tag-fluechtlingsunterkunft","52":"product_tag-fluechtlingsunterkuenfte","53":"product_tag-foto","54":"product_tag-fotoabzug","55":"product_tag-fotoabzuege","56":"product_tag-fotografie","57":"product_tag-fotografien","58":"product_tag-fotografin","59":"product_tag-fotografinnen","60":"product_tag-fotoreportage","61":"product_tag-frau","62":"product_tag-frauen","63":"product_tag-garage","64":"product_tag-garagen","65":"product_tag-garagentor","66":"product_tag-geschichte","67":"product_tag-heranwachsende","68":"product_tag-heranwachsenden","69":"product_tag-heranwachsender","70":"product_tag-im-freien","71":"product_tag-invasion","72":"product_tag-israel","73":"product_tag-israelisch","74":"product_tag-israelische","75":"product_tag-israelischer","76":"product_tag-israelisches","77":"product_tag-israels","78":"product_tag-jugendliche","79":"product_tag-jugendlichen","80":"product_tag-jugendlicher","81":"product_tag-jung","82":"product_tag-junge","83":"product_tag-jungen","84":"product_tag-junger","85":"product_tag-junges","86":"product_tag-kind","87":"product_tag-kinde","88":"product_tag-kinder","89":"product_tag-kindern","90":"product_tag-kindes","91":"product_tag-kindheit","92":"product_tag-krieg","93":"product_tag-kriege","94":"product_tag-krieges","95":"product_tag-krise","96":"product_tag-krisen","97":"product_tag-leid","98":"product_tag-leiden","99":"product_tag-leidende","100":"product_tag-leidenden","101":"product_tag-leidender","102":"product_tag-leidendes","103":"product_tag-leidet","104":"product_tag-libanesisch","105":"product_tag-libanesische","106":"product_tag-libanesischen","107":"product_tag-libanesischer","108":"product_tag-libanesisches","109":"product_tag-libanon","110":"product_tag-libanonkrieg","111":"product_tag-liegen","112":"product_tag-liegend","113":"product_tag-liegende","114":"product_tag-liegendem","115":"product_tag-liegenden","116":"product_tag-liegender","117":"product_tag-liegendes","118":"product_tag-mann","119":"product_tag-maenner","120":"product_tag-mannes","121":"product_tag-menschengruppe","122":"product_tag-menschengruppen","123":"product_tag-naher-osten","124":"product_tag-nahost","125":"product_tag-nahost-konflikt","126":"product_tag-nahostkonflikt","127":"product_tag-not","128":"product_tag-noete","129":"product_tag-notlage","130":"product_tag-notlagen","131":"product_tag-notunterkunft","132":"product_tag-notunterkuenfte","133":"product_tag-obdach","134":"product_tag-okkupation","135":"product_tag-palaestinenser","136":"product_tag-palaestinenserin","137":"product_tag-palaestinenserinnen","138":"product_tag-palaestinensisch","139":"product_tag-palaestinensische","140":"product_tag-palaestinensischen","141":"product_tag-palaestinensischer","142":"product_tag-palaestinensisches","143":"product_tag-photo","144":"product_tag-photoabzug","145":"product_tag-photoabzuege","146":"product_tag-photographie","147":"product_tag-photographien","148":"product_tag-photographin","149":"product_tag-photographinnen","150":"product_tag-photoreportage","151":"product_tag-print","152":"product_tag-reportage","153":"product_tag-reportagefoto","154":"product_tag-reportagefotografie","155":"product_tag-reportagephoto","156":"product_tag-reportagephotographie","157":"product_tag-rolltor","158":"product_tag-s-w-fotografie","159":"product_tag-s-w-photographie","160":"product_tag-schwarzweissphotographie","161":"product_tag-schwarz-weiss-fotografie","162":"product_tag-schwarz-weiss-photographie","163":"product_tag-schwarzweiss","164":"product_tag-schwarzweisse","165":"product_tag-schwarzweissen","166":"product_tag-schwarzweisser","167":"product_tag-schwarzweisses","168":"product_tag-schwarzweissfotografie","169":"product_tag-silbergelatine","170":"product_tag-silbergelatineabzug","171":"product_tag-silbergelatineabzuege","172":"product_tag-silbergelatineprint","173":"product_tag-stehen","174":"product_tag-stehend","175":"product_tag-stehende","176":"product_tag-stehenden","177":"product_tag-stehender","178":"product_tag-stehendes","179":"product_tag-sw-fotografie","180":"product_tag-sw-photographie","181":"product_tag-unterkunft","182":"product_tag-unterkuenfte","183":"product_tag-zeitgeschichte","184":"pa_beschreibung-rueckseitenbeschriftung-von-hand-der-fotografin-sidon","185":"pa_datierung-juli-1982","186":"pa_fotograf-abisag-tuellmann","187":"pa_geografischer_bezug-aufnahmeort-sidon-libanon","188":"pa_grunddaten_material_technik-foto-silbergelatine-auf-barytpapier","189":"pa_inventarnummer-tue-82-075-34a","190":"pa_jahr_von-47235","191":"pa_massangaben-bildformat-foto-21-x-305-cm","192":"pa_mediennummer-47415","193":"pa_objekt_typ-fotografie","195":"first","196":"instock","197":"product-type-simple"},"yoast_head":"<!-- This site is optimized with the Yoast SEO plugin v27.3 - https:\/\/yoast.com\/product\/yoast-seo-wordpress\/ -->\n<title>Unterkunft f\u00fcr pal\u00e4stinensische Fl\u00fcchtlinge in Sidon - Abisag T\u00fcllmann<\/title>\n<meta name=\"robots\" content=\"index, follow, max-snippet:-1, max-image-preview:large, max-video-preview:-1\" \/>\n<link rel=\"canonical\" href=\"https:\/\/bpk-archive.de\/tuellmann\/produkt\/unterkunft-fuer-palaestinensische-fluechtlinge-in-sidon-2\/\" \/>\n<meta property=\"og:locale\" content=\"de_DE\" \/>\n<meta property=\"og:type\" content=\"article\" \/>\n<meta property=\"og:title\" content=\"Unterkunft f\u00fcr pal\u00e4stinensische Fl\u00fcchtlinge in Sidon - Abisag T\u00fcllmann\" \/>\n<meta property=\"og:description\" content=\"R\u00fcckseitenbeschriftung von Hand der Fotografin: &#8222;Sidon&#8220;Aufnahmedatum: Juli 1982Material\/Technik: Foto \/ Silbergelatine auf BarytpapierBildformat (Foto): 21 x 30,5 cmAufnahmeort: Sidon \/ LibanonInventar-Nr.: T\u00fc 82\/075-34a\" \/>\n<meta property=\"og:url\" content=\"https:\/\/bpk-archive.de\/tuellmann\/produkt\/unterkunft-fuer-palaestinensische-fluechtlinge-in-sidon-2\/\" \/>\n<meta property=\"og:site_name\" content=\"Abisag T\u00fcllmann\" \/>\n<meta property=\"article:modified_time\" content=\"2019-09-05T12:12:50+00:00\" \/>\n<meta property=\"og:image\" content=\"https:\/\/bpk-archive.de\/tuellmann\/wp-content\/uploads\/2019\/08\/bpk_70271620.jpg\" \/>\n\t<meta property=\"og:image:width\" content=\"1200\" \/>\n\t<meta property=\"og:image:height\" content=\"845\" \/>\n\t<meta property=\"og:image:type\" content=\"image\/jpeg\" \/>\n<meta name=\"twitter:card\" content=\"summary_large_image\" \/>\n<script type=\"application\/ld+json\" class=\"yoast-schema-graph\">{\"@context\":\"https:\\\/\\\/schema.org\",\"@graph\":[{\"@type\":\"WebPage\",\"@id\":\"https:\\\/\\\/bpk-archive.de\\\/tuellmann\\\/produkt\\\/unterkunft-fuer-palaestinensische-fluechtlinge-in-sidon-2\\\/\",\"url\":\"https:\\\/\\\/bpk-archive.de\\\/tuellmann\\\/produkt\\\/unterkunft-fuer-palaestinensische-fluechtlinge-in-sidon-2\\\/\",\"name\":\"Unterkunft f\u00fcr pal\u00e4stinensische Fl\u00fcchtlinge in Sidon - Abisag T\u00fcllmann\",\"isPartOf\":{\"@id\":\"https:\\\/\\\/bpk-archive.de\\\/tuellmann\\\/#website\"},\"primaryImageOfPage\":{\"@id\":\"https:\\\/\\\/bpk-archive.de\\\/tuellmann\\\/produkt\\\/unterkunft-fuer-palaestinensische-fluechtlinge-in-sidon-2\\\/#primaryimage\"},\"image\":{\"@id\":\"https:\\\/\\\/bpk-archive.de\\\/tuellmann\\\/produkt\\\/unterkunft-fuer-palaestinensische-fluechtlinge-in-sidon-2\\\/#primaryimage\"},\"thumbnailUrl\":\"https:\\\/\\\/bpk-archive.de\\\/tuellmann\\\/wp-content\\\/uploads\\\/2019\\\/08\\\/bpk_70271620.jpg\",\"datePublished\":\"2019-09-05T12:12:47+00:00\",\"dateModified\":\"2019-09-05T12:12:50+00:00\",\"breadcrumb\":{\"@id\":\"https:\\\/\\\/bpk-archive.de\\\/tuellmann\\\/produkt\\\/unterkunft-fuer-palaestinensische-fluechtlinge-in-sidon-2\\\/#breadcrumb\"},\"inLanguage\":\"de\",\"potentialAction\":[{\"@type\":\"ReadAction\",\"target\":[\"https:\\\/\\\/bpk-archive.de\\\/tuellmann\\\/produkt\\\/unterkunft-fuer-palaestinensische-fluechtlinge-in-sidon-2\\\/\"]}]},{\"@type\":\"ImageObject\",\"inLanguage\":\"de\",\"@id\":\"https:\\\/\\\/bpk-archive.de\\\/tuellmann\\\/produkt\\\/unterkunft-fuer-palaestinensische-fluechtlinge-in-sidon-2\\\/#primaryimage\",\"url\":\"https:\\\/\\\/bpk-archive.de\\\/tuellmann\\\/wp-content\\\/uploads\\\/2019\\\/08\\\/bpk_70271620.jpg\",\"contentUrl\":\"https:\\\/\\\/bpk-archive.de\\\/tuellmann\\\/wp-content\\\/uploads\\\/2019\\\/08\\\/bpk_70271620.jpg\",\"width\":1200,\"height\":845,\"caption\":\"Unterkunft f\u00fcr pal\u00e4stinensische Fl\u00fcchtlinge in Sidon\"},{\"@type\":\"BreadcrumbList\",\"@id\":\"https:\\\/\\\/bpk-archive.de\\\/tuellmann\\\/produkt\\\/unterkunft-fuer-palaestinensische-fluechtlinge-in-sidon-2\\\/#breadcrumb\",\"itemListElement\":[{\"@type\":\"ListItem\",\"position\":1,\"name\":\"Startseite\",\"item\":\"https:\\\/\\\/bpk-archive.de\\\/tuellmann\\\/\"},{\"@type\":\"ListItem\",\"position\":2,\"name\":\"Shop\",\"item\":\"https:\\\/\\\/bpk-archive.de\\\/tuellmann\\\/shop\\\/\"},{\"@type\":\"ListItem\",\"position\":3,\"name\":\"Unterkunft f\u00fcr pal\u00e4stinensische Fl\u00fcchtlinge in Sidon\"}]},{\"@type\":\"WebSite\",\"@id\":\"https:\\\/\\\/bpk-archive.de\\\/tuellmann\\\/#website\",\"url\":\"https:\\\/\\\/bpk-archive.de\\\/tuellmann\\\/\",\"name\":\"Abisag T\u00fcllmann\",\"description\":\"Eine weitere WordPress-Website\",\"potentialAction\":[{\"@type\":\"SearchAction\",\"target\":{\"@type\":\"EntryPoint\",\"urlTemplate\":\"https:\\\/\\\/bpk-archive.de\\\/tuellmann\\\/?s={search_term_string}\"},\"query-input\":{\"@type\":\"PropertyValueSpecification\",\"valueRequired\":true,\"valueName\":\"search_term_string\"}}],\"inLanguage\":\"de\"}]}<\/script>\n<!-- \/ Yoast SEO plugin. -->","yoast_head_json":{"title":"Unterkunft f\u00fcr pal\u00e4stinensische Fl\u00fcchtlinge in Sidon - Abisag T\u00fcllmann","robots":{"index":"index","follow":"follow","max-snippet":"max-snippet:-1","max-image-preview":"max-image-preview:large","max-video-preview":"max-video-preview:-1"},"canonical":"https:\/\/bpk-archive.de\/tuellmann\/produkt\/unterkunft-fuer-palaestinensische-fluechtlinge-in-sidon-2\/","og_locale":"de_DE","og_type":"article","og_title":"Unterkunft f\u00fcr pal\u00e4stinensische Fl\u00fcchtlinge in Sidon - Abisag T\u00fcllmann","og_description":"R\u00fcckseitenbeschriftung von Hand der Fotografin: &#8222;Sidon&#8220;Aufnahmedatum: Juli 1982Material\/Technik: Foto \/ Silbergelatine auf BarytpapierBildformat (Foto): 21 x 30,5 cmAufnahmeort: Sidon \/ LibanonInventar-Nr.: T\u00fc 82\/075-34a","og_url":"https:\/\/bpk-archive.de\/tuellmann\/produkt\/unterkunft-fuer-palaestinensische-fluechtlinge-in-sidon-2\/","og_site_name":"Abisag T\u00fcllmann","article_modified_time":"2019-09-05T12:12:50+00:00","og_image":[{"width":1200,"height":845,"url":"https:\/\/bpk-archive.de\/tuellmann\/wp-content\/uploads\/2019\/08\/bpk_70271620.jpg","type":"image\/jpeg"}],"twitter_card":"summary_large_image","schema":{"@context":"https:\/\/schema.org","@graph":[{"@type":"WebPage","@id":"https:\/\/bpk-archive.de\/tuellmann\/produkt\/unterkunft-fuer-palaestinensische-fluechtlinge-in-sidon-2\/","url":"https:\/\/bpk-archive.de\/tuellmann\/produkt\/unterkunft-fuer-palaestinensische-fluechtlinge-in-sidon-2\/","name":"Unterkunft f\u00fcr pal\u00e4stinensische Fl\u00fcchtlinge in Sidon - Abisag T\u00fcllmann","isPartOf":{"@id":"https:\/\/bpk-archive.de\/tuellmann\/#website"},"primaryImageOfPage":{"@id":"https:\/\/bpk-archive.de\/tuellmann\/produkt\/unterkunft-fuer-palaestinensische-fluechtlinge-in-sidon-2\/#primaryimage"},"image":{"@id":"https:\/\/bpk-archive.de\/tuellmann\/produkt\/unterkunft-fuer-palaestinensische-fluechtlinge-in-sidon-2\/#primaryimage"},"thumbnailUrl":"https:\/\/bpk-archive.de\/tuellmann\/wp-content\/uploads\/2019\/08\/bpk_70271620.jpg","datePublished":"2019-09-05T12:12:47+00:00","dateModified":"2019-09-05T12:12:50+00:00","breadcrumb":{"@id":"https:\/\/bpk-archive.de\/tuellmann\/produkt\/unterkunft-fuer-palaestinensische-fluechtlinge-in-sidon-2\/#breadcrumb"},"inLanguage":"de","potentialAction":[{"@type":"ReadAction","target":["https:\/\/bpk-archive.de\/tuellmann\/produkt\/unterkunft-fuer-palaestinensische-fluechtlinge-in-sidon-2\/"]}]},{"@type":"ImageObject","inLanguage":"de","@id":"https:\/\/bpk-archive.de\/tuellmann\/produkt\/unterkunft-fuer-palaestinensische-fluechtlinge-in-sidon-2\/#primaryimage","url":"https:\/\/bpk-archive.de\/tuellmann\/wp-content\/uploads\/2019\/08\/bpk_70271620.jpg","contentUrl":"https:\/\/bpk-archive.de\/tuellmann\/wp-content\/uploads\/2019\/08\/bpk_70271620.jpg","width":1200,"height":845,"caption":"Unterkunft f\u00fcr pal\u00e4stinensische Fl\u00fcchtlinge in Sidon"},{"@type":"BreadcrumbList","@id":"https:\/\/bpk-archive.de\/tuellmann\/produkt\/unterkunft-fuer-palaestinensische-fluechtlinge-in-sidon-2\/#breadcrumb","itemListElement":[{"@type":"ListItem","position":1,"name":"Startseite","item":"https:\/\/bpk-archive.de\/tuellmann\/"},{"@type":"ListItem","position":2,"name":"Shop","item":"https:\/\/bpk-archive.de\/tuellmann\/shop\/"},{"@type":"ListItem","position":3,"name":"Unterkunft f\u00fcr pal\u00e4stinensische Fl\u00fcchtlinge in Sidon"}]},{"@type":"WebSite","@id":"https:\/\/bpk-archive.de\/tuellmann\/#website","url":"https:\/\/bpk-archive.de\/tuellmann\/","name":"Abisag T\u00fcllmann","description":"Eine weitere WordPress-Website","potentialAction":[{"@type":"SearchAction","target":{"@type":"EntryPoint","urlTemplate":"https:\/\/bpk-archive.de\/tuellmann\/?s={search_term_string}"},"query-input":{"@type":"PropertyValueSpecification","valueRequired":true,"valueName":"search_term_string"}}],"inLanguage":"de"}]}},"_links":{"self":[{"href":"https:\/\/bpk-archive.de\/tuellmann\/wp-json\/wp\/v2\/product\/70295073","targetHints":{"allow":["GET"]}}],"collection":[{"href":"https:\/\/bpk-archive.de\/tuellmann\/wp-json\/wp\/v2\/product"}],"about":[{"href":"https:\/\/bpk-archive.de\/tuellmann\/wp-json\/wp\/v2\/types\/product"}],"wp:featuredmedia":[{"embeddable":true,"href":"https:\/\/bpk-archive.de\/tuellmann\/wp-json\/wp\/v2\/media\/70292873"}],"wp:attachment":[{"href":"https:\/\/bpk-archive.de\/tuellmann\/wp-json\/wp\/v2\/media?parent=70295073"}],"wp:term":[{"taxonomy":"product_brand","embeddable":true,"href":"https:\/\/bpk-archive.de\/tuellmann\/wp-json\/wp\/v2\/product_brand?post=70295073"},{"taxonomy":"product_cat","embeddable":true,"href":"https:\/\/bpk-archive.de\/tuellmann\/wp-json\/wp\/v2\/product_cat?post=70295073"},{"taxonomy":"product_tag","embeddable":true,"href":"https:\/\/bpk-archive.de\/tuellmann\/wp-json\/wp\/v2\/product_tag?post=70295073"}],"curies":[{"name":"wp","href":"https:\/\/api.w.org\/{rel}","templated":true}]}}