{"id":70295072,"date":"2019-09-05T14:12:47","date_gmt":"2019-09-05T12:12:47","guid":{"rendered":"http:\/\/abisagtuellmann.bpk-news.de\/atbild\/kriegszerstoerungen-in-sidon-2\/"},"modified":"2019-09-05T14:12:49","modified_gmt":"2019-09-05T12:12:49","slug":"kriegszerstoerungen-in-sidon-2","status":"publish","type":"product","link":"https:\/\/bpk-archive.de\/tuellmann\/produkt\/kriegszerstoerungen-in-sidon-2\/","title":{"rendered":"Kriegszerst\u00f6rungen in Sidon"},"content":{"rendered":"<p>R\u00fcckseitenbeschriftung von anderer Hand: &#8222;Libanon: Sidon&#8220;<BR>Aufnahmedatum: Juli 1982<BR>Material\/Technik: Foto \/ Silbergelatine auf Barytpapier<BR>Bildformat (Foto): 19,9 x 30,5 cm<BR>Aufnahmeort: Sidon \/ Libanon<BR>Inventar-Nr.: T\u00fc 82\/075-27a<BR><\/p>\n","protected":false},"excerpt":{"rendered":"<p>R\u00fcckseitenbeschriftung von anderer Hand: &#8222;Libanon: Sidon&#8220;Aufnahmedatum: Juli 1982Material\/Technik: Foto \/ Silbergelatine auf BarytpapierBildformat (Foto): 19,9 x 30,5 cmAufnahmeort: Sidon \/ LibanonInventar-Nr.: T\u00fc 82\/075-27a<\/p>\n","protected":false},"featured_media":70292876,"template":"","meta":[],"product_brand":[],"product_cat":[],"product_tag":[47237,13232,13234,13231,13233,47238,47239,13777,47240,47241,13250,47365,47366,47367,47242,47243,47244,47245,47246,47247,47248,47249,47250,47251,47252,47253,47254,47255,47256,47257,47258,47259,13260,47262,47263,47264,14186,14187,14188,14189,13293,13786,13787,47368,47369,47370,47371,13294,13295,47372,13296,13297,47373,47374,47267,13487,13488,47375,47376,47377,47378,47379,47380,47381,47382,14066,47383,47384,47385,47386,13301,47278,47279,47280,47281,47282,47283,47284,14205,14206,14207,14213,14218,14219,47295,47296,47297,47387,47388,47389,47390,47391,47298,47299,47300,47301,47302,47392,47393,47304,47305,47306,47307,47308,47309,47310,13310,13311,13818,13819,13826,47394,47319,47320,47322,47321,47323,47327,47328,47329,47330,47331,47395,47396,13328,13827,13828,47397,47398,47399,47400,13329,13330,47401,13331,13332,47402,47403,47332,13843,47333,47334,47335,47336,47337,47404,47405,13877,13879,13865,13864,13866,13858,13859,13860,13861,13862,13863,13869,13870,13871,13872,47406,47407,13519,13520,13521,13522,13523,13524,47408,47409,13878,13880,47410,47411,47412,47413,47343,47344,47345,47346,47347,47348,47349,47350,47351,47352,47353,47354,47355,47356],"class_list":{"0":"post-70295072","1":"product","2":"type-product","3":"status-publish","4":"has-post-thumbnail","6":"product_tag-1980er-jahre","7":"product_tag-20-jahrhundert-nach-chr","8":"product_tag-20-jh-n-chr","9":"product_tag-20-jahrhundert","10":"product_tag-20-jh","11":"product_tag-80er","12":"product_tag-abt_001","13":"product_tag-abzug","14":"product_tag-achtziger","15":"product_tag-at_israel","16":"product_tag-aussen","17":"product_tag-bauten","18":"product_tag-bauwerk","19":"product_tag-bauwerke","20":"product_tag-besatzungsmacht","21":"product_tag-besatzungsmaechte","22":"product_tag-besatzungsmaechten","23":"product_tag-besatzungszeit","24":"product_tag-besatzungszone","25":"product_tag-besatzungszonen","26":"product_tag-besetzen","27":"product_tag-besetzt","28":"product_tag-besetzte","29":"product_tag-besetzten","30":"product_tag-besetzter","31":"product_tag-besetztes","32":"product_tag-besetzung","33":"product_tag-besetzungen","34":"product_tag-bombenschaden","35":"product_tag-buergerkrieg","36":"product_tag-buergerkriege","37":"product_tag-buergerkrieges","38":"product_tag-draussen","39":"product_tag-einschussloch","40":"product_tag-einschussloecher","41":"product_tag-einschussloechern","42":"product_tag-fluechtling","43":"product_tag-fluechtlinge","44":"product_tag-fluechtlingen","45":"product_tag-fluechtlings","46":"product_tag-foto","47":"product_tag-fotoabzug","48":"product_tag-fotoabzuege","49":"product_tag-fotoapparat","50":"product_tag-fotoapparate","51":"product_tag-fotograf","52":"product_tag-fotografen","53":"product_tag-fotografie","54":"product_tag-fotografien","55":"product_tag-fotografieren","56":"product_tag-fotografin","57":"product_tag-fotografinnen","58":"product_tag-fotokamera","59":"product_tag-fotokameras","60":"product_tag-fotoreportage","61":"product_tag-frau","62":"product_tag-frauen","63":"product_tag-fussgaengerin","64":"product_tag-fussgaengerinnen","65":"product_tag-gebaeude","66":"product_tag-gehen","67":"product_tag-gehend","68":"product_tag-gehende","69":"product_tag-gehender","70":"product_tag-gehendes","71":"product_tag-geschichte","72":"product_tag-haus","73":"product_tag-haeuser","74":"product_tag-haeusern","75":"product_tag-hauses","76":"product_tag-im-freien","77":"product_tag-invasion","78":"product_tag-israel","79":"product_tag-israelisch","80":"product_tag-israelische","81":"product_tag-israelischer","82":"product_tag-israelisches","83":"product_tag-israels","84":"product_tag-kind","85":"product_tag-kinde","86":"product_tag-kinder","87":"product_tag-kindern","88":"product_tag-kindes","89":"product_tag-kindheit","90":"product_tag-krieg","91":"product_tag-kriege","92":"product_tag-krieges","93":"product_tag-kriegsberichter","94":"product_tag-kriegsberichterstatter","95":"product_tag-kriegsreporter","96":"product_tag-kriegsruine","97":"product_tag-kriegsruinen","98":"product_tag-kriegsschaden","99":"product_tag-kriegszerstoerung","100":"product_tag-kriegszerstoerungen","101":"product_tag-krise","102":"product_tag-krisen","103":"product_tag-libanesin","104":"product_tag-libanesinnen","105":"product_tag-libanesisch","106":"product_tag-libanesische","107":"product_tag-libanesischen","108":"product_tag-libanesischer","109":"product_tag-libanesisches","110":"product_tag-libanon","111":"product_tag-libanonkrieg","112":"product_tag-maedchen","113":"product_tag-maedchens","114":"product_tag-mann","115":"product_tag-maenner","116":"product_tag-mannes","117":"product_tag-mutter","118":"product_tag-naher-osten","119":"product_tag-nahost","120":"product_tag-nahost-konflikt","121":"product_tag-nahostkonflikt","122":"product_tag-okkupation","123":"product_tag-palaestinensisch","124":"product_tag-palaestinensische","125":"product_tag-palaestinensischen","126":"product_tag-palaestinensischer","127":"product_tag-palaestinensisches","128":"product_tag-passantin","129":"product_tag-passantinnen","130":"product_tag-photo","131":"product_tag-photoabzug","132":"product_tag-photoabzuege","133":"product_tag-photoapparat","134":"product_tag-photoapparate","135":"product_tag-photograph","136":"product_tag-photographen","137":"product_tag-photographie","138":"product_tag-photographien","139":"product_tag-photographieren","140":"product_tag-photographin","141":"product_tag-photographinnen","142":"product_tag-photokamera","143":"product_tag-photokameras","144":"product_tag-photoreportage","145":"product_tag-print","146":"product_tag-reportage","147":"product_tag-reportagefoto","148":"product_tag-reportagefotografie","149":"product_tag-reportagephoto","150":"product_tag-reportagephotographie","151":"product_tag-ruine","152":"product_tag-ruinen","153":"product_tag-s-w-fotografie","154":"product_tag-s-w-photographie","155":"product_tag-schwarzweissphotographie","156":"product_tag-schwarz-weiss-fotografie","157":"product_tag-schwarz-weiss-photographie","158":"product_tag-schwarzweiss","159":"product_tag-schwarzweisse","160":"product_tag-schwarzweissen","161":"product_tag-schwarzweisser","162":"product_tag-schwarzweisses","163":"product_tag-schwarzweissfotografie","164":"product_tag-silbergelatine","165":"product_tag-silbergelatineabzug","166":"product_tag-silbergelatineabzuege","167":"product_tag-silbergelatineprint","168":"product_tag-stadt","169":"product_tag-staedte","170":"product_tag-stehen","171":"product_tag-stehend","172":"product_tag-stehende","173":"product_tag-stehenden","174":"product_tag-stehender","175":"product_tag-stehendes","176":"product_tag-strassenleben","177":"product_tag-strassenszene","178":"product_tag-sw-fotografie","179":"product_tag-sw-photographie","180":"product_tag-tochter","181":"product_tag-toechtern","182":"product_tag-truemmerlandschaft","183":"product_tag-truemmerlandschaften","184":"product_tag-zeitgeschichte","185":"product_tag-zerbombt","186":"product_tag-zerbombte","187":"product_tag-zerbombten","188":"product_tag-zerbombter","189":"product_tag-zerbombtes","190":"product_tag-zerstoeren","191":"product_tag-zerstoert","192":"product_tag-zerstoerte","193":"product_tag-zerstoerten","194":"product_tag-zerstoerter","195":"product_tag-zerstoertes","196":"product_tag-zerstoerung","197":"product_tag-zerstoerungen","198":"pa_beschreibung-rueckseitenbeschriftung-von-anderer-hand-libanon-sidon","199":"pa_datierung-juli-1982","200":"pa_fotograf-abisag-tuellmann","201":"pa_geografischer_bezug-aufnahmeort-sidon-libanon","202":"pa_grunddaten_material_technik-foto-silbergelatine-auf-barytpapier","203":"pa_inventarnummer-tue-82-075-27a","204":"pa_jahr_von-47235","205":"pa_massangaben-bildformat-foto-199-x-305-cm","206":"pa_mediennummer-47361","207":"pa_objekt_typ-fotografie","209":"first","210":"instock","211":"product-type-simple"},"yoast_head":"<!-- This site is optimized with the Yoast SEO plugin v27.4 - https:\/\/yoast.com\/product\/yoast-seo-wordpress\/ -->\n<title>Kriegszerst\u00f6rungen in Sidon - Abisag T\u00fcllmann<\/title>\n<meta name=\"robots\" content=\"index, follow, max-snippet:-1, max-image-preview:large, max-video-preview:-1\" \/>\n<link rel=\"canonical\" href=\"https:\/\/bpk-archive.de\/tuellmann\/produkt\/kriegszerstoerungen-in-sidon-2\/\" \/>\n<meta property=\"og:locale\" content=\"de_DE\" \/>\n<meta property=\"og:type\" content=\"article\" \/>\n<meta property=\"og:title\" content=\"Kriegszerst\u00f6rungen in Sidon - Abisag T\u00fcllmann\" \/>\n<meta property=\"og:description\" content=\"R\u00fcckseitenbeschriftung von anderer Hand: &#8222;Libanon: Sidon&#8220;Aufnahmedatum: Juli 1982Material\/Technik: Foto \/ Silbergelatine auf BarytpapierBildformat (Foto): 19,9 x 30,5 cmAufnahmeort: Sidon \/ LibanonInventar-Nr.: T\u00fc 82\/075-27a\" \/>\n<meta property=\"og:url\" content=\"https:\/\/bpk-archive.de\/tuellmann\/produkt\/kriegszerstoerungen-in-sidon-2\/\" \/>\n<meta property=\"og:site_name\" content=\"Abisag T\u00fcllmann\" \/>\n<meta property=\"article:modified_time\" content=\"2019-09-05T12:12:49+00:00\" \/>\n<meta property=\"og:image\" content=\"https:\/\/bpk-archive.de\/tuellmann\/wp-content\/uploads\/2019\/08\/bpk_70271621.jpg\" \/>\n\t<meta property=\"og:image:width\" content=\"1200\" \/>\n\t<meta property=\"og:image:height\" content=\"804\" \/>\n\t<meta property=\"og:image:type\" content=\"image\/jpeg\" \/>\n<meta name=\"twitter:card\" content=\"summary_large_image\" \/>\n<script type=\"application\/ld+json\" class=\"yoast-schema-graph\">{\"@context\":\"https:\\\/\\\/schema.org\",\"@graph\":[{\"@type\":\"WebPage\",\"@id\":\"https:\\\/\\\/bpk-archive.de\\\/tuellmann\\\/produkt\\\/kriegszerstoerungen-in-sidon-2\\\/\",\"url\":\"https:\\\/\\\/bpk-archive.de\\\/tuellmann\\\/produkt\\\/kriegszerstoerungen-in-sidon-2\\\/\",\"name\":\"Kriegszerst\u00f6rungen in Sidon - Abisag T\u00fcllmann\",\"isPartOf\":{\"@id\":\"https:\\\/\\\/bpk-archive.de\\\/tuellmann\\\/#website\"},\"primaryImageOfPage\":{\"@id\":\"https:\\\/\\\/bpk-archive.de\\\/tuellmann\\\/produkt\\\/kriegszerstoerungen-in-sidon-2\\\/#primaryimage\"},\"image\":{\"@id\":\"https:\\\/\\\/bpk-archive.de\\\/tuellmann\\\/produkt\\\/kriegszerstoerungen-in-sidon-2\\\/#primaryimage\"},\"thumbnailUrl\":\"https:\\\/\\\/bpk-archive.de\\\/tuellmann\\\/wp-content\\\/uploads\\\/2019\\\/08\\\/bpk_70271621.jpg\",\"datePublished\":\"2019-09-05T12:12:47+00:00\",\"dateModified\":\"2019-09-05T12:12:49+00:00\",\"breadcrumb\":{\"@id\":\"https:\\\/\\\/bpk-archive.de\\\/tuellmann\\\/produkt\\\/kriegszerstoerungen-in-sidon-2\\\/#breadcrumb\"},\"inLanguage\":\"de\",\"potentialAction\":[{\"@type\":\"ReadAction\",\"target\":[\"https:\\\/\\\/bpk-archive.de\\\/tuellmann\\\/produkt\\\/kriegszerstoerungen-in-sidon-2\\\/\"]}]},{\"@type\":\"ImageObject\",\"inLanguage\":\"de\",\"@id\":\"https:\\\/\\\/bpk-archive.de\\\/tuellmann\\\/produkt\\\/kriegszerstoerungen-in-sidon-2\\\/#primaryimage\",\"url\":\"https:\\\/\\\/bpk-archive.de\\\/tuellmann\\\/wp-content\\\/uploads\\\/2019\\\/08\\\/bpk_70271621.jpg\",\"contentUrl\":\"https:\\\/\\\/bpk-archive.de\\\/tuellmann\\\/wp-content\\\/uploads\\\/2019\\\/08\\\/bpk_70271621.jpg\",\"width\":1200,\"height\":804,\"caption\":\"Kriegszerst\u00f6rungen in Sidon\"},{\"@type\":\"BreadcrumbList\",\"@id\":\"https:\\\/\\\/bpk-archive.de\\\/tuellmann\\\/produkt\\\/kriegszerstoerungen-in-sidon-2\\\/#breadcrumb\",\"itemListElement\":[{\"@type\":\"ListItem\",\"position\":1,\"name\":\"Startseite\",\"item\":\"https:\\\/\\\/bpk-archive.de\\\/tuellmann\\\/\"},{\"@type\":\"ListItem\",\"position\":2,\"name\":\"Shop\",\"item\":\"https:\\\/\\\/bpk-archive.de\\\/tuellmann\\\/shop\\\/\"},{\"@type\":\"ListItem\",\"position\":3,\"name\":\"Kriegszerst\u00f6rungen in Sidon\"}]},{\"@type\":\"WebSite\",\"@id\":\"https:\\\/\\\/bpk-archive.de\\\/tuellmann\\\/#website\",\"url\":\"https:\\\/\\\/bpk-archive.de\\\/tuellmann\\\/\",\"name\":\"Abisag T\u00fcllmann\",\"description\":\"Eine weitere WordPress-Website\",\"potentialAction\":[{\"@type\":\"SearchAction\",\"target\":{\"@type\":\"EntryPoint\",\"urlTemplate\":\"https:\\\/\\\/bpk-archive.de\\\/tuellmann\\\/?s={search_term_string}\"},\"query-input\":{\"@type\":\"PropertyValueSpecification\",\"valueRequired\":true,\"valueName\":\"search_term_string\"}}],\"inLanguage\":\"de\"}]}<\/script>\n<!-- \/ Yoast SEO plugin. -->","yoast_head_json":{"title":"Kriegszerst\u00f6rungen in Sidon - Abisag T\u00fcllmann","robots":{"index":"index","follow":"follow","max-snippet":"max-snippet:-1","max-image-preview":"max-image-preview:large","max-video-preview":"max-video-preview:-1"},"canonical":"https:\/\/bpk-archive.de\/tuellmann\/produkt\/kriegszerstoerungen-in-sidon-2\/","og_locale":"de_DE","og_type":"article","og_title":"Kriegszerst\u00f6rungen in Sidon - Abisag T\u00fcllmann","og_description":"R\u00fcckseitenbeschriftung von anderer Hand: &#8222;Libanon: Sidon&#8220;Aufnahmedatum: Juli 1982Material\/Technik: Foto \/ Silbergelatine auf BarytpapierBildformat (Foto): 19,9 x 30,5 cmAufnahmeort: Sidon \/ LibanonInventar-Nr.: T\u00fc 82\/075-27a","og_url":"https:\/\/bpk-archive.de\/tuellmann\/produkt\/kriegszerstoerungen-in-sidon-2\/","og_site_name":"Abisag T\u00fcllmann","article_modified_time":"2019-09-05T12:12:49+00:00","og_image":[{"width":1200,"height":804,"url":"https:\/\/bpk-archive.de\/tuellmann\/wp-content\/uploads\/2019\/08\/bpk_70271621.jpg","type":"image\/jpeg"}],"twitter_card":"summary_large_image","schema":{"@context":"https:\/\/schema.org","@graph":[{"@type":"WebPage","@id":"https:\/\/bpk-archive.de\/tuellmann\/produkt\/kriegszerstoerungen-in-sidon-2\/","url":"https:\/\/bpk-archive.de\/tuellmann\/produkt\/kriegszerstoerungen-in-sidon-2\/","name":"Kriegszerst\u00f6rungen in Sidon - Abisag T\u00fcllmann","isPartOf":{"@id":"https:\/\/bpk-archive.de\/tuellmann\/#website"},"primaryImageOfPage":{"@id":"https:\/\/bpk-archive.de\/tuellmann\/produkt\/kriegszerstoerungen-in-sidon-2\/#primaryimage"},"image":{"@id":"https:\/\/bpk-archive.de\/tuellmann\/produkt\/kriegszerstoerungen-in-sidon-2\/#primaryimage"},"thumbnailUrl":"https:\/\/bpk-archive.de\/tuellmann\/wp-content\/uploads\/2019\/08\/bpk_70271621.jpg","datePublished":"2019-09-05T12:12:47+00:00","dateModified":"2019-09-05T12:12:49+00:00","breadcrumb":{"@id":"https:\/\/bpk-archive.de\/tuellmann\/produkt\/kriegszerstoerungen-in-sidon-2\/#breadcrumb"},"inLanguage":"de","potentialAction":[{"@type":"ReadAction","target":["https:\/\/bpk-archive.de\/tuellmann\/produkt\/kriegszerstoerungen-in-sidon-2\/"]}]},{"@type":"ImageObject","inLanguage":"de","@id":"https:\/\/bpk-archive.de\/tuellmann\/produkt\/kriegszerstoerungen-in-sidon-2\/#primaryimage","url":"https:\/\/bpk-archive.de\/tuellmann\/wp-content\/uploads\/2019\/08\/bpk_70271621.jpg","contentUrl":"https:\/\/bpk-archive.de\/tuellmann\/wp-content\/uploads\/2019\/08\/bpk_70271621.jpg","width":1200,"height":804,"caption":"Kriegszerst\u00f6rungen in Sidon"},{"@type":"BreadcrumbList","@id":"https:\/\/bpk-archive.de\/tuellmann\/produkt\/kriegszerstoerungen-in-sidon-2\/#breadcrumb","itemListElement":[{"@type":"ListItem","position":1,"name":"Startseite","item":"https:\/\/bpk-archive.de\/tuellmann\/"},{"@type":"ListItem","position":2,"name":"Shop","item":"https:\/\/bpk-archive.de\/tuellmann\/shop\/"},{"@type":"ListItem","position":3,"name":"Kriegszerst\u00f6rungen in Sidon"}]},{"@type":"WebSite","@id":"https:\/\/bpk-archive.de\/tuellmann\/#website","url":"https:\/\/bpk-archive.de\/tuellmann\/","name":"Abisag T\u00fcllmann","description":"Eine weitere WordPress-Website","potentialAction":[{"@type":"SearchAction","target":{"@type":"EntryPoint","urlTemplate":"https:\/\/bpk-archive.de\/tuellmann\/?s={search_term_string}"},"query-input":{"@type":"PropertyValueSpecification","valueRequired":true,"valueName":"search_term_string"}}],"inLanguage":"de"}]}},"_links":{"self":[{"href":"https:\/\/bpk-archive.de\/tuellmann\/wp-json\/wp\/v2\/product\/70295072","targetHints":{"allow":["GET"]}}],"collection":[{"href":"https:\/\/bpk-archive.de\/tuellmann\/wp-json\/wp\/v2\/product"}],"about":[{"href":"https:\/\/bpk-archive.de\/tuellmann\/wp-json\/wp\/v2\/types\/product"}],"wp:featuredmedia":[{"embeddable":true,"href":"https:\/\/bpk-archive.de\/tuellmann\/wp-json\/wp\/v2\/media\/70292876"}],"wp:attachment":[{"href":"https:\/\/bpk-archive.de\/tuellmann\/wp-json\/wp\/v2\/media?parent=70295072"}],"wp:term":[{"taxonomy":"product_brand","embeddable":true,"href":"https:\/\/bpk-archive.de\/tuellmann\/wp-json\/wp\/v2\/product_brand?post=70295072"},{"taxonomy":"product_cat","embeddable":true,"href":"https:\/\/bpk-archive.de\/tuellmann\/wp-json\/wp\/v2\/product_cat?post=70295072"},{"taxonomy":"product_tag","embeddable":true,"href":"https:\/\/bpk-archive.de\/tuellmann\/wp-json\/wp\/v2\/product_tag?post=70295072"}],"curies":[{"name":"wp","href":"https:\/\/api.w.org\/{rel}","templated":true}]}}