{"id":70295065,"date":"2019-09-05T15:00:34","date_gmt":"2019-09-05T13:00:34","guid":{"rendered":"http:\/\/abisagtuellmann.bpk-news.de\/atbild\/zerbombte-haeuser-in-beirut\/"},"modified":"2019-09-05T15:00:40","modified_gmt":"2019-09-05T13:00:40","slug":"zerbombte-haeuser-in-beirut","status":"publish","type":"product","link":"https:\/\/bpk-archive.de\/tuellmann\/produkt\/zerbombte-haeuser-in-beirut\/","title":{"rendered":"Zerbombte H\u00e4user in Beirut"},"content":{"rendered":"<p>R\u00fcckseitenbeschriftung von Hand der Fotografin: &#8222;Beirut&#8220;<\/p>\n","protected":false},"excerpt":{"rendered":"<p>R\u00fcckseitenbeschriftung von Hand der Fotografin: &#8222;Beirut&#8220;<\/p>\n","protected":false},"featured_media":70292885,"template":"","meta":[],"product_brand":[],"product_cat":[],"product_tag":[47237,13232,13234,13231,13233,47238,47239,13777,47240,47241,13250,47365,47366,47367,47242,47243,47244,47245,47246,47247,47248,47249,47250,47251,47252,47253,47254,47255,47494,47495,47496,47256,47257,47258,47259,13260,13293,13786,13787,13294,13295,13296,13297,47267,47377,14066,47497,47498,47383,47384,47385,47386,13301,47278,47279,47280,47281,47282,47283,47284,47295,47296,47297,47390,47391,47299,47300,47301,47302,47304,47305,47306,47307,47308,47309,47499,47500,47501,47502,47503,47319,47320,47322,47321,47323,13328,13827,13828,13329,13330,13331,13332,47332,13843,47333,47334,47335,47336,47337,47404,47405,13877,13879,47480,13865,13864,13866,13858,13859,13860,13861,13862,13863,13869,13870,13871,13872,47406,47407,13878,13880,47485,47412,47413,47488,47504,47505,47506,47343,47344,47345,47346,47347,47348],"class_list":{"0":"post-70295065","1":"product","2":"type-product","3":"status-publish","4":"has-post-thumbnail","6":"product_tag-1980er-jahre","7":"product_tag-20-jahrhundert-nach-chr","8":"product_tag-20-jh-n-chr","9":"product_tag-20-jahrhundert","10":"product_tag-20-jh","11":"product_tag-80er","12":"product_tag-abt_001","13":"product_tag-abzug","14":"product_tag-achtziger","15":"product_tag-at_israel","16":"product_tag-aussen","17":"product_tag-bauten","18":"product_tag-bauwerk","19":"product_tag-bauwerke","20":"product_tag-besatzungsmacht","21":"product_tag-besatzungsmaechte","22":"product_tag-besatzungsmaechten","23":"product_tag-besatzungszeit","24":"product_tag-besatzungszone","25":"product_tag-besatzungszonen","26":"product_tag-besetzen","27":"product_tag-besetzt","28":"product_tag-besetzte","29":"product_tag-besetzten","30":"product_tag-besetzter","31":"product_tag-besetztes","32":"product_tag-besetzung","33":"product_tag-besetzungen","34":"product_tag-bombardement","35":"product_tag-bombenabwurf","36":"product_tag-bombenangriff","37":"product_tag-bombenschaden","38":"product_tag-buergerkrieg","39":"product_tag-buergerkriege","40":"product_tag-buergerkrieges","41":"product_tag-draussen","42":"product_tag-foto","43":"product_tag-fotoabzug","44":"product_tag-fotoabzuege","45":"product_tag-fotografie","46":"product_tag-fotografien","47":"product_tag-fotografin","48":"product_tag-fotografinnen","49":"product_tag-fotoreportage","50":"product_tag-gebaeude","51":"product_tag-geschichte","52":"product_tag-hauptstadt","53":"product_tag-hauptstaedte","54":"product_tag-haus","55":"product_tag-haeuser","56":"product_tag-haeusern","57":"product_tag-hauses","58":"product_tag-im-freien","59":"product_tag-invasion","60":"product_tag-israel","61":"product_tag-israelisch","62":"product_tag-israelische","63":"product_tag-israelischer","64":"product_tag-israelisches","65":"product_tag-israels","66":"product_tag-krieg","67":"product_tag-kriege","68":"product_tag-krieges","69":"product_tag-kriegsruine","70":"product_tag-kriegsruinen","71":"product_tag-kriegszerstoerung","72":"product_tag-kriegszerstoerungen","73":"product_tag-krise","74":"product_tag-krisen","75":"product_tag-libanesisch","76":"product_tag-libanesische","77":"product_tag-libanesischen","78":"product_tag-libanesischer","79":"product_tag-libanesisches","80":"product_tag-libanon","81":"product_tag-menschenleer","82":"product_tag-menschenleere","83":"product_tag-menschenleeren","84":"product_tag-menschenleerer","85":"product_tag-menschenleeres","86":"product_tag-naher-osten","87":"product_tag-nahost","88":"product_tag-nahost-konflikt","89":"product_tag-nahostkonflikt","90":"product_tag-okkupation","91":"product_tag-photo","92":"product_tag-photoabzug","93":"product_tag-photoabzuege","94":"product_tag-photographie","95":"product_tag-photographien","96":"product_tag-photographin","97":"product_tag-photographinnen","98":"product_tag-photoreportage","99":"product_tag-print","100":"product_tag-reportage","101":"product_tag-reportagefoto","102":"product_tag-reportagefotografie","103":"product_tag-reportagephoto","104":"product_tag-reportagephotographie","105":"product_tag-ruine","106":"product_tag-ruinen","107":"product_tag-s-w-fotografie","108":"product_tag-s-w-photographie","109":"product_tag-schutt","110":"product_tag-schwarzweissphotographie","111":"product_tag-schwarz-weiss-fotografie","112":"product_tag-schwarz-weiss-photographie","113":"product_tag-schwarzweiss","114":"product_tag-schwarzweisse","115":"product_tag-schwarzweissen","116":"product_tag-schwarzweisser","117":"product_tag-schwarzweisses","118":"product_tag-schwarzweissfotografie","119":"product_tag-silbergelatine","120":"product_tag-silbergelatineabzug","121":"product_tag-silbergelatineabzuege","122":"product_tag-silbergelatineprint","123":"product_tag-stadt","124":"product_tag-staedte","125":"product_tag-sw-fotografie","126":"product_tag-sw-photographie","127":"product_tag-truemmer","128":"product_tag-truemmerlandschaft","129":"product_tag-truemmerlandschaften","130":"product_tag-truemmern","131":"product_tag-wohngebaeude","132":"product_tag-wohnhaus","133":"product_tag-wohnhaeuser","134":"product_tag-zeitgeschichte","135":"product_tag-zerbombt","136":"product_tag-zerbombte","137":"product_tag-zerbombten","138":"product_tag-zerbombter","139":"product_tag-zerbombtes","140":"pa_datierung-juli-1982","141":"pa_fotograf-abisag-tuellmann","142":"pa_geografischer_bezug-aufnahmeort-beirut-libanon","143":"pa_grunddaten_material_technik-foto-silbergelatine-auf-barytpapier","144":"pa_inventarnummer-tue-82-081-05","145":"pa_jahr_von-47235","146":"pa_massangaben-bildformat-foto-198-x-303-cm","147":"pa_mediennummer-47490","148":"pa_objekt_typ-fotografie","150":"first","151":"instock","152":"product-type-simple"},"yoast_head":"<!-- This site is optimized with the Yoast SEO plugin v27.4 - https:\/\/yoast.com\/product\/yoast-seo-wordpress\/ -->\n<title>Zerbombte H\u00e4user in Beirut - Abisag T\u00fcllmann<\/title>\n<meta name=\"robots\" content=\"index, follow, max-snippet:-1, max-image-preview:large, max-video-preview:-1\" \/>\n<link rel=\"canonical\" href=\"https:\/\/bpk-archive.de\/tuellmann\/produkt\/zerbombte-haeuser-in-beirut\/\" \/>\n<meta property=\"og:locale\" content=\"de_DE\" \/>\n<meta property=\"og:type\" content=\"article\" \/>\n<meta property=\"og:title\" content=\"Zerbombte H\u00e4user in Beirut - Abisag T\u00fcllmann\" \/>\n<meta property=\"og:description\" content=\"R\u00fcckseitenbeschriftung von Hand der Fotografin: &#8222;Beirut&#8220;\" \/>\n<meta property=\"og:url\" content=\"https:\/\/bpk-archive.de\/tuellmann\/produkt\/zerbombte-haeuser-in-beirut\/\" \/>\n<meta property=\"og:site_name\" content=\"Abisag T\u00fcllmann\" \/>\n<meta property=\"article:modified_time\" content=\"2019-09-05T13:00:40+00:00\" \/>\n<meta property=\"og:image\" content=\"https:\/\/bpk-archive.de\/tuellmann\/wp-content\/uploads\/2019\/08\/bpk_70271624.jpg\" \/>\n\t<meta property=\"og:image:width\" content=\"1200\" \/>\n\t<meta property=\"og:image:height\" content=\"796\" \/>\n\t<meta property=\"og:image:type\" content=\"image\/jpeg\" \/>\n<meta name=\"twitter:card\" content=\"summary_large_image\" \/>\n<script type=\"application\/ld+json\" class=\"yoast-schema-graph\">{\"@context\":\"https:\\\/\\\/schema.org\",\"@graph\":[{\"@type\":\"WebPage\",\"@id\":\"https:\\\/\\\/bpk-archive.de\\\/tuellmann\\\/produkt\\\/zerbombte-haeuser-in-beirut\\\/\",\"url\":\"https:\\\/\\\/bpk-archive.de\\\/tuellmann\\\/produkt\\\/zerbombte-haeuser-in-beirut\\\/\",\"name\":\"Zerbombte H\u00e4user in Beirut - Abisag T\u00fcllmann\",\"isPartOf\":{\"@id\":\"https:\\\/\\\/bpk-archive.de\\\/tuellmann\\\/#website\"},\"primaryImageOfPage\":{\"@id\":\"https:\\\/\\\/bpk-archive.de\\\/tuellmann\\\/produkt\\\/zerbombte-haeuser-in-beirut\\\/#primaryimage\"},\"image\":{\"@id\":\"https:\\\/\\\/bpk-archive.de\\\/tuellmann\\\/produkt\\\/zerbombte-haeuser-in-beirut\\\/#primaryimage\"},\"thumbnailUrl\":\"https:\\\/\\\/bpk-archive.de\\\/tuellmann\\\/wp-content\\\/uploads\\\/2019\\\/08\\\/bpk_70271624.jpg\",\"datePublished\":\"2019-09-05T13:00:34+00:00\",\"dateModified\":\"2019-09-05T13:00:40+00:00\",\"breadcrumb\":{\"@id\":\"https:\\\/\\\/bpk-archive.de\\\/tuellmann\\\/produkt\\\/zerbombte-haeuser-in-beirut\\\/#breadcrumb\"},\"inLanguage\":\"de\",\"potentialAction\":[{\"@type\":\"ReadAction\",\"target\":[\"https:\\\/\\\/bpk-archive.de\\\/tuellmann\\\/produkt\\\/zerbombte-haeuser-in-beirut\\\/\"]}]},{\"@type\":\"ImageObject\",\"inLanguage\":\"de\",\"@id\":\"https:\\\/\\\/bpk-archive.de\\\/tuellmann\\\/produkt\\\/zerbombte-haeuser-in-beirut\\\/#primaryimage\",\"url\":\"https:\\\/\\\/bpk-archive.de\\\/tuellmann\\\/wp-content\\\/uploads\\\/2019\\\/08\\\/bpk_70271624.jpg\",\"contentUrl\":\"https:\\\/\\\/bpk-archive.de\\\/tuellmann\\\/wp-content\\\/uploads\\\/2019\\\/08\\\/bpk_70271624.jpg\",\"width\":1200,\"height\":796,\"caption\":\"Zerbombte H\u00e4user in Beirut\"},{\"@type\":\"BreadcrumbList\",\"@id\":\"https:\\\/\\\/bpk-archive.de\\\/tuellmann\\\/produkt\\\/zerbombte-haeuser-in-beirut\\\/#breadcrumb\",\"itemListElement\":[{\"@type\":\"ListItem\",\"position\":1,\"name\":\"Startseite\",\"item\":\"https:\\\/\\\/bpk-archive.de\\\/tuellmann\\\/\"},{\"@type\":\"ListItem\",\"position\":2,\"name\":\"Shop\",\"item\":\"https:\\\/\\\/bpk-archive.de\\\/tuellmann\\\/shop\\\/\"},{\"@type\":\"ListItem\",\"position\":3,\"name\":\"Zerbombte H\u00e4user in Beirut\"}]},{\"@type\":\"WebSite\",\"@id\":\"https:\\\/\\\/bpk-archive.de\\\/tuellmann\\\/#website\",\"url\":\"https:\\\/\\\/bpk-archive.de\\\/tuellmann\\\/\",\"name\":\"Abisag T\u00fcllmann\",\"description\":\"Eine weitere WordPress-Website\",\"potentialAction\":[{\"@type\":\"SearchAction\",\"target\":{\"@type\":\"EntryPoint\",\"urlTemplate\":\"https:\\\/\\\/bpk-archive.de\\\/tuellmann\\\/?s={search_term_string}\"},\"query-input\":{\"@type\":\"PropertyValueSpecification\",\"valueRequired\":true,\"valueName\":\"search_term_string\"}}],\"inLanguage\":\"de\"}]}<\/script>\n<!-- \/ Yoast SEO plugin. -->","yoast_head_json":{"title":"Zerbombte H\u00e4user in Beirut - Abisag T\u00fcllmann","robots":{"index":"index","follow":"follow","max-snippet":"max-snippet:-1","max-image-preview":"max-image-preview:large","max-video-preview":"max-video-preview:-1"},"canonical":"https:\/\/bpk-archive.de\/tuellmann\/produkt\/zerbombte-haeuser-in-beirut\/","og_locale":"de_DE","og_type":"article","og_title":"Zerbombte H\u00e4user in Beirut - Abisag T\u00fcllmann","og_description":"R\u00fcckseitenbeschriftung von Hand der Fotografin: &#8222;Beirut&#8220;","og_url":"https:\/\/bpk-archive.de\/tuellmann\/produkt\/zerbombte-haeuser-in-beirut\/","og_site_name":"Abisag T\u00fcllmann","article_modified_time":"2019-09-05T13:00:40+00:00","og_image":[{"width":1200,"height":796,"url":"https:\/\/bpk-archive.de\/tuellmann\/wp-content\/uploads\/2019\/08\/bpk_70271624.jpg","type":"image\/jpeg"}],"twitter_card":"summary_large_image","schema":{"@context":"https:\/\/schema.org","@graph":[{"@type":"WebPage","@id":"https:\/\/bpk-archive.de\/tuellmann\/produkt\/zerbombte-haeuser-in-beirut\/","url":"https:\/\/bpk-archive.de\/tuellmann\/produkt\/zerbombte-haeuser-in-beirut\/","name":"Zerbombte H\u00e4user in Beirut - Abisag T\u00fcllmann","isPartOf":{"@id":"https:\/\/bpk-archive.de\/tuellmann\/#website"},"primaryImageOfPage":{"@id":"https:\/\/bpk-archive.de\/tuellmann\/produkt\/zerbombte-haeuser-in-beirut\/#primaryimage"},"image":{"@id":"https:\/\/bpk-archive.de\/tuellmann\/produkt\/zerbombte-haeuser-in-beirut\/#primaryimage"},"thumbnailUrl":"https:\/\/bpk-archive.de\/tuellmann\/wp-content\/uploads\/2019\/08\/bpk_70271624.jpg","datePublished":"2019-09-05T13:00:34+00:00","dateModified":"2019-09-05T13:00:40+00:00","breadcrumb":{"@id":"https:\/\/bpk-archive.de\/tuellmann\/produkt\/zerbombte-haeuser-in-beirut\/#breadcrumb"},"inLanguage":"de","potentialAction":[{"@type":"ReadAction","target":["https:\/\/bpk-archive.de\/tuellmann\/produkt\/zerbombte-haeuser-in-beirut\/"]}]},{"@type":"ImageObject","inLanguage":"de","@id":"https:\/\/bpk-archive.de\/tuellmann\/produkt\/zerbombte-haeuser-in-beirut\/#primaryimage","url":"https:\/\/bpk-archive.de\/tuellmann\/wp-content\/uploads\/2019\/08\/bpk_70271624.jpg","contentUrl":"https:\/\/bpk-archive.de\/tuellmann\/wp-content\/uploads\/2019\/08\/bpk_70271624.jpg","width":1200,"height":796,"caption":"Zerbombte H\u00e4user in Beirut"},{"@type":"BreadcrumbList","@id":"https:\/\/bpk-archive.de\/tuellmann\/produkt\/zerbombte-haeuser-in-beirut\/#breadcrumb","itemListElement":[{"@type":"ListItem","position":1,"name":"Startseite","item":"https:\/\/bpk-archive.de\/tuellmann\/"},{"@type":"ListItem","position":2,"name":"Shop","item":"https:\/\/bpk-archive.de\/tuellmann\/shop\/"},{"@type":"ListItem","position":3,"name":"Zerbombte H\u00e4user in Beirut"}]},{"@type":"WebSite","@id":"https:\/\/bpk-archive.de\/tuellmann\/#website","url":"https:\/\/bpk-archive.de\/tuellmann\/","name":"Abisag T\u00fcllmann","description":"Eine weitere WordPress-Website","potentialAction":[{"@type":"SearchAction","target":{"@type":"EntryPoint","urlTemplate":"https:\/\/bpk-archive.de\/tuellmann\/?s={search_term_string}"},"query-input":{"@type":"PropertyValueSpecification","valueRequired":true,"valueName":"search_term_string"}}],"inLanguage":"de"}]}},"_links":{"self":[{"href":"https:\/\/bpk-archive.de\/tuellmann\/wp-json\/wp\/v2\/product\/70295065","targetHints":{"allow":["GET"]}}],"collection":[{"href":"https:\/\/bpk-archive.de\/tuellmann\/wp-json\/wp\/v2\/product"}],"about":[{"href":"https:\/\/bpk-archive.de\/tuellmann\/wp-json\/wp\/v2\/types\/product"}],"wp:featuredmedia":[{"embeddable":true,"href":"https:\/\/bpk-archive.de\/tuellmann\/wp-json\/wp\/v2\/media\/70292885"}],"wp:attachment":[{"href":"https:\/\/bpk-archive.de\/tuellmann\/wp-json\/wp\/v2\/media?parent=70295065"}],"wp:term":[{"taxonomy":"product_brand","embeddable":true,"href":"https:\/\/bpk-archive.de\/tuellmann\/wp-json\/wp\/v2\/product_brand?post=70295065"},{"taxonomy":"product_cat","embeddable":true,"href":"https:\/\/bpk-archive.de\/tuellmann\/wp-json\/wp\/v2\/product_cat?post=70295065"},{"taxonomy":"product_tag","embeddable":true,"href":"https:\/\/bpk-archive.de\/tuellmann\/wp-json\/wp\/v2\/product_tag?post=70295065"}],"curies":[{"name":"wp","href":"https:\/\/api.w.org\/{rel}","templated":true}]}}