{"id":56,"date":"2017-08-23T16:23:04","date_gmt":"2017-08-23T14:23:04","guid":{"rendered":"http:\/\/abisagtuellmann.bpk-news.de\/?page_id=56"},"modified":"2025-10-21T14:09:13","modified_gmt":"2025-10-21T12:09:13","slug":"impressum","status":"publish","type":"page","link":"https:\/\/bpk-archive.de\/tuellmann\/impressum\/","title":{"rendered":"Impressum"},"content":{"rendered":"\n<style type=\"text\/css\" data-created_by=\"avia_inline_auto\" id=\"style-css-av-26ft4-65372942bd7d1eaeba0589ef8bb9754a\">\n.flex_column.av-26ft4-65372942bd7d1eaeba0589ef8bb9754a{\nborder-radius:0px 0px 0px 0px;\npadding:0px 0px 0px 0px;\n}\n<\/style>\n<div  class='flex_column av-26ft4-65372942bd7d1eaeba0589ef8bb9754a av_one_half  avia-builder-el-0  el_before_av_one_half  avia-builder-el-first  first flex_column_div av-zero-column-padding  '     ><section  class='av_textblock_section av-5q28-ed3645d00b6419dfb856e3d9f254648d '   itemscope=\"itemscope\" itemtype=\"https:\/\/schema.org\/CreativeWork\" ><div class='avia_textblock'  itemprop=\"text\" ><h3>Impressum<\/h3>\n<p>Die nachstehenden Informationen enthalten die gesetzlich vorgesehenen Pflichtangaben zur Anbieterkennzeichnung, sowie wichtige rechtliche Hinweise zur Internetpr\u00e4senz der bpk-Bildagentur.<\/p>\n<h4>Urheberrechtsschutz<\/h4>\n<p>Alle Bildmotive dieser Webseite sind urheberrechtlich gesch\u00fctzt. Jede Art der Nutzung von Bildinhalten dieser Webseite insbesondere der Download von -Bilddaten sowie die Verwendung, Weitergabe und Vervielf\u00e4ltigung ist ausschlie\u00dflich unter den Bedingungen der folgenden CC-Lizenzen gestattet: BY-NC-ND (Namensnennung &#8211; Nicht-kommerziell &#8211; Keine Bearbeitung).<\/p>\n<p>Kommerzielle (gewerbliche und werbliche) Nutzungen m\u00fcssen \u00fcber die Webseite der bpk-Bildagentur: <a href=\"https:\/\/www.bpk-bildagentur.de\/\" target=\"_blank\" rel=\"noopener\"><span style=\"color: #0000ff;\">www.bpk-bildagentur.de<\/span><\/a> angefragt werden. Es gelten die Allgemeinen Gesch\u00e4ftsbedingungen der bpk-Bildagentur (AGB).<\/p>\n<h4>Anbieter<\/h4>\n<p>Anbieter dieser Internetpr\u00e4senz ist im Rechtssinne die bpk-Bildagentur, eine Abteilung der Staatsbibliothek zu Berlin \u2013 Preu\u00dfischer Kulturbesitz, die eine Einrichtung der Stiftung Preu\u00dfischer Kulturbesitz ist.<\/p>\n<p>bpk-Bildagentur<br \/>\nM\u00e4rkisches Ufer 16-18<br \/>\nD-10179 Berlin<br \/>\nTel. +49 (0)30\/266 43 67 &#8211; 00<br \/>\n<span style=\"color: #0000ff;\"><a style=\"color: #0000ff;\" href=\"https:\/\/www.bpk-bildagentur.de\/\" target=\"_blank\" rel=\"noopener\">www.bpk-bildagentur.de<\/a><\/span><br \/>\nkontakt[at]bpk-bildagentur.de<\/p>\n<h4>Vertreter<\/h4>\n<p>Die bpk-Bildagentur wird gesetzlich vertreten durch ihre Leiterin Frau Karen Tieth.<\/p>\n<h4>Umsatzsteueridentifikationsnummer<\/h4>\n<p>Die Umsatzsteuer-Identifikationsnummer<br \/>\nder Bildagentur bpk lautet:<br \/>\nDE 338 204 900<\/p>\n<h4>Redaktionsverantwortlicher<\/h4>\n<p>Redaktionsverantwortliche f\u00fcr die Internetpr\u00e4senz der bpk-Bildagentur ist:<br \/>\nKaren Tieth<br \/>\nbpk-Bildagentur<\/p>\n<h4>Konzept und Screen-Design<\/h4>\n<p>Christina Stehr, Kristina Lowis, Stefan Geiser<\/p>\n<h4>Haftungshinweis<\/h4>\n<p>Trotz sorgf\u00e4ltiger inhaltlicher Kontrolle \u00fcbernehmen wir keine Haftung f\u00fcr die Inhalte externer Links.<br \/>\nF\u00fcr den Inhalt der verlinkten Seiten sind ausschlie\u00dflich deren Betreiber verantwortlich.<br \/>\nBitte wenden Sie sich bei Anfragen f\u00fcr Lizenzen, weitergehendem Forschungsinteresse oder Hinweisen zur Webseite an:<br \/>\nkontakt[at]bpk-bildagentur.de<\/p>\n<\/div><\/section><\/div>\n<style type=\"text\/css\" data-created_by=\"avia_inline_auto\" id=\"style-css-av-1259o-300274fa7b5e1a39544e68a61f198230\">\n.flex_column.av-1259o-300274fa7b5e1a39544e68a61f198230{\nborder-radius:0px 0px 0px 0px;\npadding:0px 0px 0px 0px;\n}\n<\/style>\n<div  class='flex_column av-1259o-300274fa7b5e1a39544e68a61f198230 av_one_half  avia-builder-el-2  el_after_av_one_half  avia-builder-el-last  flex_column_div av-zero-column-padding  '     ><\/div><\/p>\n","protected":false},"excerpt":{"rendered":"","protected":false},"author":1,"featured_media":0,"parent":0,"menu_order":0,"comment_status":"closed","ping_status":"open","template":"","meta":{"footnotes":""},"class_list":["post-56","page","type-page","status-publish","hentry"],"yoast_head":"<!-- This site is optimized with the Yoast SEO plugin v27.3 - https:\/\/yoast.com\/product\/yoast-seo-wordpress\/ -->\n<title>Impressum - Abisag T\u00fcllmann<\/title>\n<meta name=\"robots\" content=\"index, follow, max-snippet:-1, max-image-preview:large, max-video-preview:-1\" \/>\n<link rel=\"canonical\" href=\"https:\/\/bpk-archive.de\/tuellmann\/impressum\/\" \/>\n<meta property=\"og:locale\" content=\"de_DE\" \/>\n<meta property=\"og:type\" content=\"article\" \/>\n<meta property=\"og:title\" content=\"Impressum - Abisag T\u00fcllmann\" \/>\n<meta property=\"og:url\" content=\"https:\/\/bpk-archive.de\/tuellmann\/impressum\/\" \/>\n<meta property=\"og:site_name\" content=\"Abisag T\u00fcllmann\" \/>\n<meta property=\"article:modified_time\" content=\"2025-10-21T12:09:13+00:00\" \/>\n<meta name=\"twitter:card\" content=\"summary_large_image\" \/>\n<meta name=\"twitter:label1\" content=\"Gesch\u00e4tzte Lesezeit\" \/>\n\t<meta name=\"twitter:data1\" content=\"2\u00a0Minuten\" \/>\n<script type=\"application\/ld+json\" class=\"yoast-schema-graph\">{\"@context\":\"https:\\\/\\\/schema.org\",\"@graph\":[{\"@type\":\"WebPage\",\"@id\":\"https:\\\/\\\/bpk-archive.de\\\/tuellmann\\\/impressum\\\/\",\"url\":\"https:\\\/\\\/bpk-archive.de\\\/tuellmann\\\/impressum\\\/\",\"name\":\"Impressum - Abisag T\u00fcllmann\",\"isPartOf\":{\"@id\":\"https:\\\/\\\/bpk-archive.de\\\/tuellmann\\\/#website\"},\"datePublished\":\"2017-08-23T14:23:04+00:00\",\"dateModified\":\"2025-10-21T12:09:13+00:00\",\"breadcrumb\":{\"@id\":\"https:\\\/\\\/bpk-archive.de\\\/tuellmann\\\/impressum\\\/#breadcrumb\"},\"inLanguage\":\"de\",\"potentialAction\":[{\"@type\":\"ReadAction\",\"target\":[\"https:\\\/\\\/bpk-archive.de\\\/tuellmann\\\/impressum\\\/\"]}]},{\"@type\":\"BreadcrumbList\",\"@id\":\"https:\\\/\\\/bpk-archive.de\\\/tuellmann\\\/impressum\\\/#breadcrumb\",\"itemListElement\":[{\"@type\":\"ListItem\",\"position\":1,\"name\":\"Startseite\",\"item\":\"https:\\\/\\\/bpk-archive.de\\\/tuellmann\\\/\"},{\"@type\":\"ListItem\",\"position\":2,\"name\":\"Impressum\"}]},{\"@type\":\"WebSite\",\"@id\":\"https:\\\/\\\/bpk-archive.de\\\/tuellmann\\\/#website\",\"url\":\"https:\\\/\\\/bpk-archive.de\\\/tuellmann\\\/\",\"name\":\"Abisag T\u00fcllmann\",\"description\":\"Eine weitere WordPress-Website\",\"potentialAction\":[{\"@type\":\"SearchAction\",\"target\":{\"@type\":\"EntryPoint\",\"urlTemplate\":\"https:\\\/\\\/bpk-archive.de\\\/tuellmann\\\/?s={search_term_string}\"},\"query-input\":{\"@type\":\"PropertyValueSpecification\",\"valueRequired\":true,\"valueName\":\"search_term_string\"}}],\"inLanguage\":\"de\"}]}<\/script>\n<!-- \/ Yoast SEO plugin. -->","yoast_head_json":{"title":"Impressum - Abisag T\u00fcllmann","robots":{"index":"index","follow":"follow","max-snippet":"max-snippet:-1","max-image-preview":"max-image-preview:large","max-video-preview":"max-video-preview:-1"},"canonical":"https:\/\/bpk-archive.de\/tuellmann\/impressum\/","og_locale":"de_DE","og_type":"article","og_title":"Impressum - Abisag T\u00fcllmann","og_url":"https:\/\/bpk-archive.de\/tuellmann\/impressum\/","og_site_name":"Abisag T\u00fcllmann","article_modified_time":"2025-10-21T12:09:13+00:00","twitter_card":"summary_large_image","twitter_misc":{"Gesch\u00e4tzte Lesezeit":"2\u00a0Minuten"},"schema":{"@context":"https:\/\/schema.org","@graph":[{"@type":"WebPage","@id":"https:\/\/bpk-archive.de\/tuellmann\/impressum\/","url":"https:\/\/bpk-archive.de\/tuellmann\/impressum\/","name":"Impressum - Abisag T\u00fcllmann","isPartOf":{"@id":"https:\/\/bpk-archive.de\/tuellmann\/#website"},"datePublished":"2017-08-23T14:23:04+00:00","dateModified":"2025-10-21T12:09:13+00:00","breadcrumb":{"@id":"https:\/\/bpk-archive.de\/tuellmann\/impressum\/#breadcrumb"},"inLanguage":"de","potentialAction":[{"@type":"ReadAction","target":["https:\/\/bpk-archive.de\/tuellmann\/impressum\/"]}]},{"@type":"BreadcrumbList","@id":"https:\/\/bpk-archive.de\/tuellmann\/impressum\/#breadcrumb","itemListElement":[{"@type":"ListItem","position":1,"name":"Startseite","item":"https:\/\/bpk-archive.de\/tuellmann\/"},{"@type":"ListItem","position":2,"name":"Impressum"}]},{"@type":"WebSite","@id":"https:\/\/bpk-archive.de\/tuellmann\/#website","url":"https:\/\/bpk-archive.de\/tuellmann\/","name":"Abisag T\u00fcllmann","description":"Eine weitere WordPress-Website","potentialAction":[{"@type":"SearchAction","target":{"@type":"EntryPoint","urlTemplate":"https:\/\/bpk-archive.de\/tuellmann\/?s={search_term_string}"},"query-input":{"@type":"PropertyValueSpecification","valueRequired":true,"valueName":"search_term_string"}}],"inLanguage":"de"}]}},"_links":{"self":[{"href":"https:\/\/bpk-archive.de\/tuellmann\/wp-json\/wp\/v2\/pages\/56","targetHints":{"allow":["GET"]}}],"collection":[{"href":"https:\/\/bpk-archive.de\/tuellmann\/wp-json\/wp\/v2\/pages"}],"about":[{"href":"https:\/\/bpk-archive.de\/tuellmann\/wp-json\/wp\/v2\/types\/page"}],"author":[{"embeddable":true,"href":"https:\/\/bpk-archive.de\/tuellmann\/wp-json\/wp\/v2\/users\/1"}],"replies":[{"embeddable":true,"href":"https:\/\/bpk-archive.de\/tuellmann\/wp-json\/wp\/v2\/comments?post=56"}],"version-history":[{"count":14,"href":"https:\/\/bpk-archive.de\/tuellmann\/wp-json\/wp\/v2\/pages\/56\/revisions"}],"predecessor-version":[{"id":70318266,"href":"https:\/\/bpk-archive.de\/tuellmann\/wp-json\/wp\/v2\/pages\/56\/revisions\/70318266"}],"wp:attachment":[{"href":"https:\/\/bpk-archive.de\/tuellmann\/wp-json\/wp\/v2\/media?parent=56"}],"curies":[{"name":"wp","href":"https:\/\/api.w.org\/{rel}","templated":true}]}}