{"id":2425,"date":"2018-10-19T11:04:53","date_gmt":"2018-10-19T09:04:53","guid":{"rendered":"http:\/\/abisagtuellmann.bpk-news.de\/?page_id=2425"},"modified":"2020-09-15T17:02:09","modified_gmt":"2020-09-15T15:02:09","slug":"kunst","status":"publish","type":"page","link":"https:\/\/bpk-archive.de\/tuellmann\/zum-werk\/kultur\/kunst\/","title":{"rendered":"Kunst"},"content":{"rendered":"\n<style type=\"text\/css\" data-created_by=\"avia_inline_auto\" id=\"style-css-av-av_heading-71572ba84749cf6e3837629190da0238\">\n#top .av-special-heading.av-av_heading-71572ba84749cf6e3837629190da0238{\npadding-bottom:30px;\n}\nbody .av-special-heading.av-av_heading-71572ba84749cf6e3837629190da0238 .av-special-heading-tag .heading-char{\nfont-size:25px;\n}\n.av-special-heading.av-av_heading-71572ba84749cf6e3837629190da0238 .av-subheading{\nfont-size:15px;\n}\n<\/style>\n<div  class='av-special-heading av-av_heading-71572ba84749cf6e3837629190da0238 av-special-heading-h3  avia-builder-el-0  el_before_av_one_half  avia-builder-el-first '><h3 class='av-special-heading-tag '  itemprop=\"headline\"  >Kunst<\/h3><div class=\"special-heading-border\"><div class=\"special-heading-inner-border\"><\/div><\/div><\/div>\n\n<style type=\"text\/css\" data-created_by=\"avia_inline_auto\" id=\"style-css-av-jt47eh-8ef9214eb0e95ce2fb571a4c177e5c5f\">\n.flex_column.av-jt47eh-8ef9214eb0e95ce2fb571a4c177e5c5f{\nborder-radius:0px 0px 0px 0px;\npadding:0px 0px 0px 0px;\n}\n<\/style>\n<div  class='flex_column av-jt47eh-8ef9214eb0e95ce2fb571a4c177e5c5f av_one_half  avia-builder-el-1  el_after_av_heading  el_before_av_one_half  first flex_column_div av-zero-column-padding  '     ><section  class='av_textblock_section av-1sxde1-a19fa828ce01e9b91df947205e2d23a3 '   itemscope=\"itemscope\" itemtype=\"https:\/\/schema.org\/CreativeWork\" ><div class='avia_textblock'  itemprop=\"text\" ><p class=\"western\">Schon seit Studienzeiten unterhielt Abisag T\u00fcllmann enge Beziehungen zu Kunst, K\u00fcnstler*innen und Kunstinstitutionen. Seit den sp\u00e4ten 1950er Jahren \u00fcbernahm sie Auftr\u00e4ge von Frankfurter Galerien (z.B. Cordier und Prestel), befreundeten K\u00fcnstler*innen (Herbert Baumann, Sarah Schumann) und Museen (historisches museum frankfurt, Goethehaus) f\u00fcr Objektfotografie.<\/p>\n<p class=\"western\">Pers\u00f6nlich interessierten sie mit schmunzelnder Kamera Reaktionen und Haltungen der Beteiligten und Betrachtenden, sei es bei der <em>documenta<\/em> in Kassel (1959, 1964, 1968, 1977), der Biennale in Venedig (1962, 1968, 1970) oder bei alternativen Kunstereignissen. An ihren Bildern von Protagonist*innen und Publikum, Performances und Protesten l\u00e4sst sich die Genese des heutigen Kunstbetriebs unterhaltsam nachvollziehen. Ihr Archiv enth\u00e4lt Jugendportr\u00e4ts von Akteuren wie Bazon Brock, Harry Lybke, Klaus Staeck, aber auch Aufnahmen von Aktionen von Joseph Beuys.<\/p>\n<p class=\"western\">Hinweis: Aus rechtlichen Gr\u00fcnden k\u00f6nnen an dieser Stelle leider keine Aufnahmen mit Kunstwerken gezeigt werden. Ein Portfolio von T\u00fcllmanns Bildern aus dem Kunstbetrieb finden Sie auf der Webseite der bpk-Bildagentur.<br \/>\nKlicken Sie bitte <a href=\"https:\/\/www.bpk-bildagentur.de\/shop?EVENT=WEBSHOP_SEARCH&amp;SEARCHMODE=SERIES&amp;SHOWSERIES=1.192995517136005\" target=\"_blank\" rel=\"noopener noreferrer\"><strong>hier&gt;&gt;&gt;<\/strong><\/a><\/p>\n<\/div><\/section><\/div>\n\n<style type=\"text\/css\" data-created_by=\"avia_inline_auto\" id=\"style-css-av-1i6hx5-4f5919557712c97914c2ffa00c36ae36\">\n.flex_column.av-1i6hx5-4f5919557712c97914c2ffa00c36ae36{\nborder-radius:0px 0px 0px 0px;\npadding:0px 0px 0px 0px;\n}\n<\/style>\n<div  class='flex_column av-1i6hx5-4f5919557712c97914c2ffa00c36ae36 av_one_half  avia-builder-el-3  el_after_av_one_half  el_before_av_one_full  flex_column_div av-zero-column-padding  '     ><div  class='avia-slideshow av-e1c4zt-526193cff50a4cc350987b1e85142561 avia-slideshow-no scaling av_slideshow avia-slide-slider  avia-builder-el-4  avia-builder-el-no-sibling  av-slideshow-ui av-control-default av-slideshow-autoplay av-loop-endless av-loop-manual-endless av-default-height-applied avia-slideshow-1' data-slideshow-options=\"{&quot;animation&quot;:&quot;slide&quot;,&quot;autoplay&quot;:true,&quot;loop_autoplay&quot;:&quot;endless&quot;,&quot;interval&quot;:5,&quot;loop_manual&quot;:&quot;manual-endless&quot;,&quot;autoplay_stopper&quot;:false,&quot;noNavigation&quot;:false,&quot;bg_slider&quot;:false,&quot;keep_padding&quot;:false,&quot;hoverpause&quot;:false,&quot;show_slide_delay&quot;:0}\"  itemprop=\"image\" itemscope=\"itemscope\" itemtype=\"https:\/\/schema.org\/ImageObject\" ><ul class='avia-slideshow-inner ' style='padding-bottom: 80.75%;'><li  class='avia-slideshow-slide av-e1c4zt-526193cff50a4cc350987b1e85142561__0  slide-1 slide-odd'><div data-rel='slideshow-1' class='avia-slide-wrap '  title='Am 19. Februar 1971 fand in M\u00fcnchen die Deutschland-Premiere des Films statt\nR\u00fcckseitenbeschriftung von anderer Hand: &quot;Andy Warhol&quot;&lt;BR&gt;Aufnahmedatum: Februar 1971&lt;BR&gt;Material\/Technik: Foto \/ Silbergelatine auf Barytpapier&lt;BR&gt;Bildformat (Foto): 23,5 x 29,3 cm&lt;BR&gt;Aufnahmeort: Frankfurt am Main&lt;BR&gt;Inventar-Nr.: T\u00fc 71\/028-10a&lt;BR&gt;' ><img decoding=\"async\" fetchpriority=\"high\" class=\"wp-image-70292199 avia-img-lazy-loading-not-70292199\"  src=\"https:\/\/bpk-archive.de\/tuellmann\/wp-content\/uploads\/2019\/08\/bpk_70242782.jpg\" width=\"1200\" height=\"969\" title='Andy Warhol in Frankfurt anl\u00e4sslich der Vorf\u00fchrung seines Films &quot;Trash&quot;' alt=''  itemprop=\"thumbnailUrl\" srcset=\"https:\/\/bpk-archive.de\/tuellmann\/wp-content\/uploads\/2019\/08\/bpk_70242782.jpg 1200w, https:\/\/bpk-archive.de\/tuellmann\/wp-content\/uploads\/2019\/08\/bpk_70242782-300x242.jpg 300w, https:\/\/bpk-archive.de\/tuellmann\/wp-content\/uploads\/2019\/08\/bpk_70242782-768x620.jpg 768w, https:\/\/bpk-archive.de\/tuellmann\/wp-content\/uploads\/2019\/08\/bpk_70242782-495x400.jpg 495w, https:\/\/bpk-archive.de\/tuellmann\/wp-content\/uploads\/2019\/08\/bpk_70242782-705x569.jpg 705w, https:\/\/bpk-archive.de\/tuellmann\/wp-content\/uploads\/2019\/08\/bpk_70242782-600x485.jpg 600w\" sizes=\"(max-width: 1200px) 100vw, 1200px\" \/><\/div><\/li><li  class='avia-slideshow-slide av-e1c4zt-526193cff50a4cc350987b1e85142561__1  slide-2 slide-even'><div data-rel='slideshow-1' class='avia-slide-wrap '   ><img decoding=\"async\" fetchpriority=\"high\" class=\"wp-image-70315909 avia-img-lazy-loading-not-70315909\"  src=\"https:\/\/bpk-archive.de\/tuellmann\/wp-content\/uploads\/2020\/05\/bpk_00083242.jpg\" width=\"1200\" height=\"809\" title='Christos M. Joachimides (2.v.r.) im Gespr\u00e4ch auf der documenta 6 in Kassel' alt=''  itemprop=\"thumbnailUrl\" srcset=\"https:\/\/bpk-archive.de\/tuellmann\/wp-content\/uploads\/2020\/05\/bpk_00083242.jpg 1200w, https:\/\/bpk-archive.de\/tuellmann\/wp-content\/uploads\/2020\/05\/bpk_00083242-300x202.jpg 300w, https:\/\/bpk-archive.de\/tuellmann\/wp-content\/uploads\/2020\/05\/bpk_00083242-768x518.jpg 768w, https:\/\/bpk-archive.de\/tuellmann\/wp-content\/uploads\/2020\/05\/bpk_00083242-705x475.jpg 705w, https:\/\/bpk-archive.de\/tuellmann\/wp-content\/uploads\/2020\/05\/bpk_00083242-600x405.jpg 600w\" sizes=\"(max-width: 1200px) 100vw, 1200px\" \/><\/div><\/li><li  class='avia-slideshow-slide av-e1c4zt-526193cff50a4cc350987b1e85142561__2  slide-3 slide-odd'><div data-rel='slideshow-1' class='avia-slide-wrap '  title='Die II. documenta fand vom 11. Juli bis 1. Oktober 1959 in Kassel statt&lt;BR&gt;Aufnahmedatum: 1959&lt;BR&gt;Material\/Technik: Foto \/ Silbergelatine auf Barytpapier&lt;BR&gt;Bildformat (Foto): 23,2 x 29,5 cm&lt;BR&gt;Aufnahmeort: Kassel \/ Deutschland&lt;BR&gt;Inventar-Nr.: T\u00fc 59\/277-45&lt;BR&gt;' ><img decoding=\"async\" fetchpriority=\"high\" class=\"wp-image-70291849 avia-img-lazy-loading-not-70291849\"  src=\"https:\/\/bpk-archive.de\/tuellmann\/wp-content\/uploads\/2019\/08\/bpk_70240605.jpg\" width=\"1200\" height=\"956\" title='Ausstellungsbesucherin mit Hund auf der II. documenta' alt=''  itemprop=\"thumbnailUrl\" srcset=\"https:\/\/bpk-archive.de\/tuellmann\/wp-content\/uploads\/2019\/08\/bpk_70240605.jpg 1200w, https:\/\/bpk-archive.de\/tuellmann\/wp-content\/uploads\/2019\/08\/bpk_70240605-300x239.jpg 300w, https:\/\/bpk-archive.de\/tuellmann\/wp-content\/uploads\/2019\/08\/bpk_70240605-768x612.jpg 768w, https:\/\/bpk-archive.de\/tuellmann\/wp-content\/uploads\/2019\/08\/bpk_70240605-705x562.jpg 705w, https:\/\/bpk-archive.de\/tuellmann\/wp-content\/uploads\/2019\/08\/bpk_70240605-600x478.jpg 600w\" sizes=\"(max-width: 1200px) 100vw, 1200px\" \/><\/div><\/li><li  class='avia-slideshow-slide av-e1c4zt-526193cff50a4cc350987b1e85142561__3  slide-4 slide-even'><div data-rel='slideshow-1' class='avia-slide-wrap '  title='Aufnahmedatum: Mai 1964&lt;BR&gt;Material\/Technik: Foto \/ Silbergelatine auf Barytpapier&lt;BR&gt;Bildformat (Foto): 19,9 x 30,2 cm&lt;BR&gt;Aufnahmeort: Eppstein&lt;BR&gt;Inventar-Nr.: T\u00fc 64\/051-20&lt;BR&gt;' ><img decoding=\"async\" fetchpriority=\"high\" class=\"wp-image-70292259 avia-img-lazy-loading-not-70292259\"  src=\"https:\/\/bpk-archive.de\/tuellmann\/wp-content\/uploads\/2019\/08\/bpk_70242802.jpg\" width=\"1200\" height=\"808\" title='Das K\u00fcnstlerpaar Ella Bergmann-Michel und Robert Michel im Garten ihres Hauses' alt=''  itemprop=\"thumbnailUrl\" srcset=\"https:\/\/bpk-archive.de\/tuellmann\/wp-content\/uploads\/2019\/08\/bpk_70242802.jpg 1200w, https:\/\/bpk-archive.de\/tuellmann\/wp-content\/uploads\/2019\/08\/bpk_70242802-300x202.jpg 300w, https:\/\/bpk-archive.de\/tuellmann\/wp-content\/uploads\/2019\/08\/bpk_70242802-768x517.jpg 768w, https:\/\/bpk-archive.de\/tuellmann\/wp-content\/uploads\/2019\/08\/bpk_70242802-705x475.jpg 705w, https:\/\/bpk-archive.de\/tuellmann\/wp-content\/uploads\/2019\/08\/bpk_70242802-600x404.jpg 600w\" sizes=\"(max-width: 1200px) 100vw, 1200px\" \/><\/div><\/li><\/ul><div class='avia-slideshow-arrows avia-slideshow-controls' ><a href='#prev' class='prev-slide  avia-svg-icon avia-font-svg_entypo-fontello' data-av_svg_icon='left-open-big' data-av_iconset='svg_entypo-fontello' tabindex='-1' title=\"Zur\u00fcck\"><svg version=\"1.1\" xmlns=\"http:\/\/www.w3.org\/2000\/svg\" width=\"15\" height=\"32\" viewBox=\"0 0 15 32\" preserveAspectRatio=\"xMidYMid meet\" aria-labelledby='av-svg-title-1' aria-describedby='av-svg-desc-1' role=\"graphics-symbol\" aria-hidden=\"true\">\n<title id='av-svg-title-1'>Zur\u00fcck<\/title>\n<desc id='av-svg-desc-1'>Zur\u00fcck<\/desc>\n<path d=\"M14.464 27.84q0.832 0.832 0 1.536-0.832 0.832-1.536 0l-12.544-12.608q-0.768-0.768 0-1.6l12.544-12.608q0.704-0.832 1.536 0 0.832 0.704 0 1.536l-11.456 11.904z\"><\/path>\n<\/svg><span class='avia_hidden_link_text'>Zur\u00fcck<\/span><\/a><a href='#next' class='next-slide  avia-svg-icon avia-font-svg_entypo-fontello' data-av_svg_icon='right-open-big' data-av_iconset='svg_entypo-fontello' tabindex='-1' title=\"Weiter\"><svg version=\"1.1\" xmlns=\"http:\/\/www.w3.org\/2000\/svg\" width=\"15\" height=\"32\" viewBox=\"0 0 15 32\" preserveAspectRatio=\"xMidYMid meet\" aria-labelledby='av-svg-title-2' aria-describedby='av-svg-desc-2' role=\"graphics-symbol\" aria-hidden=\"true\">\n<title id='av-svg-title-2'>Weiter<\/title>\n<desc id='av-svg-desc-2'>Weiter<\/desc>\n<path d=\"M0.416 27.84l11.456-11.84-11.456-11.904q-0.832-0.832 0-1.536 0.832-0.832 1.536 0l12.544 12.608q0.768 0.832 0 1.6l-12.544 12.608q-0.704 0.832-1.536 0-0.832-0.704 0-1.536z\"><\/path>\n<\/svg><span class='avia_hidden_link_text'>Weiter<\/span><\/a><\/div><div class='avia-slideshow-dots avia-slideshow-controls'><a href='#1' class='goto-slide active' >1<\/a><a href='#2' class='goto-slide ' >2<\/a><a href='#3' class='goto-slide ' >3<\/a><a href='#4' class='goto-slide ' >4<\/a><\/div><\/div><\/div>\n\n<style type=\"text\/css\" data-created_by=\"avia_inline_auto\" id=\"style-css-av-1txdop-90fd4caee5eaf61f27018ef8530e589f\">\n.flex_column.av-1txdop-90fd4caee5eaf61f27018ef8530e589f{\nborder-radius:0px 0px 0px 0px;\npadding:0px 0px 0px 0px;\n}\n<\/style>\n<div  class='flex_column av-1txdop-90fd4caee5eaf61f27018ef8530e589f av_one_full  avia-builder-el-5  el_after_av_one_half  avia-builder-el-last  first flex_column_div av-zero-column-padding  column-top-margin'     ><style type=\"text\/css\" data-created_by=\"avia_inline_auto\" id=\"style-css-av-kev8ih6v-c1d4b0af8bf9c589c57645da6f5437b3\">\n.avia-image-container.av-kev8ih6v-c1d4b0af8bf9c589c57645da6f5437b3 img.avia_image{\nbox-shadow:none;\n}\n.avia-image-container.av-kev8ih6v-c1d4b0af8bf9c589c57645da6f5437b3 .av-image-caption-overlay-center{\ncolor:#ffffff;\n}\n<\/style>\n<div  class='avia-image-container av-kev8ih6v-c1d4b0af8bf9c589c57645da6f5437b3 av-styling- avia-align-center  avia-builder-el-6  avia-builder-el-no-sibling  single_image_akkordeon av-has-copyright av-copyright-always'   itemprop=\"image\" itemscope=\"itemscope\" itemtype=\"https:\/\/schema.org\/ImageObject\" ><div class=\"avia-image-container-inner\"><div class=\"avia-image-overlay-wrap\"><img decoding=\"async\" fetchpriority=\"high\" class='wp-image-70317355 avia-img-lazy-loading-not-70317355 avia_image ' src=\"https:\/\/bpk-archive.de\/tuellmann\/wp-content\/uploads\/2020\/08\/bpk_70240749.jpg\" alt='' title='Brief von Joseph Beuys an Abisag T\u00fcllmann, 1.6.1969'  height=\"1200\" width=\"872\"  itemprop=\"thumbnailUrl\" srcset=\"https:\/\/bpk-archive.de\/tuellmann\/wp-content\/uploads\/2020\/08\/bpk_70240749.jpg 872w, https:\/\/bpk-archive.de\/tuellmann\/wp-content\/uploads\/2020\/08\/bpk_70240749-218x300.jpg 218w, https:\/\/bpk-archive.de\/tuellmann\/wp-content\/uploads\/2020\/08\/bpk_70240749-748x1030.jpg 748w, https:\/\/bpk-archive.de\/tuellmann\/wp-content\/uploads\/2020\/08\/bpk_70240749-768x1057.jpg 768w, https:\/\/bpk-archive.de\/tuellmann\/wp-content\/uploads\/2020\/08\/bpk_70240749-512x705.jpg 512w, https:\/\/bpk-archive.de\/tuellmann\/wp-content\/uploads\/2020\/08\/bpk_70240749-300x413.jpg 300w, https:\/\/bpk-archive.de\/tuellmann\/wp-content\/uploads\/2020\/08\/bpk_70240749-600x826.jpg 600w\" sizes=\"(max-width: 872px) 100vw, 872px\" \/><\/div><small class=\"avia-copyright\">Brief von Joseph Beuys an Abisag T\u00fcllmann, 1.6.1969<\/small><\/div><\/div><\/div>\n","protected":false},"excerpt":{"rendered":"","protected":false},"author":2,"featured_media":0,"parent":415,"menu_order":0,"comment_status":"closed","ping_status":"closed","template":"","meta":{"footnotes":""},"class_list":["post-2425","page","type-page","status-publish","hentry"],"yoast_head":"<!-- This site is optimized with the Yoast SEO plugin v27.3 - https:\/\/yoast.com\/product\/yoast-seo-wordpress\/ -->\n<title>Kunst - Abisag T\u00fcllmann<\/title>\n<meta name=\"robots\" content=\"index, follow, max-snippet:-1, max-image-preview:large, max-video-preview:-1\" \/>\n<link rel=\"canonical\" href=\"https:\/\/bpk-archive.de\/tuellmann\/zum-werk\/kultur\/kunst\/\" \/>\n<meta property=\"og:locale\" content=\"de_DE\" \/>\n<meta property=\"og:type\" content=\"article\" \/>\n<meta property=\"og:title\" content=\"Kunst - Abisag T\u00fcllmann\" \/>\n<meta property=\"og:url\" content=\"https:\/\/bpk-archive.de\/tuellmann\/zum-werk\/kultur\/kunst\/\" \/>\n<meta property=\"og:site_name\" content=\"Abisag T\u00fcllmann\" \/>\n<meta property=\"article:modified_time\" content=\"2020-09-15T15:02:09+00:00\" \/>\n<meta name=\"twitter:card\" content=\"summary_large_image\" \/>\n<meta name=\"twitter:label1\" content=\"Gesch\u00e4tzte Lesezeit\" \/>\n\t<meta name=\"twitter:data1\" content=\"3\u00a0Minuten\" \/>\n<script type=\"application\/ld+json\" class=\"yoast-schema-graph\">{\"@context\":\"https:\\\/\\\/schema.org\",\"@graph\":[{\"@type\":\"WebPage\",\"@id\":\"https:\\\/\\\/bpk-archive.de\\\/tuellmann\\\/zum-werk\\\/kultur\\\/kunst\\\/\",\"url\":\"https:\\\/\\\/bpk-archive.de\\\/tuellmann\\\/zum-werk\\\/kultur\\\/kunst\\\/\",\"name\":\"Kunst - Abisag T\u00fcllmann\",\"isPartOf\":{\"@id\":\"https:\\\/\\\/bpk-archive.de\\\/tuellmann\\\/#website\"},\"datePublished\":\"2018-10-19T09:04:53+00:00\",\"dateModified\":\"2020-09-15T15:02:09+00:00\",\"breadcrumb\":{\"@id\":\"https:\\\/\\\/bpk-archive.de\\\/tuellmann\\\/zum-werk\\\/kultur\\\/kunst\\\/#breadcrumb\"},\"inLanguage\":\"de\",\"potentialAction\":[{\"@type\":\"ReadAction\",\"target\":[\"https:\\\/\\\/bpk-archive.de\\\/tuellmann\\\/zum-werk\\\/kultur\\\/kunst\\\/\"]}]},{\"@type\":\"BreadcrumbList\",\"@id\":\"https:\\\/\\\/bpk-archive.de\\\/tuellmann\\\/zum-werk\\\/kultur\\\/kunst\\\/#breadcrumb\",\"itemListElement\":[{\"@type\":\"ListItem\",\"position\":1,\"name\":\"Startseite\",\"item\":\"https:\\\/\\\/bpk-archive.de\\\/tuellmann\\\/\"},{\"@type\":\"ListItem\",\"position\":2,\"name\":\"Zum Werk\",\"item\":\"https:\\\/\\\/bpk-archive.de\\\/tuellmann\\\/zum-werk\\\/\"},{\"@type\":\"ListItem\",\"position\":3,\"name\":\"Kultur\",\"item\":\"https:\\\/\\\/bpk-archive.de\\\/tuellmann\\\/zum-werk\\\/kultur\\\/\"},{\"@type\":\"ListItem\",\"position\":4,\"name\":\"Kunst\"}]},{\"@type\":\"WebSite\",\"@id\":\"https:\\\/\\\/bpk-archive.de\\\/tuellmann\\\/#website\",\"url\":\"https:\\\/\\\/bpk-archive.de\\\/tuellmann\\\/\",\"name\":\"Abisag T\u00fcllmann\",\"description\":\"Eine weitere WordPress-Website\",\"potentialAction\":[{\"@type\":\"SearchAction\",\"target\":{\"@type\":\"EntryPoint\",\"urlTemplate\":\"https:\\\/\\\/bpk-archive.de\\\/tuellmann\\\/?s={search_term_string}\"},\"query-input\":{\"@type\":\"PropertyValueSpecification\",\"valueRequired\":true,\"valueName\":\"search_term_string\"}}],\"inLanguage\":\"de\"}]}<\/script>\n<!-- \/ Yoast SEO plugin. -->","yoast_head_json":{"title":"Kunst - Abisag T\u00fcllmann","robots":{"index":"index","follow":"follow","max-snippet":"max-snippet:-1","max-image-preview":"max-image-preview:large","max-video-preview":"max-video-preview:-1"},"canonical":"https:\/\/bpk-archive.de\/tuellmann\/zum-werk\/kultur\/kunst\/","og_locale":"de_DE","og_type":"article","og_title":"Kunst - Abisag T\u00fcllmann","og_url":"https:\/\/bpk-archive.de\/tuellmann\/zum-werk\/kultur\/kunst\/","og_site_name":"Abisag T\u00fcllmann","article_modified_time":"2020-09-15T15:02:09+00:00","twitter_card":"summary_large_image","twitter_misc":{"Gesch\u00e4tzte Lesezeit":"3\u00a0Minuten"},"schema":{"@context":"https:\/\/schema.org","@graph":[{"@type":"WebPage","@id":"https:\/\/bpk-archive.de\/tuellmann\/zum-werk\/kultur\/kunst\/","url":"https:\/\/bpk-archive.de\/tuellmann\/zum-werk\/kultur\/kunst\/","name":"Kunst - Abisag T\u00fcllmann","isPartOf":{"@id":"https:\/\/bpk-archive.de\/tuellmann\/#website"},"datePublished":"2018-10-19T09:04:53+00:00","dateModified":"2020-09-15T15:02:09+00:00","breadcrumb":{"@id":"https:\/\/bpk-archive.de\/tuellmann\/zum-werk\/kultur\/kunst\/#breadcrumb"},"inLanguage":"de","potentialAction":[{"@type":"ReadAction","target":["https:\/\/bpk-archive.de\/tuellmann\/zum-werk\/kultur\/kunst\/"]}]},{"@type":"BreadcrumbList","@id":"https:\/\/bpk-archive.de\/tuellmann\/zum-werk\/kultur\/kunst\/#breadcrumb","itemListElement":[{"@type":"ListItem","position":1,"name":"Startseite","item":"https:\/\/bpk-archive.de\/tuellmann\/"},{"@type":"ListItem","position":2,"name":"Zum Werk","item":"https:\/\/bpk-archive.de\/tuellmann\/zum-werk\/"},{"@type":"ListItem","position":3,"name":"Kultur","item":"https:\/\/bpk-archive.de\/tuellmann\/zum-werk\/kultur\/"},{"@type":"ListItem","position":4,"name":"Kunst"}]},{"@type":"WebSite","@id":"https:\/\/bpk-archive.de\/tuellmann\/#website","url":"https:\/\/bpk-archive.de\/tuellmann\/","name":"Abisag T\u00fcllmann","description":"Eine weitere WordPress-Website","potentialAction":[{"@type":"SearchAction","target":{"@type":"EntryPoint","urlTemplate":"https:\/\/bpk-archive.de\/tuellmann\/?s={search_term_string}"},"query-input":{"@type":"PropertyValueSpecification","valueRequired":true,"valueName":"search_term_string"}}],"inLanguage":"de"}]}},"_links":{"self":[{"href":"https:\/\/bpk-archive.de\/tuellmann\/wp-json\/wp\/v2\/pages\/2425","targetHints":{"allow":["GET"]}}],"collection":[{"href":"https:\/\/bpk-archive.de\/tuellmann\/wp-json\/wp\/v2\/pages"}],"about":[{"href":"https:\/\/bpk-archive.de\/tuellmann\/wp-json\/wp\/v2\/types\/page"}],"author":[{"embeddable":true,"href":"https:\/\/bpk-archive.de\/tuellmann\/wp-json\/wp\/v2\/users\/2"}],"replies":[{"embeddable":true,"href":"https:\/\/bpk-archive.de\/tuellmann\/wp-json\/wp\/v2\/comments?post=2425"}],"version-history":[{"count":30,"href":"https:\/\/bpk-archive.de\/tuellmann\/wp-json\/wp\/v2\/pages\/2425\/revisions"}],"predecessor-version":[{"id":70317903,"href":"https:\/\/bpk-archive.de\/tuellmann\/wp-json\/wp\/v2\/pages\/2425\/revisions\/70317903"}],"up":[{"embeddable":true,"href":"https:\/\/bpk-archive.de\/tuellmann\/wp-json\/wp\/v2\/pages\/415"}],"wp:attachment":[{"href":"https:\/\/bpk-archive.de\/tuellmann\/wp-json\/wp\/v2\/media?parent=2425"}],"curies":[{"name":"wp","href":"https:\/\/api.w.org\/{rel}","templated":true}]}}